{"id":724178,"date":"2025-08-27T19:30:25","date_gmt":"2025-08-27T16:30:25","guid":{"rendered":"https:\/\/roveyayinevi.com.tr\/index.php\/urun\/ilk-hafiza-kartlari-2-yas\/"},"modified":"2026-04-16T02:32:14","modified_gmt":"2026-04-15T23:32:14","slug":"ilk-hafiza-kartlari-2-yas","status":"publish","type":"product","link":"https:\/\/roveyayinevi.com.tr\/index.php\/urun\/ilk-hafiza-kartlari-2-yas\/","title":{"rendered":"\u0130lk Haf\u0131za Kartlar\u0131 +2 Ya\u015f"},"content":{"rendered":"<p>\u0130lk Haf\u0131za Kartlar\u0131 2 ya\u015f ve \u00fczeri \u00e7ocuklarda g\u00f6rsel alg\u0131n\u0131n g\u00fc\u00e7lenmesine, haf\u0131zan\u0131n geli\u015fmesine, benzerlik ve farkl\u0131l\u0131klar\u0131n ay\u0131rt edilmesine destek verir. Bakteri \u00fcretmeyen, do\u011fayla dost, geri d\u00f6n\u00fc\u015f\u00fcml\u00fc, esnek ve sa\u011fl\u0131kl\u0131 bir malzeme olan EVA ile \u00fcretilmi\u015f olan \u201c\u0130lk Haf\u0131za Kartlar\u0131\u201dn\u0131 2 ya\u015f ve \u00fczeri t\u00fcm \u00e7ocuklar i\u00e7in tavsiye ederim. B\u00fc\u015fra B\u00fcrc\u00fc Psikolog<\/p>\n","protected":false},"excerpt":{"rendered":"<p>\u0130lk Haf\u0131za Kartlar\u0131 2 ya\u015f ve \u00fczeri \u00e7ocuklarda g\u00f6rsel alg\u0131n\u0131n g\u00fc\u00e7lenmesine, haf\u0131zan\u0131n geli\u015fmesine, benzerlik ve farkl\u0131l\u0131klar\u0131n ay\u0131rt edilmesine destek verir. Bakteri \u00fcretmeyen, do\u011fayla dost, geri d\u00f6n\u00fc\u015f\u00fcml\u00fc,<span class=\"excerpt-hellip\"> [\u2026]<\/span><\/p>\n","protected":false},"featured_media":0,"template":"","meta":{"_monsterinsights_skip_tracking":false,"_monsterinsights_sitenote_active":false,"_monsterinsights_sitenote_note":"","_monsterinsights_sitenote_category":0},"product_brand":[],"product_cat":[12274,24599],"product_tag":[],"class_list":{"0":"post-724178","1":"product","2":"type-product","3":"status-publish","5":"product_cat-cocuk-ve-genclik-kitaplari","6":"product_cat-zeka-gelisimi","7":"pa_cilt-ciltsiz","8":"pa_tur-kitap20","9":"pa_yayinevi-parilti-yayinlari","10":"pa_yazar-kolektif","12":"first","13":"instock","14":"sale","15":"shipping-taxable","16":"purchasable","17":"product-type-simple"},"_links":{"self":[{"href":"https:\/\/roveyayinevi.com.tr\/index.php\/wp-json\/wp\/v2\/product\/724178","targetHints":{"allow":["GET"]}}],"collection":[{"href":"https:\/\/roveyayinevi.com.tr\/index.php\/wp-json\/wp\/v2\/product"}],"about":[{"href":"https:\/\/roveyayinevi.com.tr\/index.php\/wp-json\/wp\/v2\/types\/product"}],"wp:attachment":[{"href":"https:\/\/roveyayinevi.com.tr\/index.php\/wp-json\/wp\/v2\/media?parent=724178"}],"wp:term":[{"taxonomy":"product_brand","embeddable":true,"href":"https:\/\/roveyayinevi.com.tr\/index.php\/wp-json\/wp\/v2\/product_brand?post=724178"},{"taxonomy":"product_cat","embeddable":true,"href":"https:\/\/roveyayinevi.com.tr\/index.php\/wp-json\/wp\/v2\/product_cat?post=724178"},{"taxonomy":"product_tag","embeddable":true,"href":"https:\/\/roveyayinevi.com.tr\/index.php\/wp-json\/wp\/v2\/product_tag?post=724178"}],"curies":[{"name":"wp","href":"https:\/\/api.w.org\/{rel}","templated":true}]}}