{"id":724177,"date":"2025-08-27T19:30:24","date_gmt":"2025-08-27T16:30:24","guid":{"rendered":"https:\/\/roveyayinevi.com.tr\/index.php\/urun\/bebegimin-ilk-sayi-kartlari-2-yas\/"},"modified":"2026-04-16T02:32:14","modified_gmt":"2026-04-15T23:32:14","slug":"bebegimin-ilk-sayi-kartlari-2-yas","status":"publish","type":"product","link":"https:\/\/roveyayinevi.com.tr\/index.php\/urun\/bebegimin-ilk-sayi-kartlari-2-yas\/","title":{"rendered":"Bebe\u011fimin \u0130lk Say\u0131 Kartlar\u0131 2 Ya\u015f"},"content":{"rendered":"<p>Bebe\u011fimin \u0130lk Say\u0131 Kartlar\u0131 \u201cBebe\u011fimin \u0130lk Say\u0131 Kartlar\u0131\u201d \u00e7ocuklar\u0131n say\u0131lar\u0131 e\u011flenceli bir \u015fekilde \u00f6\u011frenmesine yard\u0131mc\u0131 olur. Kartlar; resimler ve renkler ile desteklendi\u011fi i\u00e7in \u00e7ocu\u011fun ilgisi kartlara y\u00f6nelir Aktiviteler sayesinde \u00f6\u011frenilen bilgi kal\u0131c\u0131 hale gelir. Bakteri \u00fcretmeyen, do\u011fayla dost, geri d\u00f6n\u00fc\u015f\u00fcml\u00fc, esnek ve sa\u011fl\u0131kl\u0131 bir malzeme olan EVA ile \u00fcretilmi\u015f olan \u201cBebe\u011fimin \u0130lk Say\u0131 Kartlar\u0131\u201dn\u0131 2 ya\u015f ve \u00fczeri t\u00fcm \u00e7ocuklar i\u00e7in tavsiye ederim. B\u00fc\u015fra B\u00fcrc\u00fc Psikolog<\/p>\n","protected":false},"excerpt":{"rendered":"<p>Bebe\u011fimin \u0130lk Say\u0131 Kartlar\u0131 \u201cBebe\u011fimin \u0130lk Say\u0131 Kartlar\u0131\u201d \u00e7ocuklar\u0131n say\u0131lar\u0131 e\u011flenceli bir \u015fekilde \u00f6\u011frenmesine yard\u0131mc\u0131 olur. Kartlar; resimler ve renkler ile desteklendi\u011fi i\u00e7in \u00e7ocu\u011fun ilgisi kartlara<span class=\"excerpt-hellip\"> [\u2026]<\/span><\/p>\n","protected":false},"featured_media":0,"template":"","meta":{"_monsterinsights_skip_tracking":false,"_monsterinsights_sitenote_active":false,"_monsterinsights_sitenote_note":"","_monsterinsights_sitenote_category":0},"product_brand":[],"product_cat":[12274,24599],"product_tag":[],"class_list":{"0":"post-724177","1":"product","2":"type-product","3":"status-publish","5":"product_cat-cocuk-ve-genclik-kitaplari","6":"product_cat-zeka-gelisimi","7":"pa_cilt-ciltsiz","8":"pa_tur-kitap20","9":"pa_yayinevi-parilti-yayinlari","10":"pa_yazar-kolektif","12":"first","13":"instock","14":"sale","15":"shipping-taxable","16":"purchasable","17":"product-type-simple"},"_links":{"self":[{"href":"https:\/\/roveyayinevi.com.tr\/index.php\/wp-json\/wp\/v2\/product\/724177","targetHints":{"allow":["GET"]}}],"collection":[{"href":"https:\/\/roveyayinevi.com.tr\/index.php\/wp-json\/wp\/v2\/product"}],"about":[{"href":"https:\/\/roveyayinevi.com.tr\/index.php\/wp-json\/wp\/v2\/types\/product"}],"wp:attachment":[{"href":"https:\/\/roveyayinevi.com.tr\/index.php\/wp-json\/wp\/v2\/media?parent=724177"}],"wp:term":[{"taxonomy":"product_brand","embeddable":true,"href":"https:\/\/roveyayinevi.com.tr\/index.php\/wp-json\/wp\/v2\/product_brand?post=724177"},{"taxonomy":"product_cat","embeddable":true,"href":"https:\/\/roveyayinevi.com.tr\/index.php\/wp-json\/wp\/v2\/product_cat?post=724177"},{"taxonomy":"product_tag","embeddable":true,"href":"https:\/\/roveyayinevi.com.tr\/index.php\/wp-json\/wp\/v2\/product_tag?post=724177"}],"curies":[{"name":"wp","href":"https:\/\/api.w.org\/{rel}","templated":true}]}}