{"id":724174,"date":"2025-08-27T19:30:22","date_gmt":"2025-08-27T16:30:22","guid":{"rendered":"https:\/\/roveyayinevi.com.tr\/index.php\/urun\/turk-kulturunde-atalar-kultu\/"},"modified":"2026-04-16T02:32:14","modified_gmt":"2026-04-15T23:32:14","slug":"turk-kulturunde-atalar-kultu","status":"publish","type":"product","link":"https:\/\/roveyayinevi.com.tr\/index.php\/urun\/turk-kulturunde-atalar-kultu\/","title":{"rendered":"T\u00fcrk K\u00fclt\u00fcr\u00fcnde Atalar K\u00fclt\u00fc"},"content":{"rendered":"<p>1-Atalar K\u00fclt\u00fcnde Kavramsal ve Kuramsal \u00c7er\u00e7eve 2- Mitler, Dinler ve Atalar K\u00fclt\u00fc 3-T\u00fcrk \u0130nan\u00e7 ve Uygulamalar\u0131da Atalar K\u00fclt\u00fc 4-T\u00fcrk S\u00f6zl\u00fc Edebiyat \u00dcr\u00fcnlerinde Atalar K\u00fclt\u00fc 5- K\u00fclt\u00fcrel De\u011fi\u015fme ve S\u00fcreklilik Ba\u011flam\u0131nda Atalar K\u00fclt\u00fc <\/p>\n","protected":false},"excerpt":{"rendered":"<p>1-Atalar K\u00fclt\u00fcnde Kavramsal ve Kuramsal \u00c7er\u00e7eve 2- Mitler, Dinler ve Atalar K\u00fclt\u00fc 3-T\u00fcrk \u0130nan\u00e7 ve Uygulamalar\u0131da Atalar K\u00fclt\u00fc 4-T\u00fcrk S\u00f6zl\u00fc Edebiyat \u00dcr\u00fcnlerinde Atalar K\u00fclt\u00fc 5- K\u00fclt\u00fcrel<span class=\"excerpt-hellip\"> [\u2026]<\/span><\/p>\n","protected":false},"featured_media":0,"template":"","meta":{"_monsterinsights_skip_tracking":false,"_monsterinsights_sitenote_active":false,"_monsterinsights_sitenote_note":"","_monsterinsights_sitenote_category":0},"product_brand":[],"product_cat":[20225,12291],"product_tag":[],"class_list":{"0":"post-724174","1":"product","2":"type-product","3":"status-publish","5":"product_cat-dil-bilim","6":"product_cat-edebiyat","7":"pa_cilt-ciltsiz","8":"pa_tur-kitap","9":"pa_yayinevi-gazi-kitabevi","10":"pa_yazar-kubra-yildiz-altin","12":"first","13":"instock","14":"sale","15":"shipping-taxable","16":"purchasable","17":"product-type-simple"},"_links":{"self":[{"href":"https:\/\/roveyayinevi.com.tr\/index.php\/wp-json\/wp\/v2\/product\/724174","targetHints":{"allow":["GET"]}}],"collection":[{"href":"https:\/\/roveyayinevi.com.tr\/index.php\/wp-json\/wp\/v2\/product"}],"about":[{"href":"https:\/\/roveyayinevi.com.tr\/index.php\/wp-json\/wp\/v2\/types\/product"}],"wp:attachment":[{"href":"https:\/\/roveyayinevi.com.tr\/index.php\/wp-json\/wp\/v2\/media?parent=724174"}],"wp:term":[{"taxonomy":"product_brand","embeddable":true,"href":"https:\/\/roveyayinevi.com.tr\/index.php\/wp-json\/wp\/v2\/product_brand?post=724174"},{"taxonomy":"product_cat","embeddable":true,"href":"https:\/\/roveyayinevi.com.tr\/index.php\/wp-json\/wp\/v2\/product_cat?post=724174"},{"taxonomy":"product_tag","embeddable":true,"href":"https:\/\/roveyayinevi.com.tr\/index.php\/wp-json\/wp\/v2\/product_tag?post=724174"}],"curies":[{"name":"wp","href":"https:\/\/api.w.org\/{rel}","templated":true}]}}