{"id":724172,"date":"2025-08-27T19:30:21","date_gmt":"2025-08-27T16:30:21","guid":{"rendered":"https:\/\/roveyayinevi.com.tr\/index.php\/urun\/her-insan-gordugu-ruyanin-tabiridir\/"},"modified":"2026-04-06T02:45:22","modified_gmt":"2026-04-05T23:45:22","slug":"her-insan-gordugu-ruyanin-tabiridir","status":"publish","type":"product","link":"https:\/\/roveyayinevi.com.tr\/index.php\/urun\/her-insan-gordugu-ruyanin-tabiridir\/","title":{"rendered":"Her \u0130nsan G\u00f6rd\u00fc\u011f\u00fc R\u00fcyan\u0131n Tabiridir"},"content":{"rendered":"<p>\u201cBir insana vazge\u00e7ilmez oldu\u011funu hissettirdi\u011finizde ilk vazge\u00e7ece\u011fi ki\u015fi siz olursunuz&#8230;\u201d   N\u00f6rolog ve psikanaliz kuram\u0131n\u0131n kurucusu Avusturyal\u0131 bilim insan\u0131 Sigmund Freud, hastalar\u0131n zihinsel s\u00fcre\u00e7lerinin bilin\u00e7d\u0131\u015f\u0131 unsurlar\u0131 aras\u0131ndaki ba\u011flant\u0131lar\u0131 ortaya \u00e7\u0131karmak i\u00e7in \u00e7al\u0131\u015fmalar yaparak geli\u015ftirdi psikanalizi&#8230; Bu yepyeni tedavi y\u00f6ntemi, insan ruhunun en karanl\u0131k y\u00f6nlerini ve bast\u0131r\u0131lm\u0131\u015f duygu ve d\u00fc\u015f\u00fcncelerini ortaya \u00e7\u0131karacakt\u0131. Freud\u2019dan \u00f6nce hi\u00e7 kimse insan ruhunun bu kadar derinlerine inememi\u015fti. Yapt\u0131\u011f\u0131 \u00e7al\u0131\u015fmalarla bilimde adeta \u00e7\u0131\u011f\u0131r a\u00e7an Sigmund Freud, \u201c\u0130nsanlar yava\u015f yava\u015f inanmamay\u0131, g\u00fcvenmemeyi, sevmemeyi ve kronik \u015f\u00fcpheci olmay\u0131 \u00f6\u011frenir&#8230;\u201d der. \u201cBu ger\u00e7ekle\u015fti\u011finde art\u0131k ne yaz\u0131k ki \u00e7ok ge\u00e7tir. \u0130nsanlar\u0131n tecr\u00fcbe dedi\u011fi \u015fey de budur. Kalbiyle ba\u011flant\u0131s\u0131n\u0131 kesmi\u015f bir insana tecr\u00fcbeli denir.\u201d <\/p>\n","protected":false},"excerpt":{"rendered":"<p>\u201cBir insana vazge\u00e7ilmez oldu\u011funu hissettirdi\u011finizde ilk vazge\u00e7ece\u011fi ki\u015fi siz olursunuz&#8230;\u201d N\u00f6rolog ve psikanaliz kuram\u0131n\u0131n kurucusu Avusturyal\u0131 bilim insan\u0131 Sigmund Freud, hastalar\u0131n zihinsel s\u00fcre\u00e7lerinin bilin\u00e7d\u0131\u015f\u0131 unsurlar\u0131 aras\u0131ndaki<span class=\"excerpt-hellip\"> [\u2026]<\/span><\/p>\n","protected":false},"featured_media":0,"template":"","meta":{"_monsterinsights_skip_tracking":false,"_monsterinsights_sitenote_active":false,"_monsterinsights_sitenote_note":"","_monsterinsights_sitenote_category":0},"product_brand":[],"product_cat":[12388,13555],"product_tag":[],"class_list":{"0":"post-724172","1":"product","2":"type-product","3":"status-publish","5":"product_cat-felsefe","6":"product_cat-genel-felsefe","7":"pa_cilt-ciltsiz","8":"pa_tur-kitap","9":"pa_yayinevi-destek-yayinlari","10":"pa_yazar-sigmund-freud","12":"first","13":"instock","14":"sale","15":"shipping-taxable","16":"purchasable","17":"product-type-simple"},"_links":{"self":[{"href":"https:\/\/roveyayinevi.com.tr\/index.php\/wp-json\/wp\/v2\/product\/724172","targetHints":{"allow":["GET"]}}],"collection":[{"href":"https:\/\/roveyayinevi.com.tr\/index.php\/wp-json\/wp\/v2\/product"}],"about":[{"href":"https:\/\/roveyayinevi.com.tr\/index.php\/wp-json\/wp\/v2\/types\/product"}],"wp:attachment":[{"href":"https:\/\/roveyayinevi.com.tr\/index.php\/wp-json\/wp\/v2\/media?parent=724172"}],"wp:term":[{"taxonomy":"product_brand","embeddable":true,"href":"https:\/\/roveyayinevi.com.tr\/index.php\/wp-json\/wp\/v2\/product_brand?post=724172"},{"taxonomy":"product_cat","embeddable":true,"href":"https:\/\/roveyayinevi.com.tr\/index.php\/wp-json\/wp\/v2\/product_cat?post=724172"},{"taxonomy":"product_tag","embeddable":true,"href":"https:\/\/roveyayinevi.com.tr\/index.php\/wp-json\/wp\/v2\/product_tag?post=724172"}],"curies":[{"name":"wp","href":"https:\/\/api.w.org\/{rel}","templated":true}]}}