{"id":724171,"date":"2025-08-27T19:30:20","date_gmt":"2025-08-27T16:30:20","guid":{"rendered":"https:\/\/roveyayinevi.com.tr\/index.php\/urun\/dil-soyler-kulak-dinler-kalp-soyler-kainat-dinler\/"},"modified":"2026-04-13T02:38:57","modified_gmt":"2026-04-12T23:38:57","slug":"dil-soyler-kulak-dinler-kalp-soyler-kainat-dinler","status":"publish","type":"product","link":"https:\/\/roveyayinevi.com.tr\/index.php\/urun\/dil-soyler-kulak-dinler-kalp-soyler-kainat-dinler\/","title":{"rendered":"Dil S\u00f6yler Kulak Dinler Kalp S\u00f6yler Kainat Dinler"},"content":{"rendered":"<p>\u201c\u00d6len beden imi\u015f \u00e2\u015f\u0131klar \u00f6lmez&#8230;\u201d   T\u00fcrk\u00e7e \u015fiirin \u00f6nc\u00fcs\u00fc olarak tarihte \u00f6l\u00fcms\u00fczle\u015fen bir tasavvuf ve halk \u015fairidir Yunus Emre&#8230; Tekke \u015fiiri gelene\u011fini \u00f6zg\u00fcn bir s\u00f6yleyi\u015fle Anadolu\u2019ya yaym\u0131\u015f bir g\u00f6n\u00fcl i\u015f\u00e7isidir. Ayn\u0131 zamanda bir felsefenin de temsilcisidir. \u0130nsan\u0131n nesneyle ve varolu\u015fla ili\u015fkisini dizelerinde ustal\u0131kla i\u015flemi\u015ftir. Var olman\u0131n, hakikate ula\u015fmak i\u00e7in akl\u0131 kullanman\u0131n ve a\u015fka d\u00fc\u015f\u00fcp hi\u00e7li\u011fe kar\u0131\u015fman\u0131n yollar\u0131nda \u00e7ok de\u011ferli bir rehberdir Yunus Emre&#8230; <\/p>\n","protected":false},"excerpt":{"rendered":"<p>\u201c\u00d6len beden imi\u015f \u00e2\u015f\u0131klar \u00f6lmez&#8230;\u201d T\u00fcrk\u00e7e \u015fiirin \u00f6nc\u00fcs\u00fc olarak tarihte \u00f6l\u00fcms\u00fczle\u015fen bir tasavvuf ve halk \u015fairidir Yunus Emre&#8230; Tekke \u015fiiri gelene\u011fini \u00f6zg\u00fcn bir s\u00f6yleyi\u015fle Anadolu\u2019ya yaym\u0131\u015f<span class=\"excerpt-hellip\"> [\u2026]<\/span><\/p>\n","protected":false},"featured_media":0,"template":"","meta":{"_monsterinsights_skip_tracking":false,"_monsterinsights_sitenote_active":false,"_monsterinsights_sitenote_note":"","_monsterinsights_sitenote_category":0},"product_brand":[],"product_cat":[12388,15536],"product_tag":[],"class_list":{"0":"post-724171","1":"product","2":"type-product","3":"status-publish","5":"product_cat-felsefe","6":"product_cat-siyaset-felsefesi","7":"pa_cilt-ciltsiz","8":"pa_tur-kitap","9":"pa_yayinevi-destek-yayinlari","10":"pa_yazar-yunus-emre","12":"first","13":"instock","14":"sale","15":"shipping-taxable","16":"purchasable","17":"product-type-simple"},"_links":{"self":[{"href":"https:\/\/roveyayinevi.com.tr\/index.php\/wp-json\/wp\/v2\/product\/724171","targetHints":{"allow":["GET"]}}],"collection":[{"href":"https:\/\/roveyayinevi.com.tr\/index.php\/wp-json\/wp\/v2\/product"}],"about":[{"href":"https:\/\/roveyayinevi.com.tr\/index.php\/wp-json\/wp\/v2\/types\/product"}],"wp:attachment":[{"href":"https:\/\/roveyayinevi.com.tr\/index.php\/wp-json\/wp\/v2\/media?parent=724171"}],"wp:term":[{"taxonomy":"product_brand","embeddable":true,"href":"https:\/\/roveyayinevi.com.tr\/index.php\/wp-json\/wp\/v2\/product_brand?post=724171"},{"taxonomy":"product_cat","embeddable":true,"href":"https:\/\/roveyayinevi.com.tr\/index.php\/wp-json\/wp\/v2\/product_cat?post=724171"},{"taxonomy":"product_tag","embeddable":true,"href":"https:\/\/roveyayinevi.com.tr\/index.php\/wp-json\/wp\/v2\/product_tag?post=724171"}],"curies":[{"name":"wp","href":"https:\/\/api.w.org\/{rel}","templated":true}]}}