{"id":724169,"date":"2025-08-27T19:30:19","date_gmt":"2025-08-27T16:30:19","guid":{"rendered":"https:\/\/roveyayinevi.com.tr\/index.php\/urun\/fenomenoloji-ilk-temeller\/"},"modified":"2026-04-16T02:32:13","modified_gmt":"2026-04-15T23:32:13","slug":"fenomenoloji-ilk-temeller","status":"publish","type":"product","link":"https:\/\/roveyayinevi.com.tr\/index.php\/urun\/fenomenoloji-ilk-temeller\/","title":{"rendered":"Fenomenoloji \u0130lk Temeller"},"content":{"rendered":"<p>Bu kitap, yirminci y\u00fczy\u0131l\u0131n h\u00e2kim felsefi hareketlerinden biri olan fenomenolojiye ilgi duyan herkes i\u00e7in giri\u015f niteli\u011finde bir kitap olmakla birlikte, dilinin yal\u0131nl\u0131\u011f\u0131, fenomenolojinin farkl\u0131 alanlarda kullan\u0131m\u0131, Husserl, Heidegger ve Merleau-Ponty gibi \u00f6nde gelen fenomenologlar\u0131n yo\u011fun \u00e7al\u0131\u015fmalar\u0131na en basitle\u015ftirilmi\u015f haliyle n\u00fcf\u00fbz etmeyi olanakl\u0131 k\u0131lmakta, fenomenolojiyi anlamak i\u00e7in gerekli olan kavramsal \u00e7er\u00e7eveyi ana hatlar\u0131yla ortaya koymaktad\u0131r.Alan\u0131nda \u00f6nde gelen bir uzman olarak kabul g\u00f6rm\u00fc\u015f Dan Zahavi taraf\u0131ndan yaz\u0131lan bu kitap a\u015fa\u011f\u0131daki temel sorular\u0131 inceler ve a\u00e7\u0131klar:Fenomenolojik analiz nedir?Fenomenolojinin metodolojik temelleri nelerdir?Fenomenoloji, \u00f6zneler-aras\u0131l\u0131k hakk\u0131nda ne s\u00f6ylemelidir?Fenomenoloji, felsefedeki di\u011fer alanlardan nas\u0131l ay\u0131rt edilir ve bunlarla nas\u0131l ili\u015fkilidir?Klasik fenomenolojiden gelen d\u00fc\u015f\u00fcnceler, psikolojide ve nitel ara\u015ft\u0131rmalarda h\u00e2l\u00e2 devam eden tart\u0131\u015fmalarla nas\u0131l ili\u015fkilidir?Fenomenoloji: \u0130lk Temeller, fenomenolojinin zengin ve kompleks d\u00fcnyas\u0131na k\u0131sa ve eri\u015filebilir bir giri\u015f yapmak isteyen herkese ideal bir ba\u015flang\u0131\u00e7 noktas\u0131 sunmaktad\u0131r.<\/p>\n","protected":false},"excerpt":{"rendered":"<p>Bu kitap, yirminci y\u00fczy\u0131l\u0131n h\u00e2kim felsefi hareketlerinden biri olan fenomenolojiye ilgi duyan herkes i\u00e7in giri\u015f niteli\u011finde bir kitap olmakla birlikte, dilinin yal\u0131nl\u0131\u011f\u0131, fenomenolojinin farkl\u0131 alanlarda kullan\u0131m\u0131,<span class=\"excerpt-hellip\"> [\u2026]<\/span><\/p>\n","protected":false},"featured_media":0,"template":"","meta":{"_monsterinsights_skip_tracking":false,"_monsterinsights_sitenote_active":false,"_monsterinsights_sitenote_note":"","_monsterinsights_sitenote_category":0},"product_brand":[],"product_cat":[12388,13555],"product_tag":[],"class_list":{"0":"post-724169","1":"product","2":"type-product","3":"status-publish","5":"product_cat-felsefe","6":"product_cat-genel-felsefe","7":"pa_cilt-ciltsiz","8":"pa_tur-kitap","9":"pa_yayinevi-ayrinti-yayinlari","10":"pa_yazar-dan-zahavi","12":"first","13":"instock","14":"sale","15":"shipping-taxable","16":"purchasable","17":"product-type-simple"},"_links":{"self":[{"href":"https:\/\/roveyayinevi.com.tr\/index.php\/wp-json\/wp\/v2\/product\/724169","targetHints":{"allow":["GET"]}}],"collection":[{"href":"https:\/\/roveyayinevi.com.tr\/index.php\/wp-json\/wp\/v2\/product"}],"about":[{"href":"https:\/\/roveyayinevi.com.tr\/index.php\/wp-json\/wp\/v2\/types\/product"}],"wp:attachment":[{"href":"https:\/\/roveyayinevi.com.tr\/index.php\/wp-json\/wp\/v2\/media?parent=724169"}],"wp:term":[{"taxonomy":"product_brand","embeddable":true,"href":"https:\/\/roveyayinevi.com.tr\/index.php\/wp-json\/wp\/v2\/product_brand?post=724169"},{"taxonomy":"product_cat","embeddable":true,"href":"https:\/\/roveyayinevi.com.tr\/index.php\/wp-json\/wp\/v2\/product_cat?post=724169"},{"taxonomy":"product_tag","embeddable":true,"href":"https:\/\/roveyayinevi.com.tr\/index.php\/wp-json\/wp\/v2\/product_tag?post=724169"}],"curies":[{"name":"wp","href":"https:\/\/api.w.org\/{rel}","templated":true}]}}