{"id":724168,"date":"2025-08-27T19:30:18","date_gmt":"2025-08-27T16:30:18","guid":{"rendered":"https:\/\/roveyayinevi.com.tr\/index.php\/urun\/demir-okce-6\/"},"modified":"2026-04-08T02:39:37","modified_gmt":"2026-04-07T23:39:37","slug":"demir-okce-6","status":"publish","type":"product","link":"https:\/\/roveyayinevi.com.tr\/index.php\/urun\/demir-okce-6\/","title":{"rendered":"Demir \u00d6k\u00e7e"},"content":{"rendered":"<p>\u201c\u0130\u00e7imin derinliklerinde, bir u\u00e7urumun kenar\u0131nda duruyormu\u015f gibi hissediyordum. Hayat hakk\u0131nda yeni ve korkun\u00e7 bir ke\u015fifle kar\u015f\u0131la\u015fmak \u00fczereydim. Ve yaln\u0131z de\u011fildim. B\u00fct\u00fcn d\u00fcnyam alt\u00fcst oluyordu.\u201d   1912-1932 y\u0131llar\u0131 aras\u0131nda ya\u015fanan oligar\u015fi sistemini anlatmas\u0131yla kitaba ismini veren Demir \u00d6k\u00e7e, distopya edebiyat\u0131n\u0131n ilk \u00f6rne\u011fi olarak kabul edilmektedir. Eski fakat hi\u00e7bir zaman eskimeyecek bir konuyu ele alan yazar, i\u015f\u00e7i s\u0131n\u0131f\u0131 edebiyat\u0131nda \u00f6nemli bir yer edinmi\u015ftir. Jack London bask\u0131c\u0131 sistemde toplumun ya\u015fad\u0131klar\u0131n\u0131, kapitalist d\u00fczenin d\u00fcnyay\u0131 nas\u0131l bir \u00e7\u0131kmaza s\u00fcr\u00fckledi\u011fini ve i\u015f\u00e7i s\u0131n\u0131f\u0131n\u0131n do\u011fu\u015fuyla birlikte g\u00fcc\u00fcn\u00fcn nas\u0131l ortaya \u00e7\u0131kt\u0131\u011f\u0131n\u0131 \u00e7arp\u0131c\u0131 bir \u015fekilde anlatmaktad\u0131r. Demir \u00d6k\u00e7e yazar\u0131n siyasal ve sosyal g\u00f6r\u00fc\u015flerini a\u00e7\u0131k bir bi\u00e7imde dile getirdi\u011fi eseridir. Ezen ile ezilenin, hakl\u0131 ile haks\u0131z\u0131n, do\u011fru ile yanl\u0131\u015f\u0131n b\u00fct\u00fcn \u00e7\u0131plakl\u0131\u011f\u0131yla g\u00f6zler \u00f6n\u00fcne serildi\u011fi Demir \u00d6k\u00e7e Jack London\u2019\u0131n \u0130kinci D\u00fcnya Sava\u015f\u0131 s\u0131ras\u0131nda ve sonras\u0131nda ya\u015fanacak olaylar\u0131 \u00f6ng\u00f6rmesiyle yaz\u0131lm\u0131\u015ft\u0131r. <\/p>\n","protected":false},"excerpt":{"rendered":"<p>\u201c\u0130\u00e7imin derinliklerinde, bir u\u00e7urumun kenar\u0131nda duruyormu\u015f gibi hissediyordum. Hayat hakk\u0131nda yeni ve korkun\u00e7 bir ke\u015fifle kar\u015f\u0131la\u015fmak \u00fczereydim. Ve yaln\u0131z de\u011fildim. B\u00fct\u00fcn d\u00fcnyam alt\u00fcst oluyordu.\u201d 1912-1932 y\u0131llar\u0131<span class=\"excerpt-hellip\"> [\u2026]<\/span><\/p>\n","protected":false},"featured_media":0,"template":"","meta":{"_monsterinsights_skip_tracking":false,"_monsterinsights_sitenote_active":false,"_monsterinsights_sitenote_note":"","_monsterinsights_sitenote_category":0},"product_brand":[],"product_cat":[12291,12711],"product_tag":[],"class_list":{"0":"post-724168","1":"product","2":"type-product","3":"status-publish","5":"product_cat-edebiyat","6":"product_cat-roman-oyku","7":"pa_cilt-ciltsiz","8":"pa_tur-kitap","9":"pa_yayinevi-ren-kitap","10":"pa_yazar-jack-london","12":"first","13":"instock","14":"sale","15":"shipping-taxable","16":"purchasable","17":"product-type-simple"},"_links":{"self":[{"href":"https:\/\/roveyayinevi.com.tr\/index.php\/wp-json\/wp\/v2\/product\/724168","targetHints":{"allow":["GET"]}}],"collection":[{"href":"https:\/\/roveyayinevi.com.tr\/index.php\/wp-json\/wp\/v2\/product"}],"about":[{"href":"https:\/\/roveyayinevi.com.tr\/index.php\/wp-json\/wp\/v2\/types\/product"}],"wp:attachment":[{"href":"https:\/\/roveyayinevi.com.tr\/index.php\/wp-json\/wp\/v2\/media?parent=724168"}],"wp:term":[{"taxonomy":"product_brand","embeddable":true,"href":"https:\/\/roveyayinevi.com.tr\/index.php\/wp-json\/wp\/v2\/product_brand?post=724168"},{"taxonomy":"product_cat","embeddable":true,"href":"https:\/\/roveyayinevi.com.tr\/index.php\/wp-json\/wp\/v2\/product_cat?post=724168"},{"taxonomy":"product_tag","embeddable":true,"href":"https:\/\/roveyayinevi.com.tr\/index.php\/wp-json\/wp\/v2\/product_tag?post=724168"}],"curies":[{"name":"wp","href":"https:\/\/api.w.org\/{rel}","templated":true}]}}