{"id":724166,"date":"2025-08-27T19:30:17","date_gmt":"2025-08-27T16:30:17","guid":{"rendered":"https:\/\/roveyayinevi.com.tr\/index.php\/urun\/kureselciler\/"},"modified":"2026-04-16T02:31:57","modified_gmt":"2026-04-15T23:31:57","slug":"kureselciler","status":"publish","type":"product","link":"https:\/\/roveyayinevi.com.tr\/index.php\/urun\/kureselciler\/","title":{"rendered":"K\u00fcreselciler"},"content":{"rendered":"<p>Friedrich Hayek ve Ludwig von Mises gibi \u00fcnl\u00fc olanlar\u0131ndan, Wilhelm R\u00f6pke ve Michael Heilperin gibi etkili ancak daha az bilinen fig\u00fcrlere kadar bir grup liberal iktisat\u00e7\u0131, imparatorluklar\u0131n \u00e7\u00f6kt\u00fc\u011f\u00fc, kom\u00fcnizmin ve milliyet\u00e7ili\u011fin h\u0131zla y\u00fckseldi\u011fi d\u00fcnyay\u0131 k\u00fcresel bir sistem halinde organize etmenin yollar\u0131n\u0131 arad\u0131. Yeni bir laissez-faire rejimi \u00f6nermek yerine, devletleri ve baz\u0131 k\u00fcresel kurumlar\u0131 \u00f6ne \u00e7\u0131karan bir model geli\u015ftirdiler. K\u00fcreselciler: \u0130mparatorlu\u011fun Sonu ve Neoliberalizmin Do\u011fu\u015fu adl\u0131 bu \u00e7al\u0131\u015fmada Kanadal\u0131 tarih\u00e7i Quinn Slobodian, k\u00fcreselcili\u011fin entelekt\u00fcel tarihini ele al\u0131yor. Habsburg \u0130mparatorlu\u011funun \u00e7\u00f6k\u00fc\u015f\u00fcnden D\u00fcnya Ticaret \u00d6rg\u00fct\u00fc\u2019n\u00fcn kurulu\u015funa kadar bir dizi geli\u015fmeyi, bir grup d\u00fc\u015f\u00fcn\u00fcr\u00fcn faaliyetleri \u00fczerinden takip eden bu \u00e7al\u0131\u015fma, okurlar\u0131na 20. y\u00fczy\u0131l\u0131n tarihine dair bamba\u015fka bir bak\u0131\u015f a\u00e7\u0131s\u0131 sunmay\u0131 vaat ediyor.<\/p>\n","protected":false},"excerpt":{"rendered":"<p>Friedrich Hayek ve Ludwig von Mises gibi \u00fcnl\u00fc olanlar\u0131ndan, Wilhelm R\u00f6pke ve Michael Heilperin gibi etkili ancak daha az bilinen fig\u00fcrlere kadar bir grup liberal iktisat\u00e7\u0131,<span class=\"excerpt-hellip\"> [\u2026]<\/span><\/p>\n","protected":false},"featured_media":0,"template":"","meta":{"_monsterinsights_skip_tracking":false,"_monsterinsights_sitenote_active":false,"_monsterinsights_sitenote_note":"","_monsterinsights_sitenote_category":0},"product_brand":[],"product_cat":[20333,13043],"product_tag":[],"class_list":{"0":"post-724166","1":"product","2":"type-product","3":"status-publish","5":"product_cat-diger-ekonomi","6":"product_cat-ekonomi","7":"pa_cilt-ciltsiz","8":"pa_tur-kitap","9":"pa_yayinevi-vakifbank-kultur-yayinlari","10":"pa_yazar-quinn-slobodian","12":"first","13":"instock","14":"sale","15":"shipping-taxable","16":"purchasable","17":"product-type-simple"},"_links":{"self":[{"href":"https:\/\/roveyayinevi.com.tr\/index.php\/wp-json\/wp\/v2\/product\/724166","targetHints":{"allow":["GET"]}}],"collection":[{"href":"https:\/\/roveyayinevi.com.tr\/index.php\/wp-json\/wp\/v2\/product"}],"about":[{"href":"https:\/\/roveyayinevi.com.tr\/index.php\/wp-json\/wp\/v2\/types\/product"}],"wp:attachment":[{"href":"https:\/\/roveyayinevi.com.tr\/index.php\/wp-json\/wp\/v2\/media?parent=724166"}],"wp:term":[{"taxonomy":"product_brand","embeddable":true,"href":"https:\/\/roveyayinevi.com.tr\/index.php\/wp-json\/wp\/v2\/product_brand?post=724166"},{"taxonomy":"product_cat","embeddable":true,"href":"https:\/\/roveyayinevi.com.tr\/index.php\/wp-json\/wp\/v2\/product_cat?post=724166"},{"taxonomy":"product_tag","embeddable":true,"href":"https:\/\/roveyayinevi.com.tr\/index.php\/wp-json\/wp\/v2\/product_tag?post=724166"}],"curies":[{"name":"wp","href":"https:\/\/api.w.org\/{rel}","templated":true}]}}