{"id":724165,"date":"2025-08-27T19:30:16","date_gmt":"2025-08-27T16:30:16","guid":{"rendered":"https:\/\/roveyayinevi.com.tr\/index.php\/urun\/utanc-sosyo-kulturel-bir-fenomen\/"},"modified":"2026-04-16T02:31:57","modified_gmt":"2026-04-15T23:31:57","slug":"utanc-sosyo-kulturel-bir-fenomen","status":"publish","type":"product","link":"https:\/\/roveyayinevi.com.tr\/index.php\/urun\/utanc-sosyo-kulturel-bir-fenomen\/","title":{"rendered":"Utan\u00e7 : Sosyo K\u00fclt\u00fcrel Bir Fenomen"},"content":{"rendered":"<p>\u0130stanbul \u00dcniversitesi Siyasal Bilgiler Fak\u00fcltesi \u00f6\u011fretim \u00fcyesi Murat \u00d6nderman, bu kitapta, k\u00fclt\u00fcr\u00fcn hayata ge\u00e7irilme yollar\u0131na bask\u0131n k\u00fclt\u00fcrel tercihler \u00fczerinden bak\u0131yor ve sosyo-k\u00fclt\u00fcrel bir fenomen olarak ele ald\u0131\u011f\u0131 utanc\u0131n \u00f6znel, sosyal, \u00f6zneleraras\u0131 ve kolektif y\u00f6nlerini inceliyor. Bilin\u00e7d\u0131\u015f\u0131n\u0131n k\u00fclt\u00fcrel olu\u015fumuna ve benli\u011fin sosyal ba\u011flam\u0131na \u0131\u015f\u0131k tutan bu \u00e7al\u0131\u015fma, k\u00fclt\u00fcr\u00fcn bireysel ve sosyal davran\u0131\u015flar \u00fczerindeki normatif etkisinin hangi i\u00e7sel ve d\u0131\u015fsal mekanizmalar yoluyla ger\u00e7ekle\u015fti\u011fine ve bu mekanizmalar\u0131n hangi k\u00fclt\u00fcrel etkilere a\u00e7\u0131k oldu\u011funa odaklan\u0131yor. Disiplinleraras\u0131 metinlere \u00f6zg\u00fc kaynak zenginli\u011fi ve Murat \u00d6nderman\u2019\u0131n kendine has \u00fcslubuyla Utan\u00e7: Sosyo-K\u00fclt\u00fcrel Bir Fenomen, utanc\u0131 bir sosyal kontrol mekanizmas\u0131 olarak da incelerken, bu konuda dilimizde yer tutan pek \u00e7ok deyi\u015fe ve atas\u00f6z\u00fcne yer vererek zihin d\u00fcnyam\u0131za a\u00e7\u0131kl\u0131k getiriyor. <\/p>\n","protected":false},"excerpt":{"rendered":"<p>\u0130stanbul \u00dcniversitesi Siyasal Bilgiler Fak\u00fcltesi \u00f6\u011fretim \u00fcyesi Murat \u00d6nderman, bu kitapta, k\u00fclt\u00fcr\u00fcn hayata ge\u00e7irilme yollar\u0131na bask\u0131n k\u00fclt\u00fcrel tercihler \u00fczerinden bak\u0131yor ve sosyo-k\u00fclt\u00fcrel bir fenomen olarak ele<span class=\"excerpt-hellip\"> [\u2026]<\/span><\/p>\n","protected":false},"featured_media":0,"template":"","meta":{"_monsterinsights_skip_tracking":false,"_monsterinsights_sitenote_active":false,"_monsterinsights_sitenote_note":"","_monsterinsights_sitenote_category":0},"product_brand":[],"product_cat":[12835,12324],"product_tag":[],"class_list":{"0":"post-724165","1":"product","2":"type-product","3":"status-publish","5":"product_cat-genel-sosyoloji","6":"product_cat-sosyoloji","7":"pa_cilt-ciltsiz","8":"pa_tur-kitap","9":"pa_yayinevi-vakifbank-kultur-yayinlari","10":"pa_yazar-murat-onderman","12":"first","13":"instock","14":"sale","15":"shipping-taxable","16":"purchasable","17":"product-type-simple"},"_links":{"self":[{"href":"https:\/\/roveyayinevi.com.tr\/index.php\/wp-json\/wp\/v2\/product\/724165","targetHints":{"allow":["GET"]}}],"collection":[{"href":"https:\/\/roveyayinevi.com.tr\/index.php\/wp-json\/wp\/v2\/product"}],"about":[{"href":"https:\/\/roveyayinevi.com.tr\/index.php\/wp-json\/wp\/v2\/types\/product"}],"wp:attachment":[{"href":"https:\/\/roveyayinevi.com.tr\/index.php\/wp-json\/wp\/v2\/media?parent=724165"}],"wp:term":[{"taxonomy":"product_brand","embeddable":true,"href":"https:\/\/roveyayinevi.com.tr\/index.php\/wp-json\/wp\/v2\/product_brand?post=724165"},{"taxonomy":"product_cat","embeddable":true,"href":"https:\/\/roveyayinevi.com.tr\/index.php\/wp-json\/wp\/v2\/product_cat?post=724165"},{"taxonomy":"product_tag","embeddable":true,"href":"https:\/\/roveyayinevi.com.tr\/index.php\/wp-json\/wp\/v2\/product_tag?post=724165"}],"curies":[{"name":"wp","href":"https:\/\/api.w.org\/{rel}","templated":true}]}}