{"id":724161,"date":"2025-08-27T19:30:12","date_gmt":"2025-08-27T16:30:12","guid":{"rendered":"https:\/\/roveyayinevi.com.tr\/index.php\/urun\/hacin-golgesinde\/"},"modified":"2026-04-16T02:31:57","modified_gmt":"2026-04-15T23:31:57","slug":"hacin-golgesinde","status":"publish","type":"product","link":"https:\/\/roveyayinevi.com.tr\/index.php\/urun\/hacin-golgesinde\/","title":{"rendered":"Ha\u00e7\u0131n G\u00f6lgesinde"},"content":{"rendered":"<p>\u201cEmanetler t\u00fcm Hristiyanlar\u0131n can\u0131ndan daha \u00f6nemli, bunun bilincinde olmal\u0131y\u0131z. Emanetler bize Efendimiz\u2019den kalan ve sayesinde bir g\u00fcn t\u00fcm d\u00fcnyan\u0131n d\u00fczenini de\u011fi\u015ftirip, cennet krall\u0131\u011f\u0131n\u0131 kuraca\u011f\u0131m\u0131z yeg\u00e2ne hazinemizdir. Onlar\u0131n mutlaka g\u00fcvenli topraklara ula\u015ft\u0131r\u0131lmas\u0131 laz\u0131m, bu g\u00f6revi siz, Tanr\u0131\u2019n\u0131n askerleri, ger\u00e7ekle\u015ftireceksiniz.\u201d Ha\u00e7\u0131n G\u00f6lgesinde asl\u0131nda bir yolculu\u011fun; \u00fc\u00e7 semav\u00ee dinde de kutsal kabul edilen Kud\u00fcs\u2019ten, Bizans\u2019\u0131n ba\u015fkenti Konstantinopolis\u2019e ta\u015f\u0131nan bir emanetin hik\u00e2yesi\u2026 Selahaddin Eyyub\u00ee, Tap\u0131nak \u015e\u00f6valyeleri, Sel\u00e7uklular, Araplar, Ortodokslar ve Katolikler aras\u0131nda vuku bulan bu yolculuk hik\u00e2yesi, \u00fcst\u00fcnde ya\u015fad\u0131\u011f\u0131m\u0131z topraklar\u0131n kadim tarihinden sadece k\u00fc\u00e7\u00fcc\u00fck bir kesit. Okurken kendinizi Anton ve Jonas\u2019\u0131n yan\u0131nda hissedecek; m\u00fcthi\u015f sonuyla \u00e7ok \u015fa\u015f\u0131racaks\u0131n\u0131z.<\/p>\n","protected":false},"excerpt":{"rendered":"<p>\u201cEmanetler t\u00fcm Hristiyanlar\u0131n can\u0131ndan daha \u00f6nemli, bunun bilincinde olmal\u0131y\u0131z. Emanetler bize Efendimiz\u2019den kalan ve sayesinde bir g\u00fcn t\u00fcm d\u00fcnyan\u0131n d\u00fczenini de\u011fi\u015ftirip, cennet krall\u0131\u011f\u0131n\u0131 kuraca\u011f\u0131m\u0131z yeg\u00e2ne hazinemizdir.<span class=\"excerpt-hellip\"> [\u2026]<\/span><\/p>\n","protected":false},"featured_media":0,"template":"","meta":{"_monsterinsights_skip_tracking":false,"_monsterinsights_sitenote_active":false,"_monsterinsights_sitenote_note":"","_monsterinsights_sitenote_category":0},"product_brand":[],"product_cat":[12291,12711],"product_tag":[],"class_list":{"0":"post-724161","1":"product","2":"type-product","3":"status-publish","5":"product_cat-edebiyat","6":"product_cat-roman-oyku","7":"pa_cilt-ciltsiz","8":"pa_tur-kitap","9":"pa_yayinevi-luna-yayinlari","10":"pa_yazar-niyazi-okan-celebi","12":"first","13":"instock","14":"sale","15":"shipping-taxable","16":"purchasable","17":"product-type-simple"},"_links":{"self":[{"href":"https:\/\/roveyayinevi.com.tr\/index.php\/wp-json\/wp\/v2\/product\/724161","targetHints":{"allow":["GET"]}}],"collection":[{"href":"https:\/\/roveyayinevi.com.tr\/index.php\/wp-json\/wp\/v2\/product"}],"about":[{"href":"https:\/\/roveyayinevi.com.tr\/index.php\/wp-json\/wp\/v2\/types\/product"}],"wp:attachment":[{"href":"https:\/\/roveyayinevi.com.tr\/index.php\/wp-json\/wp\/v2\/media?parent=724161"}],"wp:term":[{"taxonomy":"product_brand","embeddable":true,"href":"https:\/\/roveyayinevi.com.tr\/index.php\/wp-json\/wp\/v2\/product_brand?post=724161"},{"taxonomy":"product_cat","embeddable":true,"href":"https:\/\/roveyayinevi.com.tr\/index.php\/wp-json\/wp\/v2\/product_cat?post=724161"},{"taxonomy":"product_tag","embeddable":true,"href":"https:\/\/roveyayinevi.com.tr\/index.php\/wp-json\/wp\/v2\/product_tag?post=724161"}],"curies":[{"name":"wp","href":"https:\/\/api.w.org\/{rel}","templated":true}]}}