{"id":724156,"date":"2025-08-27T19:30:08","date_gmt":"2025-08-27T16:30:08","guid":{"rendered":"https:\/\/roveyayinevi.com.tr\/index.php\/urun\/evimiz-yaniyor\/"},"modified":"2026-04-16T02:31:57","modified_gmt":"2026-04-15T23:31:57","slug":"evimiz-yaniyor","status":"publish","type":"product","link":"https:\/\/roveyayinevi.com.tr\/index.php\/urun\/evimiz-yaniyor\/","title":{"rendered":"Evimiz Yan\u0131yor"},"content":{"rendered":"<p>Ne kadar k\u00fc\u00e7\u00fck olursan olursan ol, sen de bir fark yaratabilirsin.\u201d Greta Thunberg&#8217;in iklim krizine kar\u015f\u0131 verdi\u011fi m\u00fccadeleyi k\u00fc\u00e7\u00fck okurlar i\u00e7in sade bir dil ve \u00f6zg\u00fcn desenlerle anlatan ve g\u00fcn\u00fcm\u00fcze dair fark\u0131ndal\u0131k yaratmay\u0131 ama\u00e7layan bu kitab\u0131 \u00e7ok seveceksiniz! <\/p>\n","protected":false},"excerpt":{"rendered":"<p>Ne kadar k\u00fc\u00e7\u00fck olursan olursan ol, sen de bir fark yaratabilirsin.\u201d Greta Thunberg&#8217;in iklim krizine kar\u015f\u0131 verdi\u011fi m\u00fccadeleyi k\u00fc\u00e7\u00fck okurlar i\u00e7in sade bir dil ve \u00f6zg\u00fcn<span class=\"excerpt-hellip\"> [\u2026]<\/span><\/p>\n","protected":false},"featured_media":0,"template":"","meta":{"_monsterinsights_skip_tracking":false,"_monsterinsights_sitenote_active":false,"_monsterinsights_sitenote_note":"","_monsterinsights_sitenote_category":0},"product_brand":[],"product_cat":[12274,12284],"product_tag":[],"class_list":{"0":"post-724156","1":"product","2":"type-product","3":"status-publish","5":"product_cat-cocuk-ve-genclik-kitaplari","6":"product_cat-hikayeler","7":"pa_cilt-ciltli","8":"pa_tur-kitap","9":"pa_yayinevi-dogan-egmont-yayincilik","10":"pa_yazar-jeanette-winterson","12":"first","13":"instock","14":"sale","15":"shipping-taxable","16":"purchasable","17":"product-type-simple"},"_links":{"self":[{"href":"https:\/\/roveyayinevi.com.tr\/index.php\/wp-json\/wp\/v2\/product\/724156","targetHints":{"allow":["GET"]}}],"collection":[{"href":"https:\/\/roveyayinevi.com.tr\/index.php\/wp-json\/wp\/v2\/product"}],"about":[{"href":"https:\/\/roveyayinevi.com.tr\/index.php\/wp-json\/wp\/v2\/types\/product"}],"wp:attachment":[{"href":"https:\/\/roveyayinevi.com.tr\/index.php\/wp-json\/wp\/v2\/media?parent=724156"}],"wp:term":[{"taxonomy":"product_brand","embeddable":true,"href":"https:\/\/roveyayinevi.com.tr\/index.php\/wp-json\/wp\/v2\/product_brand?post=724156"},{"taxonomy":"product_cat","embeddable":true,"href":"https:\/\/roveyayinevi.com.tr\/index.php\/wp-json\/wp\/v2\/product_cat?post=724156"},{"taxonomy":"product_tag","embeddable":true,"href":"https:\/\/roveyayinevi.com.tr\/index.php\/wp-json\/wp\/v2\/product_tag?post=724156"}],"curies":[{"name":"wp","href":"https:\/\/api.w.org\/{rel}","templated":true}]}}