{"id":724147,"date":"2025-08-27T19:30:02","date_gmt":"2025-08-27T16:30:02","guid":{"rendered":"https:\/\/roveyayinevi.com.tr\/index.php\/urun\/gercek-dost-mevlanadan-cocuklara\/"},"modified":"2026-04-16T02:31:57","modified_gmt":"2026-04-15T23:31:57","slug":"gercek-dost-mevlanadan-cocuklara","status":"publish","type":"product","link":"https:\/\/roveyayinevi.com.tr\/index.php\/urun\/gercek-dost-mevlanadan-cocuklara\/","title":{"rendered":"Ger\u00e7ek Dost &#8211; Mevlana\u2019dan \u00c7ocuklara"},"content":{"rendered":"<p>(Ne insanlar g\u00f6rd\u00fcm \u00fcst\u00fcnde elbise yok.Ne elbiseler g\u00f6rd\u00fcm i\u00e7inde insan yok.)Kahraman\u0131m\u0131z\u0131n kimi zaman bir elma, kimi zaman bir su damlas\u0131 oldu\u011fu, dostluk, sevgi, arkada\u015fl\u0131k, d\u00fcr\u00fcstl\u00fck ve sab\u0131r \u00fczerine s\u00f6ylenmi\u015f s\u00f6zler, masallar, hik\u00e2yeler&#8230;B\u00fcy\u00fck T\u00fcrk d\u00fc\u015f\u00fcn\u00fcr\u00fc Mevl\u00e2na\u2019n\u0131n en g\u00fczel s\u00f6zlerinden yola \u00e7\u0131karak haz\u0131rlanan \u201cMevl\u00e2na\u2019dan \u00c7ocuklara\u201d serisi alt\u0131 kitaptan olu\u015fan hik\u00e2ye ve masallarla sizi s\u0131cac\u0131k bir yolculu\u011fa \u00e7\u0131kar\u0131yor.<\/p>\n","protected":false},"excerpt":{"rendered":"<p>(Ne insanlar g\u00f6rd\u00fcm \u00fcst\u00fcnde elbise yok.Ne elbiseler g\u00f6rd\u00fcm i\u00e7inde insan yok.)Kahraman\u0131m\u0131z\u0131n kimi zaman bir elma, kimi zaman bir su damlas\u0131 oldu\u011fu, dostluk, sevgi, arkada\u015fl\u0131k, d\u00fcr\u00fcstl\u00fck ve<span class=\"excerpt-hellip\"> [\u2026]<\/span><\/p>\n","protected":false},"featured_media":0,"template":"","meta":{"_monsterinsights_skip_tracking":false,"_monsterinsights_sitenote_active":false,"_monsterinsights_sitenote_note":"","_monsterinsights_sitenote_category":0},"product_brand":[],"product_cat":[12274,12284],"product_tag":[],"class_list":{"0":"post-724147","1":"product","2":"type-product","3":"status-publish","5":"product_cat-cocuk-ve-genclik-kitaplari","6":"product_cat-hikayeler","7":"pa_cilt-ciltsiz","8":"pa_tur-kitap","9":"pa_yayinevi-marti-cocuk-yayinlari","10":"pa_yazar-senay-sacbuker","12":"first","13":"instock","14":"sale","15":"shipping-taxable","16":"purchasable","17":"product-type-simple"},"_links":{"self":[{"href":"https:\/\/roveyayinevi.com.tr\/index.php\/wp-json\/wp\/v2\/product\/724147","targetHints":{"allow":["GET"]}}],"collection":[{"href":"https:\/\/roveyayinevi.com.tr\/index.php\/wp-json\/wp\/v2\/product"}],"about":[{"href":"https:\/\/roveyayinevi.com.tr\/index.php\/wp-json\/wp\/v2\/types\/product"}],"wp:attachment":[{"href":"https:\/\/roveyayinevi.com.tr\/index.php\/wp-json\/wp\/v2\/media?parent=724147"}],"wp:term":[{"taxonomy":"product_brand","embeddable":true,"href":"https:\/\/roveyayinevi.com.tr\/index.php\/wp-json\/wp\/v2\/product_brand?post=724147"},{"taxonomy":"product_cat","embeddable":true,"href":"https:\/\/roveyayinevi.com.tr\/index.php\/wp-json\/wp\/v2\/product_cat?post=724147"},{"taxonomy":"product_tag","embeddable":true,"href":"https:\/\/roveyayinevi.com.tr\/index.php\/wp-json\/wp\/v2\/product_tag?post=724147"}],"curies":[{"name":"wp","href":"https:\/\/api.w.org\/{rel}","templated":true}]}}