{"id":724139,"date":"2025-08-27T19:29:55","date_gmt":"2025-08-27T16:29:55","guid":{"rendered":"https:\/\/roveyayinevi.com.tr\/index.php\/urun\/dogu-bati-dergisi-80-sayi-distopya\/"},"modified":"2026-04-16T02:31:56","modified_gmt":"2026-04-15T23:31:56","slug":"dogu-bati-dergisi-80-sayi-distopya","status":"publish","type":"product","link":"https:\/\/roveyayinevi.com.tr\/index.php\/urun\/dogu-bati-dergisi-80-sayi-distopya\/","title":{"rendered":"Do\u011fu Bat\u0131 Dergisi 80. Say\u0131 &#8211; Distopya"},"content":{"rendered":"<p>Funda Civeleko\u011flu Korkun\u00e7la\u015fan D\u00fcnyan\u0131n Teselli Noktas\u0131 Olarak Distopya   \u00d6zg\u00fcr Taburo\u011flu Felaketler: Yery\u00fcz\u00fcne Teslim Olan D\u00fcnya   Emrah Atasoy \u00dctopyac\u0131l\u0131k, \u00dctopya ve Distopya \u00dczerine Genel ve Ele\u015ftirel Bir Bak\u0131\u015f   Simten Co\u015far &amp; Leyla Bekta\u015f-Ata  Modernin Distopyas\u0131: Neoliberal Akademiyi Birlikte Oto-Etnografiyle Anlamak   Mesut Haz\u0131r &amp; Talha Dereci Hayat Bir Distopyad\u0131r Modernlikten Postmodernli\u011fe Bir \u00dctopya-Distopya Dikotomisi i\u00e7inde Toplum   Koray T\u00fct\u00fcnc\u00fc &amp; Fatma T\u00fct\u00fcnc\u00fc Bir Distopya Olarak Textualit\u00e9: Martha Nussbaum\u2019\u0131n Metinsellik Diyar\u0131na Kar\u015f\u0131 \u00d6zc\u00fcl\u00fck Savunusu P\u0131nar K. \u00dcretmen Distopyalar: Foucault\u2019nun \u0130ktidar Kavram\u0131n\u0131n ve Agamben\u2019in Ola\u011fan\u00fcst\u00fc Hal A\u00e7\u0131l\u0131m\u0131n\u0131n Distopik Anlat\u0131lardaki \u0130zd\u00fc\u015f\u00fcmleri   Orhun Yak\u0131n Bazen \u00d6l\u00fcmden \u0130yisi Yok: Bir Distopya Filmi Olarak Threads (1984)   Asl\u0131 Favaro Distopik Filmlerde Teknolojik Evrenler   Richard A. Posner Huxley\u2019e Kar\u015f\u0131 Orwell: Ekonomi, Teknoloji, Mahremiyet ve Hiciv   Stantuca Romano D\u0131ma-Laza \u00dctopya Distopyaya Kar\u015f\u0131 \u2012M\u00fckemmel Bir Varolu\u015f i\u00e7in M\u00fckemmel Bir \u00c7evre   Andrew Milner \u0130klimi De\u011fi\u015ftirmek: Distopya Siyaseti   Nihal Kocabay-\u015eener Distopyadan \u0130nternete Bilgi ve \u0130ktidar \u0130li\u015fkisi: Kim Kazand\u0131, Kim Kaybetti? <\/p>\n","protected":false},"excerpt":{"rendered":"<p>Funda Civeleko\u011flu Korkun\u00e7la\u015fan D\u00fcnyan\u0131n Teselli Noktas\u0131 Olarak Distopya \u00d6zg\u00fcr Taburo\u011flu Felaketler: Yery\u00fcz\u00fcne Teslim Olan D\u00fcnya Emrah Atasoy \u00dctopyac\u0131l\u0131k, \u00dctopya ve Distopya \u00dczerine Genel ve Ele\u015ftirel Bir<span class=\"excerpt-hellip\"> [\u2026]<\/span><\/p>\n","protected":false},"featured_media":0,"template":"","meta":{"_monsterinsights_skip_tracking":false,"_monsterinsights_sitenote_active":false,"_monsterinsights_sitenote_note":"","_monsterinsights_sitenote_category":0},"product_brand":[],"product_cat":[13527],"product_tag":[],"class_list":{"0":"post-724139","1":"product","2":"type-product","3":"status-publish","5":"product_cat-sureli-yayinlar","6":"pa_cilt-ciltsiz","7":"pa_tur-dergi","8":"pa_yayinevi-dogu-bati-dergileri","9":"pa_yazar-kolektif","11":"first","12":"instock","13":"sale","14":"shipping-taxable","15":"purchasable","16":"product-type-simple"},"_links":{"self":[{"href":"https:\/\/roveyayinevi.com.tr\/index.php\/wp-json\/wp\/v2\/product\/724139","targetHints":{"allow":["GET"]}}],"collection":[{"href":"https:\/\/roveyayinevi.com.tr\/index.php\/wp-json\/wp\/v2\/product"}],"about":[{"href":"https:\/\/roveyayinevi.com.tr\/index.php\/wp-json\/wp\/v2\/types\/product"}],"wp:attachment":[{"href":"https:\/\/roveyayinevi.com.tr\/index.php\/wp-json\/wp\/v2\/media?parent=724139"}],"wp:term":[{"taxonomy":"product_brand","embeddable":true,"href":"https:\/\/roveyayinevi.com.tr\/index.php\/wp-json\/wp\/v2\/product_brand?post=724139"},{"taxonomy":"product_cat","embeddable":true,"href":"https:\/\/roveyayinevi.com.tr\/index.php\/wp-json\/wp\/v2\/product_cat?post=724139"},{"taxonomy":"product_tag","embeddable":true,"href":"https:\/\/roveyayinevi.com.tr\/index.php\/wp-json\/wp\/v2\/product_tag?post=724139"}],"curies":[{"name":"wp","href":"https:\/\/api.w.org\/{rel}","templated":true}]}}