{"id":724138,"date":"2025-08-27T19:29:55","date_gmt":"2025-08-27T16:29:55","guid":{"rendered":"https:\/\/roveyayinevi.com.tr\/index.php\/urun\/kozmos-yeni-dunyalar-ciltli\/"},"modified":"2026-04-16T02:31:56","modified_gmt":"2026-04-15T23:31:56","slug":"kozmos-yeni-dunyalar-ciltli","status":"publish","type":"product","link":"https:\/\/roveyayinevi.com.tr\/index.php\/urun\/kozmos-yeni-dunyalar-ciltli\/","title":{"rendered":"Kozmos &#8211; Yeni D\u00fcnyalar (Ciltli)"},"content":{"rendered":"<p>Kozmos: Yeni D\u00fcnyalar, Carl Sagan ve Ann Druyan\u2019\u0131n birlikte ba\u015flad\u0131klar\u0131 destan\u0131n heyecan verici yeni halkas\u0131d\u0131r. Druyan\u2019\u0131n Emmy ve Peabody \u00f6d\u00fcll\u00fc Kozmos: Bir Uzay Ser\u00fcveni adl\u0131 belgeseli, 181 \u00fclkede g\u00f6sterilmi\u015f k\u00fcresel bir fenomendir. Druyan \u015fimdi de Yeni D\u00fcnyalar\u2019la sizi, 14 milyar y\u0131ll\u0131k kozmik evrimin ve do\u011fan\u0131n en mahrem girintilerine s\u00fcr\u00fcklenece\u011finiz bu \u00e7arp\u0131c\u0131 maceraya davet ediyor.Bu kitapta, bize yeni yeni anlamaya ba\u015flad\u0131\u011f\u0131m\u0131z devasa evreni korkusuzca sorular sorarak ve b\u00fcy\u00fck bedeller \u00f6deyerek sunan ara\u015ft\u0131rmac\u0131lar\u0131n daha \u00f6nce anlat\u0131lmam\u0131\u015f hik\u00e2yelerini bulacaks\u0131n\u0131z. Druyan bu b\u00fcy\u00fcleyici eserinde, zaman\u0131nda uyanabilirsek h\u00e2l\u00e2 eri\u015febilece\u011fimiz, bilimi ve y\u00fcksek teknolojiyi erdemli bir \u015fekilde kullanaca\u011f\u0131m\u0131z o muhte\u015fem gelece\u011fin vizyonunu bizimle payla\u015f\u0131yor.Y\u0131ld\u0131zlara yelken a\u00e7maya haz\u0131rlan\u0131n!<\/p>\n","protected":false},"excerpt":{"rendered":"<p>Kozmos: Yeni D\u00fcnyalar, Carl Sagan ve Ann Druyan\u2019\u0131n birlikte ba\u015flad\u0131klar\u0131 destan\u0131n heyecan verici yeni halkas\u0131d\u0131r. Druyan\u2019\u0131n Emmy ve Peabody \u00f6d\u00fcll\u00fc Kozmos: Bir Uzay Ser\u00fcveni adl\u0131 belgeseli,<span class=\"excerpt-hellip\"> [\u2026]<\/span><\/p>\n","protected":false},"featured_media":0,"template":"","meta":{"_monsterinsights_skip_tracking":false,"_monsterinsights_sitenote_active":false,"_monsterinsights_sitenote_note":"","_monsterinsights_sitenote_category":0},"product_brand":[],"product_cat":[12364,16266],"product_tag":[],"class_list":{"0":"post-724138","1":"product","2":"type-product","3":"status-publish","5":"product_cat-genel-konular","6":"product_cat-referans-kaynak-kitap","7":"pa_cilt-ciltli","8":"pa_tur-kitap","9":"pa_yayinevi-beta-kitap","10":"pa_yazar-ann-druyan","12":"first","13":"instock","14":"sale","15":"shipping-taxable","16":"purchasable","17":"product-type-simple"},"_links":{"self":[{"href":"https:\/\/roveyayinevi.com.tr\/index.php\/wp-json\/wp\/v2\/product\/724138","targetHints":{"allow":["GET"]}}],"collection":[{"href":"https:\/\/roveyayinevi.com.tr\/index.php\/wp-json\/wp\/v2\/product"}],"about":[{"href":"https:\/\/roveyayinevi.com.tr\/index.php\/wp-json\/wp\/v2\/types\/product"}],"wp:attachment":[{"href":"https:\/\/roveyayinevi.com.tr\/index.php\/wp-json\/wp\/v2\/media?parent=724138"}],"wp:term":[{"taxonomy":"product_brand","embeddable":true,"href":"https:\/\/roveyayinevi.com.tr\/index.php\/wp-json\/wp\/v2\/product_brand?post=724138"},{"taxonomy":"product_cat","embeddable":true,"href":"https:\/\/roveyayinevi.com.tr\/index.php\/wp-json\/wp\/v2\/product_cat?post=724138"},{"taxonomy":"product_tag","embeddable":true,"href":"https:\/\/roveyayinevi.com.tr\/index.php\/wp-json\/wp\/v2\/product_tag?post=724138"}],"curies":[{"name":"wp","href":"https:\/\/api.w.org\/{rel}","templated":true}]}}