{"id":724137,"date":"2025-08-27T19:29:54","date_gmt":"2025-08-27T16:29:54","guid":{"rendered":"https:\/\/roveyayinevi.com.tr\/index.php\/urun\/cevreniz-sarildi-eller-yukari-mecarakolik-mercan-2\/"},"modified":"2025-08-31T16:33:37","modified_gmt":"2025-08-31T13:33:37","slug":"cevreniz-sarildi-eller-yukari-mecarakolik-mercan-2","status":"publish","type":"product","link":"https:\/\/roveyayinevi.com.tr\/index.php\/urun\/cevreniz-sarildi-eller-yukari-mecarakolik-mercan-2\/","title":{"rendered":"\u00c7evreniz Sar\u0131ld\u0131 Eller Yukar\u0131! &#8211; Mecarakolik Mercan 2"},"content":{"rendered":"<p>Arkada\u015f\u0131m Bulut\u2019la birinci s\u0131n\u0131ftan beri ayn\u0131 s\u0131rada otururuz. S\u0131k\u0131 dost oldu\u011fumuz do\u011fru. Bulut\u2019un derslerle aras\u0131 pek yoktur ama hayvanlarla \u00e7ok iyi anla\u015f\u0131r. Bizim soka\u011f\u0131n ba\u015f\u0131nda terk edilmi\u015f, kocaman bir ev var. Kap\u0131s\u0131 penceresi k\u0131r\u0131k d\u00f6k\u00fck.Soka\u011f\u0131n \u00e7ocuklar\u0131, yani biz, oraya \u201cG\u0131c\u0131rt\u0131l\u0131 Konak\u201d deriz.\u0130\u015fte maceram\u0131z tam burada ba\u015flad\u0131. Madem terk edilmi\u015f bir ev var, Bulut\u2019la bah\u00e7esine k\u00f6peklerimiz i\u00e7in bir bar\u0131nak yapal\u0131m, dedik. Konak sand\u0131\u011f\u0131m\u0131z gibi bo\u015f de\u011filmi\u015f iyi mi! Me\u011fer i\u00e7inde neler varm\u0131\u015f neler! Acar iki dedektif, kollar\u0131 s\u0131vad\u0131k ve kendimizi m\u00fcthi\u015f bir olay\u0131n i\u00e7inde bulduk. Nefes kesti ama de\u011fdi Okurken \u00e2deta bizimle ya\u015fayacaks\u0131n\u0131z!<\/p>\n","protected":false},"excerpt":{"rendered":"<p>Arkada\u015f\u0131m Bulut\u2019la birinci s\u0131n\u0131ftan beri ayn\u0131 s\u0131rada otururuz. S\u0131k\u0131 dost oldu\u011fumuz do\u011fru. Bulut\u2019un derslerle aras\u0131 pek yoktur ama hayvanlarla \u00e7ok iyi anla\u015f\u0131r. Bizim soka\u011f\u0131n ba\u015f\u0131nda terk<span class=\"excerpt-hellip\"> [\u2026]<\/span><\/p>\n","protected":false},"featured_media":0,"template":"","meta":{"_monsterinsights_skip_tracking":false,"_monsterinsights_sitenote_active":false,"_monsterinsights_sitenote_note":"","_monsterinsights_sitenote_category":0},"product_brand":[],"product_cat":[12274,12284],"product_tag":[],"class_list":{"0":"post-724137","1":"product","2":"type-product","3":"status-publish","5":"product_cat-cocuk-ve-genclik-kitaplari","6":"product_cat-hikayeler","7":"pa_cilt-ciltsiz","8":"pa_tur-kitap","9":"pa_yayinevi-genc-hayat","10":"pa_yazar-nehir-aydin-gokduman","12":"first","13":"instock","14":"sale","15":"shipping-taxable","16":"purchasable","17":"product-type-simple"},"_links":{"self":[{"href":"https:\/\/roveyayinevi.com.tr\/index.php\/wp-json\/wp\/v2\/product\/724137","targetHints":{"allow":["GET"]}}],"collection":[{"href":"https:\/\/roveyayinevi.com.tr\/index.php\/wp-json\/wp\/v2\/product"}],"about":[{"href":"https:\/\/roveyayinevi.com.tr\/index.php\/wp-json\/wp\/v2\/types\/product"}],"wp:attachment":[{"href":"https:\/\/roveyayinevi.com.tr\/index.php\/wp-json\/wp\/v2\/media?parent=724137"}],"wp:term":[{"taxonomy":"product_brand","embeddable":true,"href":"https:\/\/roveyayinevi.com.tr\/index.php\/wp-json\/wp\/v2\/product_brand?post=724137"},{"taxonomy":"product_cat","embeddable":true,"href":"https:\/\/roveyayinevi.com.tr\/index.php\/wp-json\/wp\/v2\/product_cat?post=724137"},{"taxonomy":"product_tag","embeddable":true,"href":"https:\/\/roveyayinevi.com.tr\/index.php\/wp-json\/wp\/v2\/product_tag?post=724137"}],"curies":[{"name":"wp","href":"https:\/\/api.w.org\/{rel}","templated":true}]}}