{"id":724133,"date":"2025-08-27T19:29:51","date_gmt":"2025-08-27T16:29:51","guid":{"rendered":"https:\/\/roveyayinevi.com.tr\/index.php\/urun\/hititler-2\/"},"modified":"2026-04-16T02:31:56","modified_gmt":"2026-04-15T23:31:56","slug":"hititler-2","status":"publish","type":"product","link":"https:\/\/roveyayinevi.com.tr\/index.php\/urun\/hititler-2\/","title":{"rendered":"Hititler"},"content":{"rendered":"<p>B\u0130L\u0130NMEYEN B\u0130R D\u00dcNYA \u0130MPARATORLU\u011eU: H\u0130T\u0130TLER\u2026 Hititler, Ge\u00e7 Tun\u00e7 \u00c7a\u011f\u0131\u2019nda Antik Yak\u0131ndo\u011fu\u2019nun en b\u00fcy\u00fck askeri g\u00fcc\u00fc h\u00e2line nas\u0131l geldiler? D\u00fc\u015fmanlar\u0131 kar\u015f\u0131s\u0131ndaki zaaflar\u0131 nelerdi? Anayurtlar\u0131 olan ve denizlerle ba\u011flant\u0131s\u0131 bulunmayan Anadolu\u2019nun \u0131rmaklar\u0131n\u0131n seyr\u00fcsefere imk\u00e2n tan\u0131may\u0131\u015f\u0131 kar\u015f\u0131s\u0131nda ne t\u00fcr \u00f6nlemler alm\u0131\u015flard\u0131? N\u00fcfuslar\u0131n\u0131n azl\u0131\u011f\u0131yla ve kimi zaman \u00fclkelerini kas\u0131p kavuran salg\u0131n hastal\u0131klarla nas\u0131l m\u00fccadele ediyorlard\u0131? Bu antik imparatorlu\u011fun y\u00fckseli\u015finin ve parlak ba\u015far\u0131lar\u0131n\u0131n arkas\u0131nda hangi g\u00fc\u00e7ler yat\u0131yordu?   Antik d\u00fcnyan\u0131n, tarihi \u00fc\u00e7 bin y\u0131ldan fazla bir s\u00fcredir kay\u0131tlardan silinmi\u015f olan ve en gizemli uygarl\u0131klar\u0131ndan biri olarak g\u00f6sterilen Hititleri olabildi\u011fince canl\u0131 ve al\u0131\u015f\u0131lmad\u0131k bir \u00fcslupla kaleme alan Trevor Bryce, hem Hitit sava\u015f\u00e7\u0131lar\u0131n\u0131 hem de Hititlerin toplumsal, din\u00ee ve siyas\u00ee k\u00fclt\u00fcr\u00fcn\u00fc a\u00e7\u0131\u011fa \u00e7\u0131kar\u0131yor. \u00c7ok say\u0131da soruya yeni \u00e7\u00f6z\u00fcmler \u00f6neren Bryce, bir yandan Kade\u015f Muharebesi\u2019nde (M\u00d6 1274) II. Ramses\u2019i neredeyse bozguna u\u011fratmay\u0131 ba\u015faran Hititlerin sava\u015f arabalar\u0131n\u0131 nas\u0131l ustal\u0131kla kulland\u0131klar\u0131 konusundaki s\u0131r perdesini ortadan kald\u0131r\u0131rken, di\u011fer yandan kendilerini panteonlar\u0131ndaki ibadetlerine aday\u0131\u015flar\u0131n\u0131 masals\u0131 bir dille anlat\u0131yor. Y\u00fczy\u0131llar boyunca otoritelerini peki\u015ftirmelerini sa\u011flayan yeni bir diplomatik sistemi nas\u0131l dahice idare ettiklerini detayl\u0131 bi\u00e7imde okuyucuya sunuyor.   Hititlerin askerlikteki ustal\u0131klar\u0131 d\u0131\u015f\u0131nda \u00fczerinde durulmas\u0131 gereken bir\u00e7ok s\u0131ra d\u0131\u015f\u0131 konuya dikkat \u00e7eken elinizdeki eserle birlikte Hititlerin d\u00fcnyas\u0131ndaki festivallere, in\u015fa ettikleri tap\u0131nak ve saraylara konuk olacak; geleneklerini, bat\u0131l inan\u00e7lar\u0131n\u0131 ve i\u015fledikleri su\u00e7lar\u0131 \u00f6\u011frenecek, kraldan k\u00f6leye uzanan toplumsal hiyerar\u015filerini ke\u015ffedecek, antik d\u00f6nem evlilikleri gibi pek \u00e7ok ilgin\u00e7 konuda bilgi sahibi olacaks\u0131n\u0131z.\u201cHititler: Anadolu Sava\u015f\u00e7\u0131lar\u0131\u201d, okuyucuyu destans\u0131 ihti\u015famla g\u00fcnl\u00fck ya\u015fam\u0131n mahremiyeti aras\u0131nda yolculu\u011fa \u00e7\u0131karan, haritalarla ve resimlerle donat\u0131lm\u0131\u015f bir tarih ve k\u00fclt\u00fcr ba\u015fyap\u0131t\u0131\u2026<\/p>\n","protected":false},"excerpt":{"rendered":"<p>B\u0130L\u0130NMEYEN B\u0130R D\u00dcNYA \u0130MPARATORLU\u011eU: H\u0130T\u0130TLER\u2026 Hititler, Ge\u00e7 Tun\u00e7 \u00c7a\u011f\u0131\u2019nda Antik Yak\u0131ndo\u011fu\u2019nun en b\u00fcy\u00fck askeri g\u00fcc\u00fc h\u00e2line nas\u0131l geldiler? D\u00fc\u015fmanlar\u0131 kar\u015f\u0131s\u0131ndaki zaaflar\u0131 nelerdi? Anayurtlar\u0131 olan ve denizlerle<span class=\"excerpt-hellip\"> [\u2026]<\/span><\/p>\n","protected":false},"featured_media":0,"template":"","meta":{"_monsterinsights_skip_tracking":false,"_monsterinsights_sitenote_active":false,"_monsterinsights_sitenote_note":"","_monsterinsights_sitenote_category":0},"product_brand":[],"product_cat":[12370,12304],"product_tag":[],"class_list":{"0":"post-724133","1":"product","2":"type-product","3":"status-publish","5":"product_cat-arastirma-inceleme","6":"product_cat-tarih","7":"pa_cilt-ciltsiz","8":"pa_tur-kitap","9":"pa_yayinevi-kronik-kitap","10":"pa_yazar-trevor-bryce","12":"first","13":"instock","14":"sale","15":"shipping-taxable","16":"purchasable","17":"product-type-simple"},"_links":{"self":[{"href":"https:\/\/roveyayinevi.com.tr\/index.php\/wp-json\/wp\/v2\/product\/724133","targetHints":{"allow":["GET"]}}],"collection":[{"href":"https:\/\/roveyayinevi.com.tr\/index.php\/wp-json\/wp\/v2\/product"}],"about":[{"href":"https:\/\/roveyayinevi.com.tr\/index.php\/wp-json\/wp\/v2\/types\/product"}],"wp:attachment":[{"href":"https:\/\/roveyayinevi.com.tr\/index.php\/wp-json\/wp\/v2\/media?parent=724133"}],"wp:term":[{"taxonomy":"product_brand","embeddable":true,"href":"https:\/\/roveyayinevi.com.tr\/index.php\/wp-json\/wp\/v2\/product_brand?post=724133"},{"taxonomy":"product_cat","embeddable":true,"href":"https:\/\/roveyayinevi.com.tr\/index.php\/wp-json\/wp\/v2\/product_cat?post=724133"},{"taxonomy":"product_tag","embeddable":true,"href":"https:\/\/roveyayinevi.com.tr\/index.php\/wp-json\/wp\/v2\/product_tag?post=724133"}],"curies":[{"name":"wp","href":"https:\/\/api.w.org\/{rel}","templated":true}]}}