{"id":724130,"date":"2025-08-27T19:29:49","date_gmt":"2025-08-27T16:29:49","guid":{"rendered":"https:\/\/roveyayinevi.com.tr\/index.php\/urun\/kiyamet-gunleri-dunyanin-sonuna-dair-kisa-bir-rehber\/"},"modified":"2026-04-16T02:31:56","modified_gmt":"2026-04-15T23:31:56","slug":"kiyamet-gunleri-dunyanin-sonuna-dair-kisa-bir-rehber","status":"publish","type":"product","link":"https:\/\/roveyayinevi.com.tr\/index.php\/urun\/kiyamet-gunleri-dunyanin-sonuna-dair-kisa-bir-rehber\/","title":{"rendered":"K\u0131yamet G\u00fcnleri : D\u00fcnyan\u0131n Sonuna Dair K\u0131sa Bir Rehber"},"content":{"rendered":"<p>Yok olu\u015fumuza ne sebep olacak?    Kendimizi ve gelece\u011fimizi nas\u0131l kurtarabiliriz?    K\u0131yamet G\u00fcnleri insanl\u0131\u011f\u0131n kar\u015f\u0131 kar\u015f\u0131ya oldu\u011fu en \u00f6nemli sorular\u0131 cevapl\u0131yor.    Meteorlar, salg\u0131n hastal\u0131klar, n\u00fckleer sava\u015f, iklim de\u011fi\u015fikli\u011fi, s\u00fcper volkanlar, biyoteknoloji, yapay zek\u00e2 ve d\u00fcnya d\u0131\u015f\u0131 ak\u0131ll\u0131 ya\u015fam\u2026 Kitapta tek tek ele al\u0131nan bu konular bizi bekleyen en feci felaketlerin \u00e7arp\u0131c\u0131 bir panoramik resmini olu\u015fturuyor.    On be\u015f y\u0131ll\u0131k k\u0131demli bilim muhabiri ve TIME edit\u00f6r\u00fc olan Bryan Walsh, ara\u015ft\u0131rmas\u0131nda, varolu\u015fsal riskin modern bir analizini yap\u0131p tehlikeli hatalar\u0131m\u0131z\u0131 ortaya koyuyor. \u0130\u015fi d\u00fc\u015f\u00fcn\u00fclemez olan\u0131 d\u00fc\u015f\u00fcnmek olan insanlar\u0131 ziyaret ederek, savunma cephesinin en \u00f6n hatlar\u0131nda bulunanlarla r\u00f6portaj yap\u0131yor. Walsh\u2019un a\u00e7\u0131klay\u0131c\u0131 ve s\u00fcr\u00fckleyici kitab\u0131n\u0131n rehberli\u011finde NASA\u2019daki meteor avc\u0131lar\u0131n\u0131, bir sonraki katil vir\u00fcs\u00fcn izini s\u00fcren hastal\u0131k dedektiflerini ve bilim d\u00fcnyas\u0131n\u0131n daha bir\u00e7ok y\u0131ld\u0131z\u0131n\u0131 takip ediyor; kendimizi korumak ve uygarl\u0131\u011f\u0131m\u0131z\u0131n gelece\u011fini garanti alt\u0131na almak i\u00e7in atabilece\u011fimiz somut ad\u0131mlar\u0131n fark\u0131na var\u0131yoruz.    Sonunda gelece\u011fi belirleyen bilgimizin derinli\u011fi, hayal g\u00fcc\u00fcm\u00fcz\u00fcn y\u00fcksekli\u011fi ve hayatta kalma iste\u011fimiz olacak\u2026         \u201cRahat bozucu, s\u00fcr\u00fckleyici ve nihayetinde umut dolu bir harekete ge\u00e7me \u00e7a\u011fr\u0131s\u0131.\u201d                                                                                                                                    KIRKUS   &#8220;Walsh sansasyonel k\u00f6t\u00fcmserlikten ho\u015flanm\u0131yor. Zorlu bir konunun \u00fcstesinden gelebilmek i\u00e7in biyologlar, klimatologlar, antropologlar, jeologlar, astronomlar ve hatta bir ahlak filozofuyla r\u00f6portaj yap\u0131yor. O zorlu konu: insanl\u0131\u011f\u0131n yok olu\u015fu.\u201d                                                                                                                                       Publishers Weekly <\/p>\n","protected":false},"excerpt":{"rendered":"<p>Yok olu\u015fumuza ne sebep olacak? Kendimizi ve gelece\u011fimizi nas\u0131l kurtarabiliriz? K\u0131yamet G\u00fcnleri insanl\u0131\u011f\u0131n kar\u015f\u0131 kar\u015f\u0131ya oldu\u011fu en \u00f6nemli sorular\u0131 cevapl\u0131yor. Meteorlar, salg\u0131n hastal\u0131klar, n\u00fckleer sava\u015f, iklim<span class=\"excerpt-hellip\"> [\u2026]<\/span><\/p>\n","protected":false},"featured_media":0,"template":"","meta":{"_monsterinsights_skip_tracking":false,"_monsterinsights_sitenote_active":false,"_monsterinsights_sitenote_note":"","_monsterinsights_sitenote_category":0},"product_brand":[],"product_cat":[12370,12304],"product_tag":[],"class_list":{"0":"post-724130","1":"product","2":"type-product","3":"status-publish","5":"product_cat-arastirma-inceleme","6":"product_cat-tarih","7":"pa_cilt-ciltsiz","8":"pa_tur-kitap","9":"pa_yayinevi-profil-kitap","10":"pa_yazar-bryan-walsh","12":"first","13":"instock","14":"sale","15":"shipping-taxable","16":"purchasable","17":"product-type-simple"},"_links":{"self":[{"href":"https:\/\/roveyayinevi.com.tr\/index.php\/wp-json\/wp\/v2\/product\/724130","targetHints":{"allow":["GET"]}}],"collection":[{"href":"https:\/\/roveyayinevi.com.tr\/index.php\/wp-json\/wp\/v2\/product"}],"about":[{"href":"https:\/\/roveyayinevi.com.tr\/index.php\/wp-json\/wp\/v2\/types\/product"}],"wp:attachment":[{"href":"https:\/\/roveyayinevi.com.tr\/index.php\/wp-json\/wp\/v2\/media?parent=724130"}],"wp:term":[{"taxonomy":"product_brand","embeddable":true,"href":"https:\/\/roveyayinevi.com.tr\/index.php\/wp-json\/wp\/v2\/product_brand?post=724130"},{"taxonomy":"product_cat","embeddable":true,"href":"https:\/\/roveyayinevi.com.tr\/index.php\/wp-json\/wp\/v2\/product_cat?post=724130"},{"taxonomy":"product_tag","embeddable":true,"href":"https:\/\/roveyayinevi.com.tr\/index.php\/wp-json\/wp\/v2\/product_tag?post=724130"}],"curies":[{"name":"wp","href":"https:\/\/api.w.org\/{rel}","templated":true}]}}