{"id":724129,"date":"2025-08-27T19:29:49","date_gmt":"2025-08-27T16:29:49","guid":{"rendered":"https:\/\/roveyayinevi.com.tr\/index.php\/urun\/cicekler-meyveler-sebzeler-cizim-sanati-10\/"},"modified":"2026-04-16T02:31:56","modified_gmt":"2026-04-15T23:31:56","slug":"cicekler-meyveler-sebzeler-cizim-sanati-10","status":"publish","type":"product","link":"https:\/\/roveyayinevi.com.tr\/index.php\/urun\/cicekler-meyveler-sebzeler-cizim-sanati-10\/","title":{"rendered":"\u00c7i\u00e7ekler Meyveler Sebzeler &#8211; \u00c7izim Sanat\u0131 10"},"content":{"rendered":"<p>Giovanni Civardi&#8217;nin \u00c7izim Sanat\u0131 serisinin 10. kitab\u0131 olan \u00c7i\u00e7ekler, Meyveler ve Sebzeler do\u011fal formlar\u0131 \u00e7izmek i\u00e7in basit yakla\u015f\u0131mlar sunuyor. Detayl\u0131 bir eskiz defteri bulunduran kitapta ayr\u0131ca kompozisyon, bitki anatomisi, yap\u0131 ve \u00e7izim a\u015famalar\u0131 da ele al\u0131n\u0131yor. Hem botanik hem de sanatsal \u00e7izimler i\u00e7in bir yol g\u00f6sterici olan \u00c7i\u00e7ekler, Meyveler ve Sebzeler kitab\u0131 \u0131\u015f\u0131klar ve perspektif konular\u0131na da de\u011finilmi\u015f.<\/p>\n","protected":false},"excerpt":{"rendered":"<p>Giovanni Civardi&#8217;nin \u00c7izim Sanat\u0131 serisinin 10. kitab\u0131 olan \u00c7i\u00e7ekler, Meyveler ve Sebzeler do\u011fal formlar\u0131 \u00e7izmek i\u00e7in basit yakla\u015f\u0131mlar sunuyor. Detayl\u0131 bir eskiz defteri bulunduran kitapta ayr\u0131ca<span class=\"excerpt-hellip\"> [\u2026]<\/span><\/p>\n","protected":false},"featured_media":0,"template":"","meta":{"_monsterinsights_skip_tracking":false,"_monsterinsights_sitenote_active":false,"_monsterinsights_sitenote_note":"","_monsterinsights_sitenote_category":0},"product_brand":[],"product_cat":[15733,12408],"product_tag":[],"class_list":{"0":"post-724129","1":"product","2":"type-product","3":"status-publish","5":"product_cat-resim","6":"product_cat-sanat","7":"pa_cilt-ciltsiz","8":"pa_tur-kitap","9":"pa_yayinevi-beta-kitap","10":"pa_yazar-giovanni-civardi","12":"first","13":"instock","14":"sale","15":"shipping-taxable","16":"purchasable","17":"product-type-simple"},"_links":{"self":[{"href":"https:\/\/roveyayinevi.com.tr\/index.php\/wp-json\/wp\/v2\/product\/724129","targetHints":{"allow":["GET"]}}],"collection":[{"href":"https:\/\/roveyayinevi.com.tr\/index.php\/wp-json\/wp\/v2\/product"}],"about":[{"href":"https:\/\/roveyayinevi.com.tr\/index.php\/wp-json\/wp\/v2\/types\/product"}],"wp:attachment":[{"href":"https:\/\/roveyayinevi.com.tr\/index.php\/wp-json\/wp\/v2\/media?parent=724129"}],"wp:term":[{"taxonomy":"product_brand","embeddable":true,"href":"https:\/\/roveyayinevi.com.tr\/index.php\/wp-json\/wp\/v2\/product_brand?post=724129"},{"taxonomy":"product_cat","embeddable":true,"href":"https:\/\/roveyayinevi.com.tr\/index.php\/wp-json\/wp\/v2\/product_cat?post=724129"},{"taxonomy":"product_tag","embeddable":true,"href":"https:\/\/roveyayinevi.com.tr\/index.php\/wp-json\/wp\/v2\/product_tag?post=724129"}],"curies":[{"name":"wp","href":"https:\/\/api.w.org\/{rel}","templated":true}]}}