{"id":724128,"date":"2025-08-27T19:29:48","date_gmt":"2025-08-27T16:29:48","guid":{"rendered":"https:\/\/roveyayinevi.com.tr\/index.php\/urun\/anilar-bellegimizin-bekcileridir\/"},"modified":"2026-04-16T02:31:56","modified_gmt":"2026-04-15T23:31:56","slug":"anilar-bellegimizin-bekcileridir","status":"publish","type":"product","link":"https:\/\/roveyayinevi.com.tr\/index.php\/urun\/anilar-bellegimizin-bekcileridir\/","title":{"rendered":"An\u0131lar Belle\u011fimizin Bek\u00e7ileridir"},"content":{"rendered":"<p>\u201c\u0130nsan ya\u015fam\u0131nda baz\u0131 d\u00f6nemler vard\u0131r ki i\u00e7inde ya\u015farken de \u00f6nemli oldu\u011funu hissedersiniz ama y\u0131llar ge\u00e7tik\u00e7e bu \u00f6nem daha da artar. Sizden ba\u011f\u0131ms\u0131zla\u015f\u0131r. Size ait bir an\u0131 olmaktan \u00e7\u0131kar ve kendi tarihini yarat\u0131r.\u201d (Z\u00fclf\u00fc Livaneli, Sevdal\u0131m Hayat)Bu bir kahramanl\u0131k hikayesi de\u011fil. Bu yaln\u0131zca, zaman\u0131n sisleri ard\u0131nda kalan bir gen\u00e7lik hat\u0131ras\u0131. Bu, ayn\u0131 yolda yan yana y\u00fcr\u00fcyen, ortak hayalleri, idealleri olan bir avu\u00e7 insan\u0131n hayat\u0131n k\u0131sa bir diliminde payla\u015ft\u0131klar\u0131n\u0131n hikayesi.\u00c7ok mu gen\u00e7tik? Ak\u0131p giden hayat kar\u015f\u0131s\u0131nda \u00e7ok mu aceleciydik? \u0130deallerimiz u\u011fruna \u00e7ok mu \u015feyi g\u00f6ze alm\u0131\u015ft\u0131k? Hayallerimiz \u00e7ok mu ula\u015f\u0131lmaz, vard\u0131\u011f\u0131m\u0131z sonu\u00e7lar \u00e7ok mu ac\u0131mas\u0131zd\u0131?Aradan ge\u00e7en elli y\u0131la ra\u011fmen bu sorulara cevap vermek hala hi\u00e7 kolay de\u011fil. Gen\u00e7lik g\u00fcnlerimizin heyecan\u0131n\u0131 bir \u015f\u00f6len havas\u0131yla birlikte ya\u015fad\u0131\u011f\u0131m\u0131z dostlar\u0131m\u0131z\u0131n, yolda\u015flar\u0131m\u0131z\u0131n \u00e7o\u011fu birer birer gittiler. \u015eimdi yaln\u0131z hat\u0131ralar\u0131 var o g\u00fczel insanlar\u0131n ve o bayram g\u00fcnlerinin.An\u0131lar belle\u011fimizin bek\u00e7ileridir, kalbimizi temizlerler, iyi bak\u0131n onlara&#8230;<\/p>\n","protected":false},"excerpt":{"rendered":"<p>\u201c\u0130nsan ya\u015fam\u0131nda baz\u0131 d\u00f6nemler vard\u0131r ki i\u00e7inde ya\u015farken de \u00f6nemli oldu\u011funu hissedersiniz ama y\u0131llar ge\u00e7tik\u00e7e bu \u00f6nem daha da artar. Sizden ba\u011f\u0131ms\u0131zla\u015f\u0131r. Size ait bir an\u0131<span class=\"excerpt-hellip\"> [\u2026]<\/span><\/p>\n","protected":false},"featured_media":0,"template":"","meta":{"_monsterinsights_skip_tracking":false,"_monsterinsights_sitenote_active":false,"_monsterinsights_sitenote_note":"","_monsterinsights_sitenote_category":0},"product_brand":[],"product_cat":[12304,14128],"product_tag":[],"class_list":{"0":"post-724128","1":"product","2":"type-product","3":"status-publish","5":"product_cat-tarih","6":"product_cat-yakin-tarih","7":"pa_cilt-ciltsiz","8":"pa_tur-kitap","9":"pa_yayinevi-ayrinti-yayinlari","10":"pa_yazar-tayfur-cinemre","12":"first","13":"instock","14":"sale","15":"shipping-taxable","16":"purchasable","17":"product-type-simple"},"_links":{"self":[{"href":"https:\/\/roveyayinevi.com.tr\/index.php\/wp-json\/wp\/v2\/product\/724128","targetHints":{"allow":["GET"]}}],"collection":[{"href":"https:\/\/roveyayinevi.com.tr\/index.php\/wp-json\/wp\/v2\/product"}],"about":[{"href":"https:\/\/roveyayinevi.com.tr\/index.php\/wp-json\/wp\/v2\/types\/product"}],"wp:attachment":[{"href":"https:\/\/roveyayinevi.com.tr\/index.php\/wp-json\/wp\/v2\/media?parent=724128"}],"wp:term":[{"taxonomy":"product_brand","embeddable":true,"href":"https:\/\/roveyayinevi.com.tr\/index.php\/wp-json\/wp\/v2\/product_brand?post=724128"},{"taxonomy":"product_cat","embeddable":true,"href":"https:\/\/roveyayinevi.com.tr\/index.php\/wp-json\/wp\/v2\/product_cat?post=724128"},{"taxonomy":"product_tag","embeddable":true,"href":"https:\/\/roveyayinevi.com.tr\/index.php\/wp-json\/wp\/v2\/product_tag?post=724128"}],"curies":[{"name":"wp","href":"https:\/\/api.w.org\/{rel}","templated":true}]}}