{"id":724127,"date":"2025-08-27T19:29:47","date_gmt":"2025-08-27T16:29:47","guid":{"rendered":"https:\/\/roveyayinevi.com.tr\/index.php\/urun\/futbolcu-tembel-fare-tini-dizisi-8\/"},"modified":"2026-04-16T02:31:56","modified_gmt":"2026-04-15T23:31:56","slug":"futbolcu-tembel-fare-tini-dizisi-8","status":"publish","type":"product","link":"https:\/\/roveyayinevi.com.tr\/index.php\/urun\/futbolcu-tembel-fare-tini-dizisi-8\/","title":{"rendered":"Futbolcu &#8211; Tembel Fare Tini Dizisi 8"},"content":{"rendered":"<p>Ayla \u00c7\u0131naro\u011flu ile Mustafa Delio\u011flu&#8217;nun hayat verdi\u011fi &#8221;Tembel Fare Tini&#8221;, sekizinci ser\u00fcveni Futbolcu&#8217;da bu kez topu a\u011flardan kurtarmaya \u00e7al\u0131\u015f\u0131yor!Tini&#8217;nin k\u0131vrak bir kaleci edas\u0131yla okurunu selamlad\u0131\u011f\u0131 bu e\u011flenceli \u00f6yk\u00fc, sporun hayat\u0131m\u0131zdaki yeri ve \u00f6nemi \u00fczerine de\u011ferli payla\u015f\u0131mlarda bulunuyor.Sporda en zorlu hedeflerin s\u0131k\u0131 ve d\u00fczenli antrenmanla elde edilebilece\u011fini vurgulayan kitap, ba\u015far\u0131ya ula\u015fman\u0131n inanmaktan ve asla pes etmemekten ge\u00e7ti\u011fini hat\u0131rlat\u0131yor.K\u00fc\u00e7\u00fck Tini \u00f6ylesine tembel ki\u2026 Spor yapmaya ne mecali var ne niyeti. Televizyonda ma\u00e7lar\u0131 seyrederken zaten sportif bir aktiviteye kat\u0131lm\u0131\u015f oluyor, \u00fcst\u00fcne bir de top oynamas\u0131 m\u0131 gerekiyor? Oysa spor \u00f6\u011fretmenlerine g\u00f6re mutlaka okulun voleybol, basketbol veya futbol tak\u0131mlar\u0131ndan birine kat\u0131lmal\u0131! Peki ama, hangisine? Spor yapmak hem yorucu hem s\u0131k\u0131c\u0131! Hele bir de karar vermek&#8230; Evet, buldu! Ko\u015fmayaca\u011f\u0131 ve yorulmayaca\u011f\u0131 rol sizce ne olabilir?\u00c7ocuklara spor bilinci a\u015f\u0131larken tak\u0131m ruhunun \u00f6nemine de\u011finen Tembel Fare Tini &#8211; Futbolcu, erken ya\u015fta ba\u015flanan spor faaliyetlerinin fiziksel, bili\u015fsel ve duygusal geli\u015fime olan faydalar\u0131ndan bahsetmeyi de ihmal etmiyor.<\/p>\n","protected":false},"excerpt":{"rendered":"<p>Ayla \u00c7\u0131naro\u011flu ile Mustafa Delio\u011flu&#8217;nun hayat verdi\u011fi &#8221;Tembel Fare Tini&#8221;, sekizinci ser\u00fcveni Futbolcu&#8217;da bu kez topu a\u011flardan kurtarmaya \u00e7al\u0131\u015f\u0131yor!Tini&#8217;nin k\u0131vrak bir kaleci edas\u0131yla okurunu selamlad\u0131\u011f\u0131 bu<span class=\"excerpt-hellip\"> [\u2026]<\/span><\/p>\n","protected":false},"featured_media":0,"template":"","meta":{"_monsterinsights_skip_tracking":false,"_monsterinsights_sitenote_active":false,"_monsterinsights_sitenote_note":"","_monsterinsights_sitenote_category":0},"product_brand":[],"product_cat":[12274],"product_tag":[],"class_list":{"0":"post-724127","1":"product","2":"type-product","3":"status-publish","5":"product_cat-cocuk-ve-genclik-kitaplari","6":"pa_cilt-ciltsiz","7":"pa_tur-kitap","8":"pa_yayinevi-ucanbalik-yayincilik","9":"pa_yazar-ayla-cinaroglu","11":"first","12":"instock","13":"sale","14":"shipping-taxable","15":"purchasable","16":"product-type-simple"},"_links":{"self":[{"href":"https:\/\/roveyayinevi.com.tr\/index.php\/wp-json\/wp\/v2\/product\/724127","targetHints":{"allow":["GET"]}}],"collection":[{"href":"https:\/\/roveyayinevi.com.tr\/index.php\/wp-json\/wp\/v2\/product"}],"about":[{"href":"https:\/\/roveyayinevi.com.tr\/index.php\/wp-json\/wp\/v2\/types\/product"}],"wp:attachment":[{"href":"https:\/\/roveyayinevi.com.tr\/index.php\/wp-json\/wp\/v2\/media?parent=724127"}],"wp:term":[{"taxonomy":"product_brand","embeddable":true,"href":"https:\/\/roveyayinevi.com.tr\/index.php\/wp-json\/wp\/v2\/product_brand?post=724127"},{"taxonomy":"product_cat","embeddable":true,"href":"https:\/\/roveyayinevi.com.tr\/index.php\/wp-json\/wp\/v2\/product_cat?post=724127"},{"taxonomy":"product_tag","embeddable":true,"href":"https:\/\/roveyayinevi.com.tr\/index.php\/wp-json\/wp\/v2\/product_tag?post=724127"}],"curies":[{"name":"wp","href":"https:\/\/api.w.org\/{rel}","templated":true}]}}