{"id":724126,"date":"2025-08-27T19:29:47","date_gmt":"2025-08-27T16:29:47","guid":{"rendered":"https:\/\/roveyayinevi.com.tr\/index.php\/urun\/insan-ruhunun-haritasi\/"},"modified":"2026-04-16T02:31:56","modified_gmt":"2026-04-15T23:31:56","slug":"insan-ruhunun-haritasi","status":"publish","type":"product","link":"https:\/\/roveyayinevi.com.tr\/index.php\/urun\/insan-ruhunun-haritasi\/","title":{"rendered":"\u0130nsan Ruhunun Haritas\u0131"},"content":{"rendered":"<p>\u0130nsan ruhuna yap\u0131lan bir yolculuk \u0130nsan Ruhunun Haritas\u0131 bir\u00e7ok farkl\u0131 a\u00e7\u0131dan ele al\u0131nabilecek zengin bir metin. Kitab\u0131n Ahmet \u00dcmit&#8217;in kendisini oldu\u011fu noktaya getiren yazarlara duydu\u011fu bir minnet borcu oldu\u011funu s\u00f6ylemek de m\u00fcmk\u00fcn. Nitekim Ahmet \u00dcmit\u2019e yazma a\u015fk\u0131n\u0131 a\u015f\u0131layan, ona her \u015feyden \u00f6nce bir ufuk veren bir\u00e7ok de\u011ferli yazar hakk\u0131nda detayl\u0131 ve kapsay\u0131c\u0131 bilgilerle donat\u0131lm\u0131\u015f \u0130nsan Ruhunun Haritas\u0131, \u201c\u0130yi polisiye iyi edebiyatt\u0131r\u201d d\u00fcsturundan da hareket ederek polisiye metinlerin \u00e7\u0131k\u0131\u015f\u0131, geli\u015fimi ve su\u00e7 ve edebiyat aras\u0131ndaki ba\u011flant\u0131 hakk\u0131nda da d\u00fc\u015f\u00fcnmeye itiyor okuru.   Oidipus, Don Ki\u015fot, Madam Bovary, Dimitri Karamazov, Anna Karenina, \u0130nce Memed, Zebercet ve di\u011ferleri, \u00e7o\u011fu ya\u015fam\u0131m\u0131z\u0131 etkilemi\u015f, edebiyat\u0131n bu o\u0308lu\u0308msu\u0308z kahramanlar\u0131na derinden bakarsak kendimizi g\u00f6r\u00fcr\u00fcz. Edebiyat\u0131n bu karakterlerinin \u00fczerini \u00f6rten s\u00f6zc\u00fckleri birazc\u0131k kaz\u0131rsan\u0131z alt\u0131ndan insanl\u0131k \u00e7\u0131kar; ge\u00e7mi\u015ften g\u00fcn\u00fcm\u00fcze, bug\u00fcnden gelece\u011fe akan b\u00fcy\u00fck insanl\u0131k. <\/p>\n","protected":false},"excerpt":{"rendered":"<p>\u0130nsan ruhuna yap\u0131lan bir yolculuk \u0130nsan Ruhunun Haritas\u0131 bir\u00e7ok farkl\u0131 a\u00e7\u0131dan ele al\u0131nabilecek zengin bir metin. Kitab\u0131n Ahmet \u00dcmit&#8217;in kendisini oldu\u011fu noktaya getiren yazarlara duydu\u011fu bir<span class=\"excerpt-hellip\"> [\u2026]<\/span><\/p>\n","protected":false},"featured_media":0,"template":"","meta":{"_monsterinsights_skip_tracking":false,"_monsterinsights_sitenote_active":false,"_monsterinsights_sitenote_note":"","_monsterinsights_sitenote_category":0},"product_brand":[],"product_cat":[12777,12291],"product_tag":[],"class_list":{"0":"post-724126","1":"product","2":"type-product","3":"status-publish","5":"product_cat-deneme","6":"product_cat-edebiyat","7":"pa_cilt-ciltsiz","8":"pa_tur-kitap","9":"pa_yayinevi-yapi-kredi-yayinlari","10":"pa_yazar-ahmet-umit","12":"first","13":"instock","14":"sale","15":"shipping-taxable","16":"purchasable","17":"product-type-simple"},"_links":{"self":[{"href":"https:\/\/roveyayinevi.com.tr\/index.php\/wp-json\/wp\/v2\/product\/724126","targetHints":{"allow":["GET"]}}],"collection":[{"href":"https:\/\/roveyayinevi.com.tr\/index.php\/wp-json\/wp\/v2\/product"}],"about":[{"href":"https:\/\/roveyayinevi.com.tr\/index.php\/wp-json\/wp\/v2\/types\/product"}],"wp:attachment":[{"href":"https:\/\/roveyayinevi.com.tr\/index.php\/wp-json\/wp\/v2\/media?parent=724126"}],"wp:term":[{"taxonomy":"product_brand","embeddable":true,"href":"https:\/\/roveyayinevi.com.tr\/index.php\/wp-json\/wp\/v2\/product_brand?post=724126"},{"taxonomy":"product_cat","embeddable":true,"href":"https:\/\/roveyayinevi.com.tr\/index.php\/wp-json\/wp\/v2\/product_cat?post=724126"},{"taxonomy":"product_tag","embeddable":true,"href":"https:\/\/roveyayinevi.com.tr\/index.php\/wp-json\/wp\/v2\/product_tag?post=724126"}],"curies":[{"name":"wp","href":"https:\/\/api.w.org\/{rel}","templated":true}]}}