{"id":724125,"date":"2025-08-27T19:29:46","date_gmt":"2025-08-27T16:29:46","guid":{"rendered":"https:\/\/roveyayinevi.com.tr\/index.php\/urun\/ask-kopekliktir\/"},"modified":"2026-04-16T02:31:56","modified_gmt":"2026-04-15T23:31:56","slug":"ask-kopekliktir","status":"publish","type":"product","link":"https:\/\/roveyayinevi.com.tr\/index.php\/urun\/ask-kopekliktir\/","title":{"rendered":"A\u015fk K\u00f6pekliktir"},"content":{"rendered":"<p>Ben de en az a\u015fk kadar sa\u00e7may\u0131m\u2026 A\u015fk\u0131n ka\u00e7 y\u00fcz\u00fc, ka\u00e7 hali vard\u0131r? Stefan\u2019la Ay\u015fe\u2019nin a\u015fk\u0131 gibi bir \u00e7e\u015fit k\u00f6peklik midir, yoksa ancak r\u00fcyalarda rastlan\u0131lan bir mucize mi? Profes\u00f6r Numan\u2019\u0131n inand\u0131\u011f\u0131 gibi \u00e7\u00f6z\u00fcms\u00fcz bir problem midir, yoksa Ceren\u2019in sand\u0131\u011f\u0131 gibi bir yan\u0131lsama m\u0131? Belki iki \u00e2\u015f\u0131\u011f\u0131n giri\u015fti\u011fi bir d\u00fcello ya da hi\u00e7bir zaman ger\u00e7ekle\u015fmeyecek bir \u00fctopyad\u0131r! Hem hastal\u0131k hem direni\u015f, hem av hem de avc\u0131 olmakt\u0131r a\u015fk\u2026   A\u015fk r\u00fczg\u00e2r\u0131n s\u00f6yledi\u011fi bir \u015fark\u0131d\u0131r Polisiye romanlar\u0131yla tan\u0131nan Ahmet \u00dcmit, bu kez A\u015fk K\u00f6pekliktir\u2019de \u201ckatil kim?\u201d yerine, binlerce y\u0131ll\u0131k \u201ca\u015fk nedir?\u201d sorusuna yan\u0131t ar\u0131yor. Kitapta bir araya gelen dokuz \u00f6yk\u00fc, bu eskimeyen soruya kendi cevaplar\u0131n\u0131 ararken, bir yandan da her bir hik\u00e2ye farkl\u0131 kurgular\u0131, kahramanlar\u0131, mek\u00e2nlar\u0131 ve Ahmet \u00dcmit\u2019in bildik \u201cgizem\u201dli \u00fcslubuyla okuru pe\u015finden s\u00fcr\u00fcklemeyi ba\u015far\u0131yor.   Zaman insanla oynamay\u0131 seven, hem zalim hem de merhametli bir tanr\u0131d\u0131r. Ona kar\u015f\u0131 \u00e7\u0131kamazs\u0131n, yapman gereken beklemek. Onun, derin bir unutu\u015fla bizi rahatlatacak \u00f6rt\u00fcs\u00fcn\u00fc \u00fczerimize \u00f6rtmesini beklemek&#8230; <\/p>\n","protected":false},"excerpt":{"rendered":"<p>Ben de en az a\u015fk kadar sa\u00e7may\u0131m\u2026 A\u015fk\u0131n ka\u00e7 y\u00fcz\u00fc, ka\u00e7 hali vard\u0131r? Stefan\u2019la Ay\u015fe\u2019nin a\u015fk\u0131 gibi bir \u00e7e\u015fit k\u00f6peklik midir, yoksa ancak r\u00fcyalarda rastlan\u0131lan bir<span class=\"excerpt-hellip\"> [\u2026]<\/span><\/p>\n","protected":false},"featured_media":0,"template":"","meta":{"_monsterinsights_skip_tracking":false,"_monsterinsights_sitenote_active":false,"_monsterinsights_sitenote_note":"","_monsterinsights_sitenote_category":0},"product_brand":[],"product_cat":[13835],"product_tag":[],"class_list":{"0":"post-724125","1":"product","2":"type-product","3":"status-publish","5":"product_cat-cok-satanlar","6":"pa_cilt-ciltsiz","7":"pa_tur-kitap","8":"pa_yayinevi-yapi-kredi-yayinlari","9":"pa_yazar-ahmet-umit","11":"first","12":"instock","13":"sale","14":"shipping-taxable","15":"purchasable","16":"product-type-simple"},"_links":{"self":[{"href":"https:\/\/roveyayinevi.com.tr\/index.php\/wp-json\/wp\/v2\/product\/724125","targetHints":{"allow":["GET"]}}],"collection":[{"href":"https:\/\/roveyayinevi.com.tr\/index.php\/wp-json\/wp\/v2\/product"}],"about":[{"href":"https:\/\/roveyayinevi.com.tr\/index.php\/wp-json\/wp\/v2\/types\/product"}],"wp:attachment":[{"href":"https:\/\/roveyayinevi.com.tr\/index.php\/wp-json\/wp\/v2\/media?parent=724125"}],"wp:term":[{"taxonomy":"product_brand","embeddable":true,"href":"https:\/\/roveyayinevi.com.tr\/index.php\/wp-json\/wp\/v2\/product_brand?post=724125"},{"taxonomy":"product_cat","embeddable":true,"href":"https:\/\/roveyayinevi.com.tr\/index.php\/wp-json\/wp\/v2\/product_cat?post=724125"},{"taxonomy":"product_tag","embeddable":true,"href":"https:\/\/roveyayinevi.com.tr\/index.php\/wp-json\/wp\/v2\/product_tag?post=724125"}],"curies":[{"name":"wp","href":"https:\/\/api.w.org\/{rel}","templated":true}]}}