{"id":724124,"date":"2025-08-27T19:29:45","date_gmt":"2025-08-27T16:29:45","guid":{"rendered":"https:\/\/roveyayinevi.com.tr\/index.php\/urun\/elveda-guzel-vatanim\/"},"modified":"2026-04-16T02:31:56","modified_gmt":"2026-04-15T23:31:56","slug":"elveda-guzel-vatanim","status":"publish","type":"product","link":"https:\/\/roveyayinevi.com.tr\/index.php\/urun\/elveda-guzel-vatanim\/","title":{"rendered":"Elveda G\u00fczel Vatan\u0131m"},"content":{"rendered":"<p>\u0130ki a\u015fk\u0131 aras\u0131nda par\u00e7alanan bir adam \u0130kinci Me\u015frutiyet\u2019in yakla\u015ft\u0131\u011f\u0131 g\u00fcnler, Osmanl\u0131 belki de hi\u00e7 ya\u015famad\u0131\u011f\u0131 kadar b\u00fcy\u00fck bir buhran\u0131n, varolu\u015f sanc\u0131s\u0131n\u0131n i\u00e7inde. Hassas, incelikli ve kararl\u0131 \u015eehsuvar\u2019\u0131n sorumluluk bilinci a\u011f\u0131r basar, hem sevgilisi Ester\u2019e hem de i\u00e7indeki yazara s\u0131rt\u0131n\u0131 d\u00f6nerek \u0130ttihat ve Terakki Cemiyeti\u2019ne kat\u0131l\u0131r. B\u00fcy\u00fck ac\u0131lara ve pi\u015fmanl\u0131klara sebep olacak bu karar\u0131ndan d\u00f6nme f\u0131rsat\u0131n\u0131 sonsuza dek ka\u00e7\u0131rm\u0131\u015ft\u0131r art\u0131k.   Elveda G\u00fczel Vatan\u0131m iki ayr\u0131 zaman diliminde ilerleyen, anlat\u0131ld\u0131\u011f\u0131 d\u00f6nemde ya\u015fanan \u00e7alkant\u0131lar\u0131 d\u00fc\u015f\u00fcnd\u00fc\u011f\u00fcm\u00fczde edebiyat\u0131m\u0131zdaki b\u00fcy\u00fck bir eksikli\u011fi dolduran bir roman. Cumhuriyet\u2019in ilk y\u0131llar\u0131ndaki \u201csiyasi hesapla\u015fma\u201d d\u00f6nemine tan\u0131kl\u0131k ederken di\u011fer yandan Osmanl\u0131\u2019n\u0131n son d\u00f6nemine damgas\u0131n\u0131 vuran \u0130ttihat ve Terakki Cemiyeti\u2019nin eylemlerine i\u00e7eriden bir g\u00f6z sayesinde yak\u0131ndan bak\u0131yoruz.   Kendini sevdi\u011fi kad\u0131na adayan fedak\u00e2r bir \u00e2\u015f\u0131k olmak yerine, kendini vatan\u0131na, milletine adayan bir fedai olmak \u00e7ok daha anlaml\u0131 de\u011fil mi? <\/p>\n","protected":false},"excerpt":{"rendered":"<p>\u0130ki a\u015fk\u0131 aras\u0131nda par\u00e7alanan bir adam \u0130kinci Me\u015frutiyet\u2019in yakla\u015ft\u0131\u011f\u0131 g\u00fcnler, Osmanl\u0131 belki de hi\u00e7 ya\u015famad\u0131\u011f\u0131 kadar b\u00fcy\u00fck bir buhran\u0131n, varolu\u015f sanc\u0131s\u0131n\u0131n i\u00e7inde. Hassas, incelikli ve kararl\u0131<span class=\"excerpt-hellip\"> [\u2026]<\/span><\/p>\n","protected":false},"featured_media":0,"template":"","meta":{"_monsterinsights_skip_tracking":false,"_monsterinsights_sitenote_active":false,"_monsterinsights_sitenote_note":"","_monsterinsights_sitenote_category":0},"product_brand":[],"product_cat":[12291,12711],"product_tag":[],"class_list":{"0":"post-724124","1":"product","2":"type-product","3":"status-publish","5":"product_cat-edebiyat","6":"product_cat-roman-oyku","7":"pa_cilt-ciltsiz","8":"pa_tur-kitap","9":"pa_yayinevi-yapi-kredi-yayinlari","10":"pa_yazar-ahmet-umit","12":"first","13":"instock","14":"sale","15":"shipping-taxable","16":"purchasable","17":"product-type-simple"},"_links":{"self":[{"href":"https:\/\/roveyayinevi.com.tr\/index.php\/wp-json\/wp\/v2\/product\/724124","targetHints":{"allow":["GET"]}}],"collection":[{"href":"https:\/\/roveyayinevi.com.tr\/index.php\/wp-json\/wp\/v2\/product"}],"about":[{"href":"https:\/\/roveyayinevi.com.tr\/index.php\/wp-json\/wp\/v2\/types\/product"}],"wp:attachment":[{"href":"https:\/\/roveyayinevi.com.tr\/index.php\/wp-json\/wp\/v2\/media?parent=724124"}],"wp:term":[{"taxonomy":"product_brand","embeddable":true,"href":"https:\/\/roveyayinevi.com.tr\/index.php\/wp-json\/wp\/v2\/product_brand?post=724124"},{"taxonomy":"product_cat","embeddable":true,"href":"https:\/\/roveyayinevi.com.tr\/index.php\/wp-json\/wp\/v2\/product_cat?post=724124"},{"taxonomy":"product_tag","embeddable":true,"href":"https:\/\/roveyayinevi.com.tr\/index.php\/wp-json\/wp\/v2\/product_tag?post=724124"}],"curies":[{"name":"wp","href":"https:\/\/api.w.org\/{rel}","templated":true}]}}