{"id":724123,"date":"2025-08-27T19:29:44","date_gmt":"2025-08-27T16:29:44","guid":{"rendered":"https:\/\/roveyayinevi.com.tr\/index.php\/urun\/turkiyede-radyo-tiyatrolarinin-ilk-yillari-radyofonik-piyesler\/"},"modified":"2026-04-16T02:31:56","modified_gmt":"2026-04-15T23:31:56","slug":"turkiyede-radyo-tiyatrolarinin-ilk-yillari-radyofonik-piyesler","status":"publish","type":"product","link":"https:\/\/roveyayinevi.com.tr\/index.php\/urun\/turkiyede-radyo-tiyatrolarinin-ilk-yillari-radyofonik-piyesler\/","title":{"rendered":"T\u00fcrkiye&#8217;de Radyo Tiyatrolar\u0131n\u0131n \u0130lk Y\u0131llar\u0131 Radyofonik Piyesler"},"content":{"rendered":"<p>Radyo tiyatrolar\u0131, radyolar i\u00e7in gerek metnin zorlu\u011fu gerekse temsil edilme \u015fekli bak\u0131m\u0131ndan belli bir kabiliyet gerektiren, me\u015fakkatli bir yay\u0131n t\u00fcr\u00fcd\u00fcr. \u00d6rne\u011fin, tiyatro sahnesinde izleyicinin tepkisi anl\u0131k olarak al\u0131nabilirken radyo tiyatrosu dinleyicilerinin tepkilerini bire bir almak imk\u00e2ns\u0131zd\u0131r. Yap\u0131s\u0131 gere\u011fi bu ve buna benzer bir\u00e7ok zorlu\u011fu b\u00fcnyesinde bar\u0131nd\u0131ran radyo tiyatrolar\u0131n\u0131n, zihinlere \u00e7izilen sihirli bir yolculuk oldu\u011funu s\u00f6ylemek yerinde olur. \u0130\u015fte bu kitap da bu yolculu\u011fun hem d\u00f6nemsel hem de imgesel bir \u00fcr\u00fcn\u00fc\u2026<\/p>\n","protected":false},"excerpt":{"rendered":"<p>Radyo tiyatrolar\u0131, radyolar i\u00e7in gerek metnin zorlu\u011fu gerekse temsil edilme \u015fekli bak\u0131m\u0131ndan belli bir kabiliyet gerektiren, me\u015fakkatli bir yay\u0131n t\u00fcr\u00fcd\u00fcr. \u00d6rne\u011fin, tiyatro sahnesinde izleyicinin tepkisi anl\u0131k<span class=\"excerpt-hellip\"> [\u2026]<\/span><\/p>\n","protected":false},"featured_media":0,"template":"","meta":{"_monsterinsights_skip_tracking":false,"_monsterinsights_sitenote_active":false,"_monsterinsights_sitenote_note":"","_monsterinsights_sitenote_category":0},"product_brand":[],"product_cat":[15983,13488],"product_tag":[],"class_list":{"0":"post-724123","1":"product","2":"type-product","3":"status-publish","5":"product_cat-iletisim-ve-medya","6":"product_cat-toplum-ve-insan","7":"pa_cilt-ciltsiz","8":"pa_tur-kitap","9":"pa_yayinevi-astana-yayinlari","10":"pa_yazar-kenan-bolukbas","12":"first","13":"instock","14":"sale","15":"shipping-taxable","16":"purchasable","17":"product-type-simple"},"_links":{"self":[{"href":"https:\/\/roveyayinevi.com.tr\/index.php\/wp-json\/wp\/v2\/product\/724123","targetHints":{"allow":["GET"]}}],"collection":[{"href":"https:\/\/roveyayinevi.com.tr\/index.php\/wp-json\/wp\/v2\/product"}],"about":[{"href":"https:\/\/roveyayinevi.com.tr\/index.php\/wp-json\/wp\/v2\/types\/product"}],"wp:attachment":[{"href":"https:\/\/roveyayinevi.com.tr\/index.php\/wp-json\/wp\/v2\/media?parent=724123"}],"wp:term":[{"taxonomy":"product_brand","embeddable":true,"href":"https:\/\/roveyayinevi.com.tr\/index.php\/wp-json\/wp\/v2\/product_brand?post=724123"},{"taxonomy":"product_cat","embeddable":true,"href":"https:\/\/roveyayinevi.com.tr\/index.php\/wp-json\/wp\/v2\/product_cat?post=724123"},{"taxonomy":"product_tag","embeddable":true,"href":"https:\/\/roveyayinevi.com.tr\/index.php\/wp-json\/wp\/v2\/product_tag?post=724123"}],"curies":[{"name":"wp","href":"https:\/\/api.w.org\/{rel}","templated":true}]}}