{"id":724122,"date":"2025-08-27T19:29:44","date_gmt":"2025-08-27T16:29:44","guid":{"rendered":"https:\/\/roveyayinevi.com.tr\/index.php\/urun\/turkiyede-inanc-gruplarinin-kulturel-varolusunda-topluluk-radyolarinin-rolu\/"},"modified":"2026-04-16T02:31:56","modified_gmt":"2026-04-15T23:31:56","slug":"turkiyede-inanc-gruplarinin-kulturel-varolusunda-topluluk-radyolarinin-rolu","status":"publish","type":"product","link":"https:\/\/roveyayinevi.com.tr\/index.php\/urun\/turkiyede-inanc-gruplarinin-kulturel-varolusunda-topluluk-radyolarinin-rolu\/","title":{"rendered":"T\u00fcrkiye&#8217;de \u0130nan\u00e7 Gruplar\u0131n\u0131n K\u00fclt\u00fcrel Varolu\u015funda Topluluk Radyolar\u0131n\u0131n Rol\u00fc"},"content":{"rendered":"<p>G\u00fcn\u00fcm\u00fczde geleneksel medyan\u0131n, devletlerin ve b\u00fcy\u00fck ticari kurulu\u015flar\u0131n kontrol\u00fcne girmesi, toplum i\u00e7indeki farkl\u0131 gruplar\u0131n sesinin duyulmas\u0131n\u0131 zorla\u015ft\u0131rm\u0131\u015ft\u0131r. Bu nedenle toplum i\u00e7inde sorunlar\u0131n\u0131 dile getirmekte s\u0131k\u0131nt\u0131 ya\u015fayan kitleler, kendi medyalar\u0131n\u0131 olu\u015fturarak ana ak\u0131m medyan\u0131n hakim yay\u0131nc\u0131l\u0131k anlay\u0131\u015f\u0131na kar\u015f\u0131 alternatif medya ara\u00e7lar\u0131 geli\u015ftirmeye \u00e7al\u0131\u015fm\u0131\u015flard\u0131r. Bu alternatif medya ara\u00e7lar\u0131ndan birisi de topluluk radyolar\u0131d\u0131r.Topluluk radyolar\u0131, ana ak\u0131m radyolar\u0131n aksine daha az ticari kayg\u0131 g\u00fcden ve kat\u0131l\u0131mc\u0131l\u0131k a\u00e7\u0131s\u0131ndan daha aktif olan radyolard\u0131r. T\u00fcrkiye\u2019de bu tan\u0131ma tam olarak uyan radyo say\u0131s\u0131 olduk\u00e7a azd\u0131r. Bu \u00e7al\u0131\u015fmada, T\u00fcrkiye\u2019de iki farkl\u0131 inan\u00e7 grubuna ait topluluk radyosu ele al\u0131nm\u0131\u015f ve bu radyolar\u0131n, dinleyicileriyle kurdu\u011fu ili\u015fki anlamland\u0131r\u0131lmaya \u00e7al\u0131\u015f\u0131lm\u0131\u015ft\u0131r.<\/p>\n","protected":false},"excerpt":{"rendered":"<p>G\u00fcn\u00fcm\u00fczde geleneksel medyan\u0131n, devletlerin ve b\u00fcy\u00fck ticari kurulu\u015flar\u0131n kontrol\u00fcne girmesi, toplum i\u00e7indeki farkl\u0131 gruplar\u0131n sesinin duyulmas\u0131n\u0131 zorla\u015ft\u0131rm\u0131\u015ft\u0131r. Bu nedenle toplum i\u00e7inde sorunlar\u0131n\u0131 dile getirmekte s\u0131k\u0131nt\u0131 ya\u015fayan<span class=\"excerpt-hellip\"> [\u2026]<\/span><\/p>\n","protected":false},"featured_media":0,"template":"","meta":{"_monsterinsights_skip_tracking":false,"_monsterinsights_sitenote_active":false,"_monsterinsights_sitenote_note":"","_monsterinsights_sitenote_category":0},"product_brand":[],"product_cat":[15983,13488],"product_tag":[],"class_list":{"0":"post-724122","1":"product","2":"type-product","3":"status-publish","5":"product_cat-iletisim-ve-medya","6":"product_cat-toplum-ve-insan","7":"pa_cilt-ciltsiz","8":"pa_tur-kitap","9":"pa_yayinevi-astana-yayinlari","10":"pa_yazar-kenan-bolukbas","12":"first","13":"instock","14":"sale","15":"shipping-taxable","16":"purchasable","17":"product-type-simple"},"_links":{"self":[{"href":"https:\/\/roveyayinevi.com.tr\/index.php\/wp-json\/wp\/v2\/product\/724122","targetHints":{"allow":["GET"]}}],"collection":[{"href":"https:\/\/roveyayinevi.com.tr\/index.php\/wp-json\/wp\/v2\/product"}],"about":[{"href":"https:\/\/roveyayinevi.com.tr\/index.php\/wp-json\/wp\/v2\/types\/product"}],"wp:attachment":[{"href":"https:\/\/roveyayinevi.com.tr\/index.php\/wp-json\/wp\/v2\/media?parent=724122"}],"wp:term":[{"taxonomy":"product_brand","embeddable":true,"href":"https:\/\/roveyayinevi.com.tr\/index.php\/wp-json\/wp\/v2\/product_brand?post=724122"},{"taxonomy":"product_cat","embeddable":true,"href":"https:\/\/roveyayinevi.com.tr\/index.php\/wp-json\/wp\/v2\/product_cat?post=724122"},{"taxonomy":"product_tag","embeddable":true,"href":"https:\/\/roveyayinevi.com.tr\/index.php\/wp-json\/wp\/v2\/product_tag?post=724122"}],"curies":[{"name":"wp","href":"https:\/\/api.w.org\/{rel}","templated":true}]}}