{"id":724121,"date":"2025-08-27T19:29:43","date_gmt":"2025-08-27T16:29:43","guid":{"rendered":"https:\/\/roveyayinevi.com.tr\/index.php\/urun\/sscb-donemi-ve-bagimsizlik-sonrasi-kazakistan-sinemasi\/"},"modified":"2026-04-16T02:31:56","modified_gmt":"2026-04-15T23:31:56","slug":"sscb-donemi-ve-bagimsizlik-sonrasi-kazakistan-sinemasi","status":"publish","type":"product","link":"https:\/\/roveyayinevi.com.tr\/index.php\/urun\/sscb-donemi-ve-bagimsizlik-sonrasi-kazakistan-sinemasi\/","title":{"rendered":"SSCB D\u00f6nemi ve Ba\u011f\u0131ms\u0131zl\u0131k Sonras\u0131 &#8211; Kazakistan Sinemas\u0131"},"content":{"rendered":"<p>Kazakistan Sinemas\u0131\u2019n\u0131n tarihini ve ideolojik s\u00f6ylemini ele alan bu kitap \u00fc\u00e7 b\u00f6l\u00fcmden olu\u015fmaktad\u0131r.Birinci b\u00f6l\u00fcmde ideoloji kavram\u0131 \u00fczerinde durulmu\u015f; kavram\u0131n ortaya \u00e7\u0131k\u0131\u015f\u0131, ideoloji tan\u0131mlar\u0131 ve ideolojinin tarihsel s\u00fcreci ortaya konulmu\u015ftur. \u0130deolojinin do\u011fas\u0131ndan ziyade siyasi ideolojilerin rol\u00fc ve etkileri \u00fczerinde durulan bu b\u00f6l\u00fcmde, etki alan\u0131 geni\u015f siyasi ideolojiler genel hatlar\u0131yla anlat\u0131lm\u0131\u015ft\u0131r. Sonras\u0131nda ideolojinin sanat ve sinemayla ili\u015fkisi, SSCB ideolojisi, SSCB ideolojisinin sanat ve sinemayla ili\u015fkisi ortaya konulmu\u015ftur.\u0130kinci b\u00f6l\u00fcmde Kazakistan sinemas\u0131n\u0131n tarihi \u00fczerinde durulmu\u015ftur. Kazakistan\u2019da sineman\u0131n ba\u015flamas\u0131ndan Stalin\u2019in \u00f6l\u00fcm\u00fcne kadarki var olma evresi, Thaw d\u00f6nemindeki geli\u015fme s\u00fcreci, sonras\u0131ndaki duraklama d\u00f6nemi ve glasnost-perestroyka politikalar\u0131n\u0131n sa\u011flad\u0131\u011f\u0131 \u00f6zg\u00fcrl\u00fck evresi SSCB d\u00f6nemine ait tarihi s\u00fcre\u00e7 olarak ele al\u0131nm\u0131\u015ft\u0131r. Ba\u011f\u0131ms\u0131zl\u0131k sonras\u0131 Kazakistan sinemas\u0131 ise 2018 y\u0131l\u0131na kadarki geli\u015fmeleri de kapsayacak bi\u00e7imde tek ba\u015fl\u0131kta incelenmi\u015ftir.<\/p>\n","protected":false},"excerpt":{"rendered":"<p>Kazakistan Sinemas\u0131\u2019n\u0131n tarihini ve ideolojik s\u00f6ylemini ele alan bu kitap \u00fc\u00e7 b\u00f6l\u00fcmden olu\u015fmaktad\u0131r.Birinci b\u00f6l\u00fcmde ideoloji kavram\u0131 \u00fczerinde durulmu\u015f; kavram\u0131n ortaya \u00e7\u0131k\u0131\u015f\u0131, ideoloji tan\u0131mlar\u0131 ve ideolojinin tarihsel<span class=\"excerpt-hellip\"> [\u2026]<\/span><\/p>\n","protected":false},"featured_media":0,"template":"","meta":{"_monsterinsights_skip_tracking":false,"_monsterinsights_sitenote_active":false,"_monsterinsights_sitenote_note":"","_monsterinsights_sitenote_category":0},"product_brand":[],"product_cat":[15983,13488],"product_tag":[],"class_list":{"0":"post-724121","1":"product","2":"type-product","3":"status-publish","5":"product_cat-iletisim-ve-medya","6":"product_cat-toplum-ve-insan","7":"pa_cilt-ciltsiz","8":"pa_tur-kitap","9":"pa_yayinevi-astana-yayinlari","10":"pa_yazar-lokman-zor","12":"first","13":"instock","14":"sale","15":"shipping-taxable","16":"purchasable","17":"product-type-simple"},"_links":{"self":[{"href":"https:\/\/roveyayinevi.com.tr\/index.php\/wp-json\/wp\/v2\/product\/724121","targetHints":{"allow":["GET"]}}],"collection":[{"href":"https:\/\/roveyayinevi.com.tr\/index.php\/wp-json\/wp\/v2\/product"}],"about":[{"href":"https:\/\/roveyayinevi.com.tr\/index.php\/wp-json\/wp\/v2\/types\/product"}],"wp:attachment":[{"href":"https:\/\/roveyayinevi.com.tr\/index.php\/wp-json\/wp\/v2\/media?parent=724121"}],"wp:term":[{"taxonomy":"product_brand","embeddable":true,"href":"https:\/\/roveyayinevi.com.tr\/index.php\/wp-json\/wp\/v2\/product_brand?post=724121"},{"taxonomy":"product_cat","embeddable":true,"href":"https:\/\/roveyayinevi.com.tr\/index.php\/wp-json\/wp\/v2\/product_cat?post=724121"},{"taxonomy":"product_tag","embeddable":true,"href":"https:\/\/roveyayinevi.com.tr\/index.php\/wp-json\/wp\/v2\/product_tag?post=724121"}],"curies":[{"name":"wp","href":"https:\/\/api.w.org\/{rel}","templated":true}]}}