{"id":724119,"date":"2025-08-27T19:29:42","date_gmt":"2025-08-27T16:29:42","guid":{"rendered":"https:\/\/roveyayinevi.com.tr\/index.php\/urun\/gocmenlik-damgasi\/"},"modified":"2026-04-16T02:31:56","modified_gmt":"2026-04-15T23:31:56","slug":"gocmenlik-damgasi","status":"publish","type":"product","link":"https:\/\/roveyayinevi.com.tr\/index.php\/urun\/gocmenlik-damgasi\/","title":{"rendered":"G\u00f6\u00e7menlik Damgas\u0131"},"content":{"rendered":"<p>Co\u011frafi olarak yer de\u011fi\u015ftirme kadar basit bir anlama kar\u015f\u0131l\u0131k gelecek bir kavram olman\u0131n \u00f6tesine ge\u00e7en yap\u0131s\u0131yla g\u00f6\u00e7, sadece g\u00fcn\u00fcm\u00fcz d\u00fcnyas\u0131n\u0131n g\u00f6r\u00fcng\u00fcs\u00fc de\u011fil ayn\u0131 zamanda insanl\u0131\u011f\u0131n zihninde derin bir yer a\u00e7an meseledir. G\u00fcn\u00fcm\u00fczde ya\u015fanan g\u00f6\u00e7ler kriz olarak g\u00f6r\u00fcl\u00fcrken, g\u00f6\u00e7menler sorun olarak \u00e7er\u00e7evelenmektedir. \u00d6zellikle medyan\u0131n g\u00f6\u00e7 ve g\u00f6\u00e7mene olan yakla\u015f\u0131m\u0131 g\u00f6\u00e7menlerin toplumsal olarak anlamland\u0131r\u0131lmas\u0131nda \u00f6nemli bir etkiye sahiptir. Medyan\u0131n g\u00f6\u00e7mene kar\u015f\u0131 tutumunun \u00e7\u00f6z\u00fcmlenmesi noktas\u0131nda sosyolojik bir bak\u0131\u015f\u0131n ileti\u015fim sahas\u0131ndaki iz d\u00fc\u015f\u00fcm\u00fc \u00fczerinden bir de\u011ferlendirme s\u00f6z konusu oldu\u011funda in\u015fac\u0131 ve ele\u015ftirel yakla\u015f\u0131mlar\u0131n tav\u0131rlar\u0131 etkili olur. Nitekim&#8221;g\u00f6\u00e7menlik damgas\u0131\u201d ile ifade etmeye \u00e7al\u0131\u015ft\u0131\u011f\u0131m\u0131z \u015fey Erving Goffman sosyolojisinin \u00f6nemli kavramlar\u0131ndan biri olan &#8220;damga\u201d ile medya ara\u015ft\u0131rmalar\u0131nda kullan\u0131lan &#8220;\u00e7er\u00e7eveleme\u201d kuramlar\u0131n\u0131n izle\u011fi \u0131\u015f\u0131\u011f\u0131nda yola \u00e7\u0131k\u0131\u015ft\u0131r.Bu yolda medyan\u0131n g\u00f6\u00e7menlere kar\u015f\u0131 \u00fcretti\u011fi damgalay\u0131c\u0131 s\u00f6ylemler toplumsal ya\u015fam\u0131n da bir par\u00e7as\u0131 oldu\u011fundan, g\u00f6\u00e7menlik damgalanma i\u00e7in bir unsur olur. Medyada \u00f6zellikle haberlerde g\u00f6\u00e7menler belirli anlam \u00e7er\u00e7eveleriyle i\u015flendi\u011finden g\u00f6\u00e7men imaj\u0131n\u0131n \u00e7izildi\u011fi g\u00f6r\u00fcl\u00fcr. Bu imaj\u0131n kar\u015f\u0131l\u0131\u011f\u0131 ise g\u00f6\u00e7menlik damgas\u0131 olur. Bu eser Suriyeli g\u00f6\u00e7menlerin medyada i\u015fleni\u015fini damgalaman\u0131n ve \u00e7er\u00e7evelemenin kuramsal boyutlar\u0131yla ele alan bir ara\u015ft\u0131rmad\u0131r. G\u00f6\u00e7menlerin toplumla olan ileti\u015fiminin ilk aya\u011f\u0131 olan medyan\u0131n g\u00f6\u00e7mene yakla\u015f\u0131m\u0131 \u00fczerinden bir anlamland\u0131rma yap\u0131lm\u0131\u015ft\u0131r.<\/p>\n","protected":false},"excerpt":{"rendered":"<p>Co\u011frafi olarak yer de\u011fi\u015ftirme kadar basit bir anlama kar\u015f\u0131l\u0131k gelecek bir kavram olman\u0131n \u00f6tesine ge\u00e7en yap\u0131s\u0131yla g\u00f6\u00e7, sadece g\u00fcn\u00fcm\u00fcz d\u00fcnyas\u0131n\u0131n g\u00f6r\u00fcng\u00fcs\u00fc de\u011fil ayn\u0131 zamanda insanl\u0131\u011f\u0131n zihninde<span class=\"excerpt-hellip\"> [\u2026]<\/span><\/p>\n","protected":false},"featured_media":0,"template":"","meta":{"_monsterinsights_skip_tracking":false,"_monsterinsights_sitenote_active":false,"_monsterinsights_sitenote_note":"","_monsterinsights_sitenote_category":0},"product_brand":[],"product_cat":[12325,12324],"product_tag":[],"class_list":{"0":"post-724119","1":"product","2":"type-product","3":"status-publish","5":"product_cat-diger-sosyoloji","6":"product_cat-sosyoloji","7":"pa_cilt-ciltsiz","8":"pa_tur-kitap","9":"pa_yayinevi-astana-yayinlari","10":"pa_yazar-hasan-yurdakul","12":"first","13":"instock","14":"sale","15":"shipping-taxable","16":"purchasable","17":"product-type-simple"},"_links":{"self":[{"href":"https:\/\/roveyayinevi.com.tr\/index.php\/wp-json\/wp\/v2\/product\/724119","targetHints":{"allow":["GET"]}}],"collection":[{"href":"https:\/\/roveyayinevi.com.tr\/index.php\/wp-json\/wp\/v2\/product"}],"about":[{"href":"https:\/\/roveyayinevi.com.tr\/index.php\/wp-json\/wp\/v2\/types\/product"}],"wp:attachment":[{"href":"https:\/\/roveyayinevi.com.tr\/index.php\/wp-json\/wp\/v2\/media?parent=724119"}],"wp:term":[{"taxonomy":"product_brand","embeddable":true,"href":"https:\/\/roveyayinevi.com.tr\/index.php\/wp-json\/wp\/v2\/product_brand?post=724119"},{"taxonomy":"product_cat","embeddable":true,"href":"https:\/\/roveyayinevi.com.tr\/index.php\/wp-json\/wp\/v2\/product_cat?post=724119"},{"taxonomy":"product_tag","embeddable":true,"href":"https:\/\/roveyayinevi.com.tr\/index.php\/wp-json\/wp\/v2\/product_tag?post=724119"}],"curies":[{"name":"wp","href":"https:\/\/api.w.org\/{rel}","templated":true}]}}