{"id":724116,"date":"2025-08-27T19:29:40","date_gmt":"2025-08-27T16:29:40","guid":{"rendered":"https:\/\/roveyayinevi.com.tr\/index.php\/urun\/furuzan-diye-bir-oyku\/"},"modified":"2026-04-16T02:31:56","modified_gmt":"2026-04-15T23:31:56","slug":"furuzan-diye-bir-oyku","status":"publish","type":"product","link":"https:\/\/roveyayinevi.com.tr\/index.php\/urun\/furuzan-diye-bir-oyku\/","title":{"rendered":"F\u00fcruzan Diye Bir \u00d6yk\u00fc"},"content":{"rendered":"<p>F\u00fcruzan&#8217;\u0131n ya\u015fad\u0131\u011f\u0131 yerlerde ge\u00e7en, an\u0131larla y\u00fckl\u00fc bu kitab\u0131, 27. T\u00fcyap \u0130stanbul Kitap Fuar\u0131 Onur Yazar\u0131 F\u00fcruzan i\u00e7in, Faruk \u015e\u00fcy\u00fcn haz\u0131rlam\u0131\u015ft\u0131. Otuz yazar\u0131n katk\u0131s\u0131yla, onlarca foto\u011fraf ve yap\u0131t bilgisiyle &#8221; kaynak kitap&#8221; \u00f6zellikleri de ta\u015f\u0131yor F\u00fcruzan Diye Bir \u00d6yk\u00fc: Edebiyat\u0131m\u0131zda &#8220;olay&#8221; olmu\u015f bir yazar\u0131n \u00f6yk\u00fcs\u00fc. F\u00fcruzan i\u00e7in haz\u0131rlanan kitab\u0131n kurgusu olduk\u00e7a \u00f6zg\u00fcn. Yap\u0131lan s\u00f6yle\u015finin aralar\u0131na di\u011fer yazarlar\u0131n F\u00fcruzan hakk\u0131ndaki yaz\u0131lar\u0131 konulmu\u015f&#8230; F\u00fcruzan&#8217;la yap\u0131lan bir nevi nehir s\u00f6yle\u015fi diyebilece\u011fimiz konu\u015fma, bir yazar\u0131n edebiyat\u0131ndan hayat\u0131na kadar, bir yarat\u0131c\u0131n\u0131n b\u00fct\u00fcn evrelerini kaps\u0131yor. Do\u011fan H\u0131zlan, H\u00fcrriyet S\u0131cak, sarmalay\u0131c\u0131, canl\u0131 ve alabildi\u011fine etkileyicidir F\u00fcruzan&#8217;\u0131n \u00f6yk\u00fclerinde yaratt\u0131\u011f\u0131 atmosfer. \u00d6yk\u00fcc\u00fc kimli\u011fiyle o, T\u00fcrk anlat\u0131 edebiyat\u0131n\u0131n, en \u00f6nde gelen adlar\u0131ndan biri olarak yerini \u00e7oktan sa\u011flamla\u015ft\u0131rm\u0131\u015ft\u0131r. F\u00fcsun Akatl\u0131, Milliyet Kitap Hemen belirteyim, \u00f6zel bir kitap bu&#8230; Yak\u0131n gelecekte ba\u015fka okurlarla bulu\u015fmas\u0131n\u0131 diliyorum. \u00c7\u00fcnk\u00fc, F\u00fcruzan&#8217;\u0131n anlatt\u0131klar\u0131 b\u00fcy\u00fcledi. Ba\u015fka okurlar da b\u00fcy\u00fclensin istiyorum. Selim \u0130leri, Radikal Kitap Bir yazar\u0131n olu\u015fma s\u00fcrecini \u00f6\u011frenmek, kendi \u00f6zg\u00fcn kimli\u011fiyle ya\u015famaya kendini ko\u015fullam\u0131\u015f bir yazar\u0131n hayat\u0131n\u0131n derin sular\u0131na girmek istiyorsan\u0131z, Faruk \u015e\u00fcy\u00fcn&#8217;\u00fcn b\u00fcy\u00fck bir emek ve incelikle haz\u0131rlad\u0131\u011f\u0131 bu kitab\u0131 okumal\u0131s\u0131n\u0131z. Kibirden, \u00f6vg\u00fc beklentilerinden, kendini ayr\u0131ks\u0131 yerlere yak\u0131\u015ft\u0131rmaktan uzak, ama gene de d\u00fcped\u00fcz bir fenomen \u2014 \u00e7o\u011funlu\u011fun tam fark\u0131nda olmad\u0131\u011f\u0131 \u2014 F\u00fcruzan, onsuz olamad\u0131\u011f\u0131n\u0131m yazarlar\u0131mdand\u0131r. Semih G\u00fcm\u00fc\u015f, Radikal Kitap F\u00fcruzan Diye Bir \u00d6yk\u00fc, T\u00fcrk edebiyat\u0131n\u0131n en b\u00fcy\u00fck ve en \u00f6nemli yazar\u0131n\u0131n hayat\u0131n\u0131n, kendi a\u011fz\u0131ndan ve bak\u0131\u015f\u0131ndan bir anlat\u0131m\u0131 olmas\u0131n\u0131n yan\u0131nda bir edebiyat eseri de olmu\u015ftur. Metin Cel\u00e2l, Cumhuriyet Kitap<\/p>\n","protected":false},"excerpt":{"rendered":"<p>F\u00fcruzan&#8217;\u0131n ya\u015fad\u0131\u011f\u0131 yerlerde ge\u00e7en, an\u0131larla y\u00fckl\u00fc bu kitab\u0131, 27. T\u00fcyap \u0130stanbul Kitap Fuar\u0131 Onur Yazar\u0131 F\u00fcruzan i\u00e7in, Faruk \u015e\u00fcy\u00fcn haz\u0131rlam\u0131\u015ft\u0131. Otuz yazar\u0131n katk\u0131s\u0131yla, onlarca foto\u011fraf ve<span class=\"excerpt-hellip\"> [\u2026]<\/span><\/p>\n","protected":false},"featured_media":0,"template":"","meta":{"_monsterinsights_skip_tracking":false,"_monsterinsights_sitenote_active":false,"_monsterinsights_sitenote_note":"","_monsterinsights_sitenote_category":0},"product_brand":[],"product_cat":[12291,12711],"product_tag":[],"class_list":{"0":"post-724116","1":"product","2":"type-product","3":"status-publish","5":"product_cat-edebiyat","6":"product_cat-roman-oyku","7":"pa_cilt-ciltsiz","8":"pa_tur-kitap","9":"pa_yayinevi-yapi-kredi-yayinlari","10":"pa_yazar-faruk-suyun","12":"first","13":"instock","14":"sale","15":"shipping-taxable","16":"purchasable","17":"product-type-simple"},"_links":{"self":[{"href":"https:\/\/roveyayinevi.com.tr\/index.php\/wp-json\/wp\/v2\/product\/724116","targetHints":{"allow":["GET"]}}],"collection":[{"href":"https:\/\/roveyayinevi.com.tr\/index.php\/wp-json\/wp\/v2\/product"}],"about":[{"href":"https:\/\/roveyayinevi.com.tr\/index.php\/wp-json\/wp\/v2\/types\/product"}],"wp:attachment":[{"href":"https:\/\/roveyayinevi.com.tr\/index.php\/wp-json\/wp\/v2\/media?parent=724116"}],"wp:term":[{"taxonomy":"product_brand","embeddable":true,"href":"https:\/\/roveyayinevi.com.tr\/index.php\/wp-json\/wp\/v2\/product_brand?post=724116"},{"taxonomy":"product_cat","embeddable":true,"href":"https:\/\/roveyayinevi.com.tr\/index.php\/wp-json\/wp\/v2\/product_cat?post=724116"},{"taxonomy":"product_tag","embeddable":true,"href":"https:\/\/roveyayinevi.com.tr\/index.php\/wp-json\/wp\/v2\/product_tag?post=724116"}],"curies":[{"name":"wp","href":"https:\/\/api.w.org\/{rel}","templated":true}]}}