{"id":724115,"date":"2025-08-27T19:29:39","date_gmt":"2025-08-27T16:29:39","guid":{"rendered":"https:\/\/roveyayinevi.com.tr\/index.php\/urun\/mustafa-kemalin-savaslari\/"},"modified":"2026-04-16T02:31:56","modified_gmt":"2026-04-15T23:31:56","slug":"mustafa-kemalin-savaslari","status":"publish","type":"product","link":"https:\/\/roveyayinevi.com.tr\/index.php\/urun\/mustafa-kemalin-savaslari\/","title":{"rendered":"Mustafa Kemal&#8217;in Sava\u015flar\u0131"},"content":{"rendered":"<p>Do\u00e7. Dr. H\u00fcner Tuncer bu kitab\u0131nda, Mustafa Kemal Atat\u00fcrk\u2019\u00fcn, Trablusgarp Sava\u015f\u0131\u2019yla ba\u015flayan ve Ulusal Kurtulu\u015f Sava\u015f\u0131 ile sona eren 11 y\u0131ll\u0131k d\u00f6nemde yer alan sava\u015flarda oynad\u0131\u011f\u0131 ya\u015famsal rol\u00fc ayr\u0131nt\u0131lar\u0131yla anlatmaktad\u0131r.\u00dclkemizde baz\u0131 aymazlar\u0131n, Atat\u00fcrk\u2019\u00fcn ismini zikretmeden aktard\u0131klar\u0131 \u00c7anakkale Sava\u015flar\u0131n\u0131n kaderini de\u011fi\u015ftiren ve \u201cAnafartalar Kahraman\u0131\u201d olarak nitelendirilen ki\u015fi, Mustafa Kemal\u2019dir! Mustafa Kemal, Ulusal Kurtulu\u015f Sava\u015f\u0131\u2019na ili\u015fkin d\u00fc\u015f\u00fcncelerini \u015f\u00f6yle dile getirmektedir: \u201cHer safhas\u0131yla d\u00fc\u015f\u00fcn\u00fclm\u00fc\u015f, haz\u0131rlanm\u0131\u015f, idare edilmi\u015f ve zaferle neticelendirilmi\u015f olan bu harek\u00e2t; T\u00fcrk ordusunun, T\u00fcrk subaylar ve kumanda heyetinin y\u00fcksek kudret ve kahramanl\u0131\u011f\u0131n\u0131 tarihte bir daha tespit eden muazzam bir eserdir.Bu eser, T\u00fcrk milletinin h\u00fcrriyet ve ba\u011f\u0131ms\u0131zl\u0131k fikrinin \u00f6l\u00fcms\u00fcz abidesidir. Bu eseri v\u00fccuda getiren bir milletin evlad\u0131, bir ordunun ba\u015fkumandan\u0131 oldu\u011fumdan ilelebet mesut ve bahtiyar\u0131m.\u201d Do\u00e7. Dr. H\u00fcner Tuncer, Atat\u00fcrk\u2019\u00fcn tarihimizdeki e\u015fsiz yerin bir kez daha g\u00f6zler \u00f6n\u00fcne sermekle, Atat\u00fcrk ad\u0131n\u0131n tarihi ger\u00e7eklere dayand\u0131r\u0131larak an\u0131msanmas\u0131na hat\u0131r\u0131 say\u0131l\u0131r bir katk\u0131 sa\u011fl\u0131yor.<\/p>\n","protected":false},"excerpt":{"rendered":"<p>Do\u00e7. Dr. H\u00fcner Tuncer bu kitab\u0131nda, Mustafa Kemal Atat\u00fcrk\u2019\u00fcn, Trablusgarp Sava\u015f\u0131\u2019yla ba\u015flayan ve Ulusal Kurtulu\u015f Sava\u015f\u0131 ile sona eren 11 y\u0131ll\u0131k d\u00f6nemde yer alan sava\u015flarda oynad\u0131\u011f\u0131<span class=\"excerpt-hellip\"> [\u2026]<\/span><\/p>\n","protected":false},"featured_media":0,"template":"","meta":{"_monsterinsights_skip_tracking":false,"_monsterinsights_sitenote_active":false,"_monsterinsights_sitenote_note":"","_monsterinsights_sitenote_category":0},"product_brand":[],"product_cat":[12370,12304],"product_tag":[],"class_list":{"0":"post-724115","1":"product","2":"type-product","3":"status-publish","5":"product_cat-arastirma-inceleme","6":"product_cat-tarih","7":"pa_cilt-ciltsiz","8":"pa_tur-kitap","9":"pa_yayinevi-cumhuriyet-kitaplari","10":"pa_yazar-huner-tuncer","12":"first","13":"instock","14":"sale","15":"shipping-taxable","16":"purchasable","17":"product-type-simple"},"_links":{"self":[{"href":"https:\/\/roveyayinevi.com.tr\/index.php\/wp-json\/wp\/v2\/product\/724115","targetHints":{"allow":["GET"]}}],"collection":[{"href":"https:\/\/roveyayinevi.com.tr\/index.php\/wp-json\/wp\/v2\/product"}],"about":[{"href":"https:\/\/roveyayinevi.com.tr\/index.php\/wp-json\/wp\/v2\/types\/product"}],"wp:attachment":[{"href":"https:\/\/roveyayinevi.com.tr\/index.php\/wp-json\/wp\/v2\/media?parent=724115"}],"wp:term":[{"taxonomy":"product_brand","embeddable":true,"href":"https:\/\/roveyayinevi.com.tr\/index.php\/wp-json\/wp\/v2\/product_brand?post=724115"},{"taxonomy":"product_cat","embeddable":true,"href":"https:\/\/roveyayinevi.com.tr\/index.php\/wp-json\/wp\/v2\/product_cat?post=724115"},{"taxonomy":"product_tag","embeddable":true,"href":"https:\/\/roveyayinevi.com.tr\/index.php\/wp-json\/wp\/v2\/product_tag?post=724115"}],"curies":[{"name":"wp","href":"https:\/\/api.w.org\/{rel}","templated":true}]}}