{"id":724114,"date":"2025-08-27T19:29:38","date_gmt":"2025-08-27T16:29:38","guid":{"rendered":"https:\/\/roveyayinevi.com.tr\/index.php\/urun\/disney-esrarengiz-kasaba-macera-serisi-3-kitap-takim\/"},"modified":"2026-04-16T02:31:56","modified_gmt":"2026-04-15T23:31:56","slug":"disney-esrarengiz-kasaba-macera-serisi-3-kitap-takim","status":"publish","type":"product","link":"https:\/\/roveyayinevi.com.tr\/index.php\/urun\/disney-esrarengiz-kasaba-macera-serisi-3-kitap-takim\/","title":{"rendered":"Disney Esrarengiz Kasaba Macera Serisi (3 Kitap Tak\u0131m)"},"content":{"rendered":"<p>Esrarengiz Kasaba G\u00fcnl\u00fck 3 \u2018den sonra en\u00e7ok satan Esrarengiz Kasaba hikaye ve \u00c7izgi Roman kitaplar\u0131n\u0131 bir araya getirdik.Esrarengiz Kasaba Macera Serisi 3 Kitap Seti \u0130\u00e7eri\u011fi\u2022 Esrarengiz Kasaba Kay\u0131p Efsaneler (\u00e7izgiroman)\u2022 Esrarengiz Kasaba Zaman Korsan.Hazinesinin Laneti\u2022 Esrarengiz Kasaba Dipper&#8217;\u0131n Mabelin Gizem Rehberi<\/p>\n","protected":false},"excerpt":{"rendered":"<p>Esrarengiz Kasaba G\u00fcnl\u00fck 3 \u2018den sonra en\u00e7ok satan Esrarengiz Kasaba hikaye ve \u00c7izgi Roman kitaplar\u0131n\u0131 bir araya getirdik.Esrarengiz Kasaba Macera Serisi 3 Kitap Seti \u0130\u00e7eri\u011fi\u2022 Esrarengiz<span class=\"excerpt-hellip\"> [\u2026]<\/span><\/p>\n","protected":false},"featured_media":0,"template":"","meta":{"_monsterinsights_skip_tracking":false,"_monsterinsights_sitenote_active":false,"_monsterinsights_sitenote_note":"","_monsterinsights_sitenote_category":0},"product_brand":[],"product_cat":[12689,12274],"product_tag":[],"class_list":{"0":"post-724114","1":"product","2":"type-product","3":"status-publish","5":"product_cat-cizgi-roman-cocuk-ve-genclik-kitaplari","6":"product_cat-cocuk-ve-genclik-kitaplari","7":"pa_cilt-ciltsiz","8":"pa_tur-kitap","9":"pa_yayinevi-beta-kids","10":"pa_yazar-jeffrey-rowe","12":"first","13":"instock","14":"sale","15":"shipping-taxable","16":"purchasable","17":"product-type-simple"},"_links":{"self":[{"href":"https:\/\/roveyayinevi.com.tr\/index.php\/wp-json\/wp\/v2\/product\/724114","targetHints":{"allow":["GET"]}}],"collection":[{"href":"https:\/\/roveyayinevi.com.tr\/index.php\/wp-json\/wp\/v2\/product"}],"about":[{"href":"https:\/\/roveyayinevi.com.tr\/index.php\/wp-json\/wp\/v2\/types\/product"}],"wp:attachment":[{"href":"https:\/\/roveyayinevi.com.tr\/index.php\/wp-json\/wp\/v2\/media?parent=724114"}],"wp:term":[{"taxonomy":"product_brand","embeddable":true,"href":"https:\/\/roveyayinevi.com.tr\/index.php\/wp-json\/wp\/v2\/product_brand?post=724114"},{"taxonomy":"product_cat","embeddable":true,"href":"https:\/\/roveyayinevi.com.tr\/index.php\/wp-json\/wp\/v2\/product_cat?post=724114"},{"taxonomy":"product_tag","embeddable":true,"href":"https:\/\/roveyayinevi.com.tr\/index.php\/wp-json\/wp\/v2\/product_tag?post=724114"}],"curies":[{"name":"wp","href":"https:\/\/api.w.org\/{rel}","templated":true}]}}