{"id":724113,"date":"2025-08-27T19:29:37","date_gmt":"2025-08-27T16:29:37","guid":{"rendered":"https:\/\/roveyayinevi.com.tr\/index.php\/urun\/toplumsal-degerler-genclik\/"},"modified":"2026-04-16T02:31:56","modified_gmt":"2026-04-15T23:31:56","slug":"toplumsal-degerler-genclik","status":"publish","type":"product","link":"https:\/\/roveyayinevi.com.tr\/index.php\/urun\/toplumsal-degerler-genclik\/","title":{"rendered":"Toplumsal De\u011ferler &#8211; Gen\u00e7lik"},"content":{"rendered":"<p>Sosyologlar ve toplumsal konularla me\u015fgul olanlar aras\u0131nda kan\u0131m\u0131zca hi\u00e7bir konu de\u011ferler kadar tart\u0131\u015fmalara yol a\u00e7mam\u0131\u015ft\u0131r. Konuya olumsuz yakla\u015fanlardan bir k\u0131sm\u0131, toplumsal de\u011ferlerin asl\u0131nda ger\u00e7eklikle ili\u015fkisinin bulunmad\u0131\u011f\u0131n\u0131, daha \u00e7ok onlar\u0131n sosyal bilim \u00e7al\u0131\u015fmas\u0131n\u0131n d\u0131\u015f\u0131nda birer psikolojik ve etik olgu olarak irdelenebilece\u011fini ileri s\u00fcrmektedirler. Buna kar\u015f\u0131n sosyolojik \u00e7\u00f6z\u00fcmleme, sosyal politika a\u00e7\u0131s\u0131ndan \u00f6nemli etkiler yaratma gizilg\u00fcc\u00fcne sahip sorular\u0131n y\u00f6neltildi\u011fi her noktada, sosyolojik \u00e7\u00f6z\u00fcmlemede de\u011fer yarg\u0131lar\u0131 konusu g\u00fcndeme gelmi\u015ftir. <\/p>\n","protected":false},"excerpt":{"rendered":"<p>Sosyologlar ve toplumsal konularla me\u015fgul olanlar aras\u0131nda kan\u0131m\u0131zca hi\u00e7bir konu de\u011ferler kadar tart\u0131\u015fmalara yol a\u00e7mam\u0131\u015ft\u0131r. Konuya olumsuz yakla\u015fanlardan bir k\u0131sm\u0131, toplumsal de\u011ferlerin asl\u0131nda ger\u00e7eklikle ili\u015fkisinin bulunmad\u0131\u011f\u0131n\u0131,<span class=\"excerpt-hellip\"> [\u2026]<\/span><\/p>\n","protected":false},"featured_media":0,"template":"","meta":{"_monsterinsights_skip_tracking":false,"_monsterinsights_sitenote_active":false,"_monsterinsights_sitenote_note":"","_monsterinsights_sitenote_category":0},"product_brand":[],"product_cat":[12325,12324],"product_tag":[],"class_list":{"0":"post-724113","1":"product","2":"type-product","3":"status-publish","5":"product_cat-diger-sosyoloji","6":"product_cat-sosyoloji","7":"pa_cilt-ciltsiz","8":"pa_tur-kitap","9":"pa_yayinevi-astana-yayinlari","10":"pa_yazar-nazmi-avci","12":"first","13":"instock","14":"sale","15":"shipping-taxable","16":"purchasable","17":"product-type-simple"},"_links":{"self":[{"href":"https:\/\/roveyayinevi.com.tr\/index.php\/wp-json\/wp\/v2\/product\/724113","targetHints":{"allow":["GET"]}}],"collection":[{"href":"https:\/\/roveyayinevi.com.tr\/index.php\/wp-json\/wp\/v2\/product"}],"about":[{"href":"https:\/\/roveyayinevi.com.tr\/index.php\/wp-json\/wp\/v2\/types\/product"}],"wp:attachment":[{"href":"https:\/\/roveyayinevi.com.tr\/index.php\/wp-json\/wp\/v2\/media?parent=724113"}],"wp:term":[{"taxonomy":"product_brand","embeddable":true,"href":"https:\/\/roveyayinevi.com.tr\/index.php\/wp-json\/wp\/v2\/product_brand?post=724113"},{"taxonomy":"product_cat","embeddable":true,"href":"https:\/\/roveyayinevi.com.tr\/index.php\/wp-json\/wp\/v2\/product_cat?post=724113"},{"taxonomy":"product_tag","embeddable":true,"href":"https:\/\/roveyayinevi.com.tr\/index.php\/wp-json\/wp\/v2\/product_tag?post=724113"}],"curies":[{"name":"wp","href":"https:\/\/api.w.org\/{rel}","templated":true}]}}