{"id":724111,"date":"2025-08-27T19:29:36","date_gmt":"2025-08-27T16:29:36","guid":{"rendered":"https:\/\/roveyayinevi.com.tr\/index.php\/urun\/can-ali\/"},"modified":"2026-04-16T02:31:56","modified_gmt":"2026-04-15T23:31:56","slug":"can-ali","status":"publish","type":"product","link":"https:\/\/roveyayinevi.com.tr\/index.php\/urun\/can-ali\/","title":{"rendered":"Can Ali"},"content":{"rendered":"<p>Dersler i\u00e7erisinde matemati\u011fin ayr\u0131 bir \u00f6nemi vard\u0131r.&#8221;Matematik derslerin krali\u00e7esidir. \u00c7\u00fcnk\u00fc matematiksiz ya\u015fam olamaz. \u00c7ocuklar\u0131n g\u00f6r\u00fc\u015f\u00fcn\u00fc, ne\u015fesini ve gelece\u011fe bakan ayd\u0131nl\u0131k g\u00f6zlerini oyunlarla destekleriz. G\u00fcnl\u00fck ya\u015fam\u0131m\u0131zda bile matematiksiz ya\u015fayamayaca\u011f\u0131m\u0131z\u0131 bilirsiniz. Ald\u0131\u011f\u0131m\u0131z nefes, kalbimizin at\u0131m say\u0131s\u0131, yedi\u011fimiz yiyecekler. \u0130\u00e7ti\u011fimiz su miktar\u0131, att\u0131\u011f\u0131m\u0131z ad\u0131m say\u0131s\u0131, g\u00fcnl\u00fck ihtiya\u00e7lar\u0131m\u0131z i\u00e7in ay\u0131rd\u0131\u011f\u0131m\u0131z paray\u0131 nas\u0131l ve ne miktarda harcamal\u0131y\u0131z&#8230;S\u00f6z konusu temel ihtiya\u00e7lar\u0131n tamam\u0131 matematik ile hesaplan\u0131r. Bilgiler \u00e7e\u015fitlenir ve hepsinin i\u00e7inde matemati\u011fe ihtiya\u00e7 vard\u0131r.\u00c7ocuklara 0-4 ya\u015f aras\u0131nda oyunlarla matematik \u00f6\u011fretimine ba\u015flan\u0131rsa, bu bilgiler yerle\u015fik davran\u0131\u015f bilgisi olarak bellekte kal\u0131r. Ezbere olan bilgiler unutulup gider.V\u00fccudumuzdaki kemiklerin, organlar\u0131n say\u0131s\u0131 bizlere matemati\u011fe ba\u015flaman\u0131n ve kullan\u0131lmas\u0131n\u0131n elzem oldu\u011funu g\u00f6sterir. Yerinde kullan\u0131ld\u0131\u011f\u0131 bi\u00e7imde en kolay bilim matematiktir. \u00dclkemizin ger\u00e7eklerini bilerek \u00e7al\u0131\u015fmalar yap\u0131lmas\u0131 y\u00f6netenlerin g\u00f6revidir. \u0130yi hesaplamalar yap\u0131l\u0131rsa gelece\u011fimiz olan \u00e7ocuklar\u0131m\u0131z\u0131 \u00e7a\u011f\u0131n \u015fartlar\u0131nda yeti\u015ftirmek m\u00fcmk\u00fcnd\u00fcr.B\u00fct\u00fcn \u00c7ocuklara geleceklerinin daha mutlu olabilmesi i\u00e7in oyunla matematikli y\u0131llar diliyorum.<\/p>\n","protected":false},"excerpt":{"rendered":"<p>Dersler i\u00e7erisinde matemati\u011fin ayr\u0131 bir \u00f6nemi vard\u0131r.&#8221;Matematik derslerin krali\u00e7esidir. \u00c7\u00fcnk\u00fc matematiksiz ya\u015fam olamaz. \u00c7ocuklar\u0131n g\u00f6r\u00fc\u015f\u00fcn\u00fc, ne\u015fesini ve gelece\u011fe bakan ayd\u0131nl\u0131k g\u00f6zlerini oyunlarla destekleriz. G\u00fcnl\u00fck ya\u015fam\u0131m\u0131zda bile<span class=\"excerpt-hellip\"> [\u2026]<\/span><\/p>\n","protected":false},"featured_media":0,"template":"","meta":{"_monsterinsights_skip_tracking":false,"_monsterinsights_sitenote_active":false,"_monsterinsights_sitenote_note":"","_monsterinsights_sitenote_category":0},"product_brand":[],"product_cat":[12566,42911,13473],"product_tag":[],"class_list":{"0":"post-724111","1":"product","2":"type-product","3":"status-publish","5":"product_cat-egitim","6":"product_cat-ilkogretim-yardimci-kitaplar","7":"product_cat-sinavlara-hazirlik-okula-yardimci-kaynaklar","8":"pa_cilt-ciltsiz","9":"pa_tur-kitap","10":"pa_yayinevi-yade-yayinlari","11":"pa_yazar-nurser-goze","13":"first","14":"instock","15":"sale","16":"shipping-taxable","17":"purchasable","18":"product-type-simple"},"_links":{"self":[{"href":"https:\/\/roveyayinevi.com.tr\/index.php\/wp-json\/wp\/v2\/product\/724111","targetHints":{"allow":["GET"]}}],"collection":[{"href":"https:\/\/roveyayinevi.com.tr\/index.php\/wp-json\/wp\/v2\/product"}],"about":[{"href":"https:\/\/roveyayinevi.com.tr\/index.php\/wp-json\/wp\/v2\/types\/product"}],"wp:attachment":[{"href":"https:\/\/roveyayinevi.com.tr\/index.php\/wp-json\/wp\/v2\/media?parent=724111"}],"wp:term":[{"taxonomy":"product_brand","embeddable":true,"href":"https:\/\/roveyayinevi.com.tr\/index.php\/wp-json\/wp\/v2\/product_brand?post=724111"},{"taxonomy":"product_cat","embeddable":true,"href":"https:\/\/roveyayinevi.com.tr\/index.php\/wp-json\/wp\/v2\/product_cat?post=724111"},{"taxonomy":"product_tag","embeddable":true,"href":"https:\/\/roveyayinevi.com.tr\/index.php\/wp-json\/wp\/v2\/product_tag?post=724111"}],"curies":[{"name":"wp","href":"https:\/\/api.w.org\/{rel}","templated":true}]}}