{"id":724109,"date":"2025-08-27T19:29:34","date_gmt":"2025-08-27T16:29:34","guid":{"rendered":"https:\/\/roveyayinevi.com.tr\/index.php\/urun\/cosku\/"},"modified":"2026-04-03T02:38:19","modified_gmt":"2026-04-02T23:38:19","slug":"cosku","status":"publish","type":"product","link":"https:\/\/roveyayinevi.com.tr\/index.php\/urun\/cosku\/","title":{"rendered":"Co\u015fku"},"content":{"rendered":"<p>Sevda, elektronik postay\u0131 \u00fc\u00e7 d\u00f6rt kere okudu. Bu bir \u015fakayd\u0131 galiba. Co\u015fku ile yakla\u015f\u0131k bir senelik ili\u015fkileri vard\u0131 ve her ikisi de bu ili\u015fkide arad\u0131klar\u0131n\u0131 bulmu\u015flard\u0131. \u015eu ana kadar aralar\u0131nda en ufak bir sorun ya\u015famam\u0131\u015flar ve ili\u015fkilerinde tutkular\u0131 hi\u00e7 bitmemi\u015fti.  Co\u015fku\u2019nun onu aldataca\u011f\u0131na asla inanmazd\u0131, bu konuda O\u2019na \u00e7ok inanm\u0131\u015ft\u0131, ama elektronik posta can\u0131n\u0131 s\u0131km\u0131\u015ft\u0131. \u0130ki g\u00fcn \u00f6nceki \u0130talya olay\u0131 do\u011fruydu, Co\u015fku i\u015f i\u00e7in \u0130talya\u2019ya gitmi\u015f ve bir gece kalm\u0131\u015ft\u0131. Gece telefonda uzun uzun konu\u015fmu\u015flard\u0131. Foto\u011fraflar? Bu her kimse demek foto\u011fraflar vard\u0131 elinde, g\u00f6rmek isterdi ama o foto\u011fraftakinin Co\u015fku olaca\u011f\u0131na yine de inanmazd\u0131, bug\u00fcn\u00fcn teknolojisinde art\u0131k fotomontaj o kadar kolayd\u0131 ki. Ne yapmas\u0131 gerekti\u011fine karar veremedi, acaba Co\u015fku\u2019yu aray\u0131p konu\u015fsa, bu elektronik postadan bahsetse nas\u0131l olurdu? Di\u011fer taraftan en ufak bir \u015f\u00fcphecili\u011fin Co\u015fku\u2019yu k\u0131raca\u011f\u0131n\u0131 da biliyordu. En iyisi bu elektronik postay\u0131 hi\u00e7 okumam\u0131\u015f gibi yap\u0131p, \u00e7\u00f6pe atmakt\u0131.<\/p>\n","protected":false},"excerpt":{"rendered":"<p>Sevda, elektronik postay\u0131 \u00fc\u00e7 d\u00f6rt kere okudu. Bu bir \u015fakayd\u0131 galiba. Co\u015fku ile yakla\u015f\u0131k bir senelik ili\u015fkileri vard\u0131 ve her ikisi de bu ili\u015fkide arad\u0131klar\u0131n\u0131 bulmu\u015flard\u0131.<span class=\"excerpt-hellip\"> [\u2026]<\/span><\/p>\n","protected":false},"featured_media":0,"template":"","meta":{"_monsterinsights_skip_tracking":false,"_monsterinsights_sitenote_active":false,"_monsterinsights_sitenote_note":"","_monsterinsights_sitenote_category":0},"product_brand":[],"product_cat":[12291,12711],"product_tag":[],"class_list":{"0":"post-724109","1":"product","2":"type-product","3":"status-publish","5":"product_cat-edebiyat","6":"product_cat-roman-oyku","7":"pa_cilt-ciltsiz","8":"pa_tur-kitap","9":"pa_yayinevi-ayata-kitap","10":"pa_yazar-haluk-ilhan","12":"first","13":"instock","14":"sale","15":"shipping-taxable","16":"purchasable","17":"product-type-simple"},"_links":{"self":[{"href":"https:\/\/roveyayinevi.com.tr\/index.php\/wp-json\/wp\/v2\/product\/724109","targetHints":{"allow":["GET"]}}],"collection":[{"href":"https:\/\/roveyayinevi.com.tr\/index.php\/wp-json\/wp\/v2\/product"}],"about":[{"href":"https:\/\/roveyayinevi.com.tr\/index.php\/wp-json\/wp\/v2\/types\/product"}],"wp:attachment":[{"href":"https:\/\/roveyayinevi.com.tr\/index.php\/wp-json\/wp\/v2\/media?parent=724109"}],"wp:term":[{"taxonomy":"product_brand","embeddable":true,"href":"https:\/\/roveyayinevi.com.tr\/index.php\/wp-json\/wp\/v2\/product_brand?post=724109"},{"taxonomy":"product_cat","embeddable":true,"href":"https:\/\/roveyayinevi.com.tr\/index.php\/wp-json\/wp\/v2\/product_cat?post=724109"},{"taxonomy":"product_tag","embeddable":true,"href":"https:\/\/roveyayinevi.com.tr\/index.php\/wp-json\/wp\/v2\/product_tag?post=724109"}],"curies":[{"name":"wp","href":"https:\/\/api.w.org\/{rel}","templated":true}]}}