{"id":724108,"date":"2025-08-27T19:29:33","date_gmt":"2025-08-27T16:29:33","guid":{"rendered":"https:\/\/roveyayinevi.com.tr\/index.php\/urun\/yedi-guzel\/"},"modified":"2026-04-16T02:31:56","modified_gmt":"2026-04-15T23:31:56","slug":"yedi-guzel","status":"publish","type":"product","link":"https:\/\/roveyayinevi.com.tr\/index.php\/urun\/yedi-guzel\/","title":{"rendered":"Yedi G\u00fczel"},"content":{"rendered":"<p>Ela g\u00f6zlerinin d\u00fc\u015ft\u00fcm ar\u015f\u0131na Karanl\u0131k gecede g\u00f6rd\u00fc ay beni Y\u00fcce Mevlam \u00e7\u0131karmazsa kar\u015f\u0131ma \u0130ncecik k\u00f6pr\u00fcden ge\u00e7tim say beni   Da\u011flar\u0131nda keklik \u00f6ter u\u00e7u\u015fur Menek\u015fesi servi boya eri\u015fir Dal uzan\u0131r dere ile sevi\u015fir Sen dere ol bir dala da say beni<\/p>\n","protected":false},"excerpt":{"rendered":"<p>Ela g\u00f6zlerinin d\u00fc\u015ft\u00fcm ar\u015f\u0131na Karanl\u0131k gecede g\u00f6rd\u00fc ay beni Y\u00fcce Mevlam \u00e7\u0131karmazsa kar\u015f\u0131ma \u0130ncecik k\u00f6pr\u00fcden ge\u00e7tim say beni Da\u011flar\u0131nda keklik \u00f6ter u\u00e7u\u015fur Menek\u015fesi servi boya eri\u015fir<span class=\"excerpt-hellip\"> [\u2026]<\/span><\/p>\n","protected":false},"featured_media":0,"template":"","meta":{"_monsterinsights_skip_tracking":false,"_monsterinsights_sitenote_active":false,"_monsterinsights_sitenote_note":"","_monsterinsights_sitenote_category":0},"product_brand":[],"product_cat":[12291,12509],"product_tag":[],"class_list":{"0":"post-724108","1":"product","2":"type-product","3":"status-publish","5":"product_cat-edebiyat","6":"product_cat-siir","7":"pa_cilt-ciltsiz","8":"pa_tur-kitap","9":"pa_yayinevi-ayata-kitap","10":"pa_yazar-hikmet-guzelkokar","12":"first","13":"instock","14":"sale","15":"shipping-taxable","16":"purchasable","17":"product-type-simple"},"_links":{"self":[{"href":"https:\/\/roveyayinevi.com.tr\/index.php\/wp-json\/wp\/v2\/product\/724108","targetHints":{"allow":["GET"]}}],"collection":[{"href":"https:\/\/roveyayinevi.com.tr\/index.php\/wp-json\/wp\/v2\/product"}],"about":[{"href":"https:\/\/roveyayinevi.com.tr\/index.php\/wp-json\/wp\/v2\/types\/product"}],"wp:attachment":[{"href":"https:\/\/roveyayinevi.com.tr\/index.php\/wp-json\/wp\/v2\/media?parent=724108"}],"wp:term":[{"taxonomy":"product_brand","embeddable":true,"href":"https:\/\/roveyayinevi.com.tr\/index.php\/wp-json\/wp\/v2\/product_brand?post=724108"},{"taxonomy":"product_cat","embeddable":true,"href":"https:\/\/roveyayinevi.com.tr\/index.php\/wp-json\/wp\/v2\/product_cat?post=724108"},{"taxonomy":"product_tag","embeddable":true,"href":"https:\/\/roveyayinevi.com.tr\/index.php\/wp-json\/wp\/v2\/product_tag?post=724108"}],"curies":[{"name":"wp","href":"https:\/\/api.w.org\/{rel}","templated":true}]}}