{"id":724107,"date":"2025-08-27T19:29:32","date_gmt":"2025-08-27T16:29:32","guid":{"rendered":"https:\/\/roveyayinevi.com.tr\/index.php\/urun\/cugayin-kozleri\/"},"modified":"2026-04-03T02:38:18","modified_gmt":"2026-04-02T23:38:18","slug":"cugayin-kozleri","status":"publish","type":"product","link":"https:\/\/roveyayinevi.com.tr\/index.php\/urun\/cugayin-kozleri\/","title":{"rendered":"\u00c7u\u011fay\u0131n K\u00f6zleri"},"content":{"rendered":"<p>G\u00f6zlerimize ili\u015ftirilenin hepsini okumaktan, dilimizin ne denli bozuldu\u011funu anlayamad\u0131k y\u00fczy\u0131llarca. Bu \u00e7al\u0131\u015fma olabildi\u011fince T\u00fcrk\u00e7emizin ba\u015fka t\u00fcretilmi\u015f kelimelerden ar\u0131nd\u0131r\u0131lm\u0131\u015f sonucudur. D\u00f6rt kurgu \u00f6yk\u00fcden olu\u015fan kitab\u0131m\u0131za T\u00fcrk\u00e7e s\u00f6zl\u00fck haz\u0131rlamak; anne ile konu\u015fmak i\u00e7in dilma\u00e7 aramaya benziyor. \u015ea\u015f\u0131lacak bir durum de\u011fil mi?<\/p>\n","protected":false},"excerpt":{"rendered":"<p>G\u00f6zlerimize ili\u015ftirilenin hepsini okumaktan, dilimizin ne denli bozuldu\u011funu anlayamad\u0131k y\u00fczy\u0131llarca. Bu \u00e7al\u0131\u015fma olabildi\u011fince T\u00fcrk\u00e7emizin ba\u015fka t\u00fcretilmi\u015f kelimelerden ar\u0131nd\u0131r\u0131lm\u0131\u015f sonucudur. D\u00f6rt kurgu \u00f6yk\u00fcden olu\u015fan kitab\u0131m\u0131za T\u00fcrk\u00e7e s\u00f6zl\u00fck<span class=\"excerpt-hellip\"> [\u2026]<\/span><\/p>\n","protected":false},"featured_media":0,"template":"","meta":{"_monsterinsights_skip_tracking":false,"_monsterinsights_sitenote_active":false,"_monsterinsights_sitenote_note":"","_monsterinsights_sitenote_category":0},"product_brand":[],"product_cat":[12291,12711],"product_tag":[],"class_list":{"0":"post-724107","1":"product","2":"type-product","3":"status-publish","5":"product_cat-edebiyat","6":"product_cat-roman-oyku","7":"pa_cilt-ciltsiz","8":"pa_tur-kitap","9":"pa_yayinevi-ayata-kitap","10":"pa_yazar-bolat-unsal","12":"first","13":"instock","14":"sale","15":"shipping-taxable","16":"purchasable","17":"product-type-simple"},"_links":{"self":[{"href":"https:\/\/roveyayinevi.com.tr\/index.php\/wp-json\/wp\/v2\/product\/724107","targetHints":{"allow":["GET"]}}],"collection":[{"href":"https:\/\/roveyayinevi.com.tr\/index.php\/wp-json\/wp\/v2\/product"}],"about":[{"href":"https:\/\/roveyayinevi.com.tr\/index.php\/wp-json\/wp\/v2\/types\/product"}],"wp:attachment":[{"href":"https:\/\/roveyayinevi.com.tr\/index.php\/wp-json\/wp\/v2\/media?parent=724107"}],"wp:term":[{"taxonomy":"product_brand","embeddable":true,"href":"https:\/\/roveyayinevi.com.tr\/index.php\/wp-json\/wp\/v2\/product_brand?post=724107"},{"taxonomy":"product_cat","embeddable":true,"href":"https:\/\/roveyayinevi.com.tr\/index.php\/wp-json\/wp\/v2\/product_cat?post=724107"},{"taxonomy":"product_tag","embeddable":true,"href":"https:\/\/roveyayinevi.com.tr\/index.php\/wp-json\/wp\/v2\/product_tag?post=724107"}],"curies":[{"name":"wp","href":"https:\/\/api.w.org\/{rel}","templated":true}]}}