{"id":724104,"date":"2025-08-27T19:29:30","date_gmt":"2025-08-27T16:29:30","guid":{"rendered":"https:\/\/roveyayinevi.com.tr\/index.php\/urun\/ermeni-kaynaklarinda-turkler-ve-mogollar\/"},"modified":"2026-04-16T02:31:56","modified_gmt":"2026-04-15T23:31:56","slug":"ermeni-kaynaklarinda-turkler-ve-mogollar","status":"publish","type":"product","link":"https:\/\/roveyayinevi.com.tr\/index.php\/urun\/ermeni-kaynaklarinda-turkler-ve-mogollar\/","title":{"rendered":"Ermeni Kaynaklar\u0131nda T\u00fcrkler ve Mo\u011follar"},"content":{"rendered":"<p>Din adamlar\u0131 Ermeniler diye an\u0131la gelen de\u011fi\u015fik topluluklar\u0131 gruplar\u0131 Gregoryen tarikat\/mezhebi\/cemaati \u00f6\u011fretisi dairesinde i\u00e7inde tutabilmeyi kendilerine vazife addetmi\u015fler. Gregoryen din adamlar\u0131 Bizans Pers rekabeti alan\u0131nda varl\u0131klar\u0131n\u0131 s\u00fcrd\u00fcrebilmek i\u00e7in kilise \u00f6\u011fretisinin d\u0131\u015f\u0131na \u00e7\u0131k\u0131p hayat\u0131n b\u00fct\u00fcn safhalar\u0131yla ilgilenmeyi adeta cemaate kol kanat germe ihtiyac\u0131 hissetmi\u015flerdir. Ermeni din adamlar\u0131 bu u\u011fra\u015f\u0131lar\u0131n\u0131 tarih yaz\u0131c\u0131l\u0131\u011f\u0131 alan\u0131na da kayd\u0131rm\u0131\u015flard\u0131r. S\u00fcryani ve Bizans din\u00ee, edeb\u00ee ve tarih\u00ee metin \u00f6rneklerini ilk \u00f6nceleri istinsah ve Ermeniceye terc\u00fcme yoluyla olu\u015fturulmaya \u00e7al\u0131\u015f\u0131lan Ermeni kroniklerinde zamanla bir \u00f6zg\u00fcnl\u00fck meydana gelmi\u015ftir. Bu \u015fekilde ilk \u00f6rneklerinin ortaya \u00e7\u0131kt\u0131\u011f\u0131 Ermeni kronik\u00e7ilik gelene\u011fi b\u00f6lgedeki kilise ve manast\u0131rlar etraf\u0131nda cereyan eden olaylar ve bu olaylara etki eden geli\u015fmelerin ayd\u0131nlat\u0131lmas\u0131 i\u00e7in \u00f6nemli kaynaklar\u0131n ba\u015f\u0131nda gelmektedir. Ermeni kaynaklar\u0131 olarak ifade edilen ve bir k\u0131sm\u0131n\u0131n da bu \u00e7al\u0131\u015fmada yay\u0131nland\u0131\u011f\u0131 kroniklerin bir\u00e7o\u011fu Ermeni din adamlar\u0131 taraf\u0131ndan kaleme al\u0131nan eserlerdir. Bu kronikler T\u00fcrk ve Mo\u011fol tarihi ile Kafkas da\u011flar\u0131n\u0131n g\u00fcneyi, Hazar denizi bat\u0131s\u0131 ile Anadolu co\u011frafyas\u0131nda cereyan eden olaylar a\u00e7\u0131s\u0131ndan olduk\u00e7a \u00f6nemlidir. Ermeni kronik yaz\u0131c\u0131l\u0131\u011f\u0131n\u0131n zirveye \u00e7\u0131kt\u0131\u011f\u0131 d\u00f6nem T\u00fcrklerin ve daha sonra Mo\u011follar\u0131n b\u00f6lgeye gelmesiyle ba\u015flar. Bu beklenmedik hareketlilik Ermeni din adamlar\u0131n\u0131 da harekete ge\u00e7irmi\u015f, etraflar\u0131nda cereyan eden olaylar\u0131 yazmaya sevk etmi\u015ftir. <\/p>\n","protected":false},"excerpt":{"rendered":"<p>Din adamlar\u0131 Ermeniler diye an\u0131la gelen de\u011fi\u015fik topluluklar\u0131 gruplar\u0131 Gregoryen tarikat\/mezhebi\/cemaati \u00f6\u011fretisi dairesinde i\u00e7inde tutabilmeyi kendilerine vazife addetmi\u015fler. Gregoryen din adamlar\u0131 Bizans Pers rekabeti alan\u0131nda varl\u0131klar\u0131n\u0131<span class=\"excerpt-hellip\"> [\u2026]<\/span><\/p>\n","protected":false},"featured_media":0,"template":"","meta":{"_monsterinsights_skip_tracking":false,"_monsterinsights_sitenote_active":false,"_monsterinsights_sitenote_note":"","_monsterinsights_sitenote_category":0},"product_brand":[],"product_cat":[12304,13650],"product_tag":[],"class_list":{"0":"post-724104","1":"product","2":"type-product","3":"status-publish","5":"product_cat-tarih","6":"product_cat-turk-tarihi-arastirmalari","7":"pa_cilt-ciltsiz","8":"pa_tur-kitap","9":"pa_yayinevi-hitabevi-yayinlari","10":"pa_yazar-hasan-oktay","12":"first","13":"instock","14":"sale","15":"shipping-taxable","16":"purchasable","17":"product-type-simple"},"_links":{"self":[{"href":"https:\/\/roveyayinevi.com.tr\/index.php\/wp-json\/wp\/v2\/product\/724104","targetHints":{"allow":["GET"]}}],"collection":[{"href":"https:\/\/roveyayinevi.com.tr\/index.php\/wp-json\/wp\/v2\/product"}],"about":[{"href":"https:\/\/roveyayinevi.com.tr\/index.php\/wp-json\/wp\/v2\/types\/product"}],"wp:attachment":[{"href":"https:\/\/roveyayinevi.com.tr\/index.php\/wp-json\/wp\/v2\/media?parent=724104"}],"wp:term":[{"taxonomy":"product_brand","embeddable":true,"href":"https:\/\/roveyayinevi.com.tr\/index.php\/wp-json\/wp\/v2\/product_brand?post=724104"},{"taxonomy":"product_cat","embeddable":true,"href":"https:\/\/roveyayinevi.com.tr\/index.php\/wp-json\/wp\/v2\/product_cat?post=724104"},{"taxonomy":"product_tag","embeddable":true,"href":"https:\/\/roveyayinevi.com.tr\/index.php\/wp-json\/wp\/v2\/product_tag?post=724104"}],"curies":[{"name":"wp","href":"https:\/\/api.w.org\/{rel}","templated":true}]}}