{"id":724100,"date":"2025-08-27T19:29:28","date_gmt":"2025-08-27T16:29:28","guid":{"rendered":"https:\/\/roveyayinevi.com.tr\/index.php\/urun\/otobiyografik-bellek-gelisiminde-kulturel-ailesel-ve-bireysel-ozellikler\/"},"modified":"2026-04-16T02:31:56","modified_gmt":"2026-04-15T23:31:56","slug":"otobiyografik-bellek-gelisiminde-kulturel-ailesel-ve-bireysel-ozellikler","status":"publish","type":"product","link":"https:\/\/roveyayinevi.com.tr\/index.php\/urun\/otobiyografik-bellek-gelisiminde-kulturel-ailesel-ve-bireysel-ozellikler\/","title":{"rendered":"Otobiyografik Bellek Geli\u015fiminde K\u00fclt\u00fcrel, Ailesel ve Bireysel \u00d6zellikler"},"content":{"rendered":"<p>Otobiyografik Bellek Geli\u015fiminde K\u00fclt\u00fcrel, Ailesel ve Bireysel \u00d6zellikler<\/p>\n","protected":false},"excerpt":{"rendered":"<p>Otobiyografik Bellek Geli\u015fiminde K\u00fclt\u00fcrel, Ailesel ve Bireysel \u00d6zellikler<\/p>\n","protected":false},"featured_media":0,"template":"","meta":{"_monsterinsights_skip_tracking":false,"_monsterinsights_sitenote_active":false,"_monsterinsights_sitenote_note":"","_monsterinsights_sitenote_category":0},"product_brand":[],"product_cat":[12755,12357],"product_tag":[],"class_list":{"0":"post-724100","1":"product","2":"type-product","3":"status-publish","5":"product_cat-gelisim-psikolojisi","6":"product_cat-psikoloji","7":"pa_cilt-ciltsiz","8":"pa_tur-kitap","9":"pa_yayinevi-gazi-kitabevi","10":"pa_yazar-basak-sahin-acar","12":"first","13":"instock","14":"sale","15":"shipping-taxable","16":"purchasable","17":"product-type-simple"},"_links":{"self":[{"href":"https:\/\/roveyayinevi.com.tr\/index.php\/wp-json\/wp\/v2\/product\/724100","targetHints":{"allow":["GET"]}}],"collection":[{"href":"https:\/\/roveyayinevi.com.tr\/index.php\/wp-json\/wp\/v2\/product"}],"about":[{"href":"https:\/\/roveyayinevi.com.tr\/index.php\/wp-json\/wp\/v2\/types\/product"}],"wp:attachment":[{"href":"https:\/\/roveyayinevi.com.tr\/index.php\/wp-json\/wp\/v2\/media?parent=724100"}],"wp:term":[{"taxonomy":"product_brand","embeddable":true,"href":"https:\/\/roveyayinevi.com.tr\/index.php\/wp-json\/wp\/v2\/product_brand?post=724100"},{"taxonomy":"product_cat","embeddable":true,"href":"https:\/\/roveyayinevi.com.tr\/index.php\/wp-json\/wp\/v2\/product_cat?post=724100"},{"taxonomy":"product_tag","embeddable":true,"href":"https:\/\/roveyayinevi.com.tr\/index.php\/wp-json\/wp\/v2\/product_tag?post=724100"}],"curies":[{"name":"wp","href":"https:\/\/api.w.org\/{rel}","templated":true}]}}