{"id":724095,"date":"2025-08-27T19:29:24","date_gmt":"2025-08-27T16:29:24","guid":{"rendered":"https:\/\/roveyayinevi.com.tr\/index.php\/urun\/yara-izi-krali-ciltli\/"},"modified":"2026-04-16T02:31:55","modified_gmt":"2026-04-15T23:31:55","slug":"yara-izi-krali-ciltli","status":"publish","type":"product","link":"https:\/\/roveyayinevi.com.tr\/index.php\/urun\/yara-izi-krali-ciltli\/","title":{"rendered":"Yara \u0130zi Kral\u0131 (Ciltli)"},"content":{"rendered":"<p>Her ge\u00e7en g\u00fcn yeni bir yara edinen, yara izleriyle dolu bir kral\u2026\u00dclkeleri i\u00e7in her \u015feylerini ortaya koyan Nina, Genya, David ve Zoya\u2026Verilen sava\u015flar hi\u00e7 bu kadar yaral\u0131 olmam\u0131\u015ft\u0131.Karanl\u0131klar Efendisi taraf\u0131ndan benli\u011finin derinliklerine i\u015flenmi\u015f bir canavarla, sava\u015f\u0131n sona ermesinin \u00fc\u00e7\u00fcnc\u00fc senesinde h\u00e2l\u00e2 sava\u015fmaya devam eden Nikolai Lantsov, Ravka i\u00e7in bu canavardan kurtulmaya kararl\u0131d\u0131r.Grisha \u00dc\u00e7ler Erki ise bu sava\u015fta her daim yan\u0131ndad\u0131r. Ancak i\u015fler her zaman planland\u0131\u011f\u0131 gibi gitmez\u2026 Ravka\u2019n\u0131n yeniden bir sava\u015fla burun buruna gelmesiyle Nikolai kendisini iki \u015fey i\u00e7in m\u00fccadele ederken bulur: kendisi ve \u00fclkesi. Bu ikisi i\u00e7in ise her \u015feyi riske atmaya haz\u0131rd\u0131r.Her hesapla\u015fmada canavarla biraz daha b\u00fct\u00fcnle\u015fen Nikolai, canavardan kurtulup kendisini serbest b\u0131rakabilecek; \u00fclkesini yeniden kap\u0131s\u0131nda beliren bir sava\u015f\u0131n k\u0131y\u0131s\u0131ndan kurtarabilecek midir?\u201cBardugo, insanlar\u0131 ve \u00fclkeleri de\u011fi\u015ftirebilecek olaylarda hayatta kalabilmenin sonu\u00e7lar\u0131n\u0131, do\u011fall\u0131kla ve rahatl\u0131kla din, s\u0131n\u0131f, aile ve a\u015fk kavramlar\u0131yla yo\u011furuyor.\u201d &#8211; NPR\u201cHik\u00e2ye, gelecek ve ge\u00e7mi\u015fin kesi\u015fimi; korktu\u011fun \u015feyin, asl\u0131nda belki de ihtiya\u00e7 duydu\u011fun \u015fey olmas\u0131 ger\u00e7e\u011fi ile ele al\u0131nm\u0131\u015f.\u201d &#8211; Washington Post\u201cKaranl\u0131k, g\u00fczelce kaleme al\u0131nm\u0131\u015f, akl\u0131n\u0131za an\u0131nda girebilecek karakterlerle dolu\u2026 \u0130kilemenin ilk kitab\u0131 olan bu kitap, hemen bir klasik haline geliyor.\u201d &#8211; PopSugar\u201cBu kitab\u0131 sevecek olma nedeniniz, Leigh Bardugo\u2019nun m\u00fckemmel fantastik d\u00fcnyas\u0131na can vermeye devam ediyor olmas\u0131. Okumamak i\u00e7in direnmek imk\u00e2ns\u0131z.\u201d- Paste<\/p>\n","protected":false},"excerpt":{"rendered":"<p>Her ge\u00e7en g\u00fcn yeni bir yara edinen, yara izleriyle dolu bir kral\u2026\u00dclkeleri i\u00e7in her \u015feylerini ortaya koyan Nina, Genya, David ve Zoya\u2026Verilen sava\u015flar hi\u00e7 bu kadar<span class=\"excerpt-hellip\"> [\u2026]<\/span><\/p>\n","protected":false},"featured_media":0,"template":"","meta":{"_monsterinsights_skip_tracking":false,"_monsterinsights_sitenote_active":false,"_monsterinsights_sitenote_note":"","_monsterinsights_sitenote_category":0},"product_brand":[],"product_cat":[12291,14777],"product_tag":[],"class_list":{"0":"post-724095","1":"product","2":"type-product","3":"status-publish","5":"product_cat-edebiyat","6":"product_cat-fantastik","7":"pa_cilt-ciltli","8":"pa_tur-kitap","9":"pa_yayinevi-marti-yayinlari","10":"pa_yazar-leigh-bardugo","12":"first","13":"instock","14":"sale","15":"shipping-taxable","16":"purchasable","17":"product-type-simple"},"_links":{"self":[{"href":"https:\/\/roveyayinevi.com.tr\/index.php\/wp-json\/wp\/v2\/product\/724095","targetHints":{"allow":["GET"]}}],"collection":[{"href":"https:\/\/roveyayinevi.com.tr\/index.php\/wp-json\/wp\/v2\/product"}],"about":[{"href":"https:\/\/roveyayinevi.com.tr\/index.php\/wp-json\/wp\/v2\/types\/product"}],"wp:attachment":[{"href":"https:\/\/roveyayinevi.com.tr\/index.php\/wp-json\/wp\/v2\/media?parent=724095"}],"wp:term":[{"taxonomy":"product_brand","embeddable":true,"href":"https:\/\/roveyayinevi.com.tr\/index.php\/wp-json\/wp\/v2\/product_brand?post=724095"},{"taxonomy":"product_cat","embeddable":true,"href":"https:\/\/roveyayinevi.com.tr\/index.php\/wp-json\/wp\/v2\/product_cat?post=724095"},{"taxonomy":"product_tag","embeddable":true,"href":"https:\/\/roveyayinevi.com.tr\/index.php\/wp-json\/wp\/v2\/product_tag?post=724095"}],"curies":[{"name":"wp","href":"https:\/\/api.w.org\/{rel}","templated":true}]}}