{"id":724091,"date":"2025-08-27T19:29:22","date_gmt":"2025-08-27T16:29:22","guid":{"rendered":"https:\/\/roveyayinevi.com.tr\/index.php\/urun\/jeopolitik-sekillendirme-ve-turk-rus-iliskileri\/"},"modified":"2026-04-16T02:31:55","modified_gmt":"2026-04-15T23:31:55","slug":"jeopolitik-sekillendirme-ve-turk-rus-iliskileri","status":"publish","type":"product","link":"https:\/\/roveyayinevi.com.tr\/index.php\/urun\/jeopolitik-sekillendirme-ve-turk-rus-iliskileri\/","title":{"rendered":"Jeopolitik \u015eekillendirme Ve T\u00fcrk Rus \u0130li\u015fkileri"},"content":{"rendered":"<p>Etkili bir ifadesini Kissinger\u2019\u0131n \u201cg\u00fcc\u00fc politikaya \u00e7eviren \u015fey\u201d tan\u0131m\u0131nda bulan strateji, d\u00f6nemsel olarak paradoksal mant\u0131\u011f\u0131n gri b\u00f6lgelerinde zaman\u0131n ruhuna uygun ara\u00e7lar geli\u015ftirmekte, d\u0131\u015f politik mimariyi \u015fekillendirmektedir. Clausewitz\u2019e atfedilen h\u00e2kim paradigma terk edilmektedir. Siyasetin farkl\u0131 vas\u0131talarla devam\u0131 olan sava\u015f, bitmeyen, s\u0131n\u0131rs\u0131z ve s\u00fcresiz hibrit \u00e7at\u0131\u015fmalara d\u00f6n\u00fc\u015ferek \u201cbar\u0131\u015f\u201d \u0131n siyasi \u00e7evrime girmesine engel olmaktad\u0131r. Jeopolitik maksada uygun olarak sava\u015f alanlar\u0131nda kesin sonu\u00e7 kavram\u0131 silikle\u015fmi\u015ftir. Sava\u015f durumu s\u00fcresi uzam\u0131\u015ft\u0131r. Bu kitapta, g\u00fc\u00e7 siyasetinin \u00f6ng\u00f6rd\u00fc\u011f\u00fc k\u00fcresel ve b\u00f6lgesel jeopolitik tasavvurlar, tekno-politik etki ve sistemik etkiler incelenmektedir. Jeopolitik \u015fekillendirmenin y\u00f6ntem ve vas\u0131talar\u0131na, gri b\u00f6lgelerine ve T\u00fcrk-Rus ili\u015fkilerinin k\u0131sa ge\u00e7mi\u015fi, gelecek orta vadeli d\u00f6nemde hangi s\u0131n\u0131rlamalar dahilinde ne y\u00f6ne evirilebilece\u011fi konular\u0131na el at\u0131lm\u0131\u015ft\u0131r. Kitapta y\u00fcksek lisans ve doktora \u00f6\u011frencilerine y\u00f6nelik olarak g\u00fc\u00e7 siyasetinin belirli kavramsalla\u015ft\u0131rmalar\u0131, ortaya at\u0131lan yeni konseptle ve uygulamalar\u0131 \u00fczerinde \u00f6zellikle durulmu\u015ftur.  <\/p>\n","protected":false},"excerpt":{"rendered":"<p>Etkili bir ifadesini Kissinger\u2019\u0131n \u201cg\u00fcc\u00fc politikaya \u00e7eviren \u015fey\u201d tan\u0131m\u0131nda bulan strateji, d\u00f6nemsel olarak paradoksal mant\u0131\u011f\u0131n gri b\u00f6lgelerinde zaman\u0131n ruhuna uygun ara\u00e7lar geli\u015ftirmekte, d\u0131\u015f politik mimariyi \u015fekillendirmektedir.<span class=\"excerpt-hellip\"> [\u2026]<\/span><\/p>\n","protected":false},"featured_media":0,"template":"","meta":{"_monsterinsights_skip_tracking":false,"_monsterinsights_sitenote_active":false,"_monsterinsights_sitenote_note":"","_monsterinsights_sitenote_category":0},"product_brand":[],"product_cat":[13590,12337],"product_tag":[],"class_list":{"0":"post-724091","1":"product","2":"type-product","3":"status-publish","5":"product_cat-arastirma-inceleme-politika-siyaset","6":"product_cat-politika-siyaset","7":"pa_cilt-ciltsiz","8":"pa_tur-kitap","9":"pa_yayinevi-yeditepe-yayinevi","10":"pa_yazar-oguzhan-ergun-vefa-kurban","12":"first","13":"instock","14":"sale","15":"shipping-taxable","16":"purchasable","17":"product-type-simple"},"_links":{"self":[{"href":"https:\/\/roveyayinevi.com.tr\/index.php\/wp-json\/wp\/v2\/product\/724091","targetHints":{"allow":["GET"]}}],"collection":[{"href":"https:\/\/roveyayinevi.com.tr\/index.php\/wp-json\/wp\/v2\/product"}],"about":[{"href":"https:\/\/roveyayinevi.com.tr\/index.php\/wp-json\/wp\/v2\/types\/product"}],"wp:attachment":[{"href":"https:\/\/roveyayinevi.com.tr\/index.php\/wp-json\/wp\/v2\/media?parent=724091"}],"wp:term":[{"taxonomy":"product_brand","embeddable":true,"href":"https:\/\/roveyayinevi.com.tr\/index.php\/wp-json\/wp\/v2\/product_brand?post=724091"},{"taxonomy":"product_cat","embeddable":true,"href":"https:\/\/roveyayinevi.com.tr\/index.php\/wp-json\/wp\/v2\/product_cat?post=724091"},{"taxonomy":"product_tag","embeddable":true,"href":"https:\/\/roveyayinevi.com.tr\/index.php\/wp-json\/wp\/v2\/product_tag?post=724091"}],"curies":[{"name":"wp","href":"https:\/\/api.w.org\/{rel}","templated":true}]}}