{"id":724089,"date":"2025-08-27T19:29:21","date_gmt":"2025-08-27T16:29:21","guid":{"rendered":"https:\/\/roveyayinevi.com.tr\/index.php\/urun\/kralligi-oldurmek\/"},"modified":"2026-04-16T02:31:55","modified_gmt":"2026-04-15T23:31:55","slug":"kralligi-oldurmek","status":"publish","type":"product","link":"https:\/\/roveyayinevi.com.tr\/index.php\/urun\/kralligi-oldurmek\/","title":{"rendered":"Krall\u0131\u011f\u0131 \u00d6ld\u00fcrmek"},"content":{"rendered":"<p>Prenses Lira, siren kraliyetinin taht v\u00e2risi. Ayn\u0131 zamanda da en \u00f6l\u00fcm sa\u00e7an siren. On yedi prensin kalbini s\u00f6k\u00fcp alm\u0131\u015f bir siren olmas\u0131ndan dolay\u0131 b\u00fct\u00fcn denizler \u00f6n\u00fcnde sayg\u0131yla e\u011filir. Ta ki kaderin cilvesi onu kendi d\u00fcnyalar\u0131ndan birini \u00f6ld\u00fcrmeye mecbur b\u0131rak\u0131ncaya kadar\u2026Denizler Krali\u00e7esi k\u0131z\u0131n\u0131 cezaland\u0131rmak i\u00e7in onu en nefret ettikleri yarat\u0131\u011fa, yani insana d\u00f6n\u00fc\u015ft\u00fcr\u00fcr. Sihirli \u015fark\u0131s\u0131 da kendisinden al\u0131nan Lira\u2019n\u0131n, Denizler Krali\u00e7esi\u2019ne Prens Elian\u2019\u0131n kalbini g\u00f6t\u00fcrmek i\u00e7in k\u0131\u015f g\u00fcnd\u00f6n\u00fcm\u00fcne kadar vakti vard\u0131r, yoksa sonsuza dek insan olarak kalacakt\u0131r.D\u00fcnyan\u0131n en g\u00fc\u00e7l\u00fc krall\u0131\u011f\u0131n\u0131n v\u00e2risi olsa da Prens Elian\u2019\u0131n evim dedi\u011fi tek yer okyanustur. Siren avlamak onun i\u00e7in naho\u015f bir hobiden ziyade bir g\u00f6rev a\u015fk\u0131d\u0131r.Bo\u011fulmak \u00fczere olan bir k\u0131z\u0131 okyanustan kurtard\u0131\u011f\u0131nda onun hi\u00e7 de g\u00f6r\u00fcnd\u00fc\u011f\u00fc gibi biri olmad\u0131\u011f\u0131n\u0131 anlayacak m\u0131d\u0131r? K\u0131z, t\u00fcm siren t\u00fcr\u00fcn\u00fc sonsuza dek yok edecek plan\u0131n en \u00f6nemli k\u0131sm\u0131n\u0131 \u00e7\u00f6zmesinde ona yard\u0131m edece\u011fine dair s\u00f6z verir. Fakat Elian ona g\u00fcvenebilecek midir?Ve Prens Elian insanl\u0131\u011f\u0131n en b\u00fcy\u00fck d\u00fc\u015fman\u0131n\u0131 yok etmek i\u00e7in ka\u00e7 anla\u015fma yapmak, bu u\u011furda neleri feda etmek zorunda kalacakt\u0131r?<\/p>\n","protected":false},"excerpt":{"rendered":"<p>Prenses Lira, siren kraliyetinin taht v\u00e2risi. Ayn\u0131 zamanda da en \u00f6l\u00fcm sa\u00e7an siren. On yedi prensin kalbini s\u00f6k\u00fcp alm\u0131\u015f bir siren olmas\u0131ndan dolay\u0131 b\u00fct\u00fcn denizler \u00f6n\u00fcnde<span class=\"excerpt-hellip\"> [\u2026]<\/span><\/p>\n","protected":false},"featured_media":0,"template":"","meta":{"_monsterinsights_skip_tracking":false,"_monsterinsights_sitenote_active":false,"_monsterinsights_sitenote_note":"","_monsterinsights_sitenote_category":0},"product_brand":[],"product_cat":[12291,14777],"product_tag":[],"class_list":{"0":"post-724089","1":"product","2":"type-product","3":"status-publish","5":"product_cat-edebiyat","6":"product_cat-fantastik","7":"pa_cilt-ciltsiz","8":"pa_tur-kitap","9":"pa_yayinevi-marti-yayinlari","10":"pa_yazar-alexandra-christo","12":"first","13":"instock","14":"sale","15":"shipping-taxable","16":"purchasable","17":"product-type-simple"},"_links":{"self":[{"href":"https:\/\/roveyayinevi.com.tr\/index.php\/wp-json\/wp\/v2\/product\/724089","targetHints":{"allow":["GET"]}}],"collection":[{"href":"https:\/\/roveyayinevi.com.tr\/index.php\/wp-json\/wp\/v2\/product"}],"about":[{"href":"https:\/\/roveyayinevi.com.tr\/index.php\/wp-json\/wp\/v2\/types\/product"}],"wp:attachment":[{"href":"https:\/\/roveyayinevi.com.tr\/index.php\/wp-json\/wp\/v2\/media?parent=724089"}],"wp:term":[{"taxonomy":"product_brand","embeddable":true,"href":"https:\/\/roveyayinevi.com.tr\/index.php\/wp-json\/wp\/v2\/product_brand?post=724089"},{"taxonomy":"product_cat","embeddable":true,"href":"https:\/\/roveyayinevi.com.tr\/index.php\/wp-json\/wp\/v2\/product_cat?post=724089"},{"taxonomy":"product_tag","embeddable":true,"href":"https:\/\/roveyayinevi.com.tr\/index.php\/wp-json\/wp\/v2\/product_tag?post=724089"}],"curies":[{"name":"wp","href":"https:\/\/api.w.org\/{rel}","templated":true}]}}