{"id":724088,"date":"2025-08-27T19:29:20","date_gmt":"2025-08-27T16:29:20","guid":{"rendered":"https:\/\/roveyayinevi.com.tr\/index.php\/urun\/halk-kulturunde-kazdaglari\/"},"modified":"2026-04-16T02:31:55","modified_gmt":"2026-04-15T23:31:55","slug":"halk-kulturunde-kazdaglari","status":"publish","type":"product","link":"https:\/\/roveyayinevi.com.tr\/index.php\/urun\/halk-kulturunde-kazdaglari\/","title":{"rendered":"Halk K\u00fclt\u00fcr\u00fcnde Kazda\u011flar\u0131"},"content":{"rendered":"<p>\u0130da da\u011flar\u0131na yerle\u015fen Tahtac\u0131lar, s\u00f6ylenceye g\u00f6re, y\u00fcksek bir zirvede kaz t\u00fcyleri ile kar\u015f\u0131la\u015fm\u0131\u015flar. Bu t\u00fcylerin Sar\u0131 K\u0131z\u2019\u0131n kazlar\u0131na ait oldu\u011funu \u00f6\u011frenmi\u015fler. Kazaya\u011f\u0131 motifi \u015eaman inanc\u0131nda kutsal kabul edilmekteymi\u015f. Tahtac\u0131lara ait olan kazaya\u011f\u0131 \u015fekline benzetilerek bir noktadan a\u015fa\u011f\u0131ya do\u011fru \u00fc\u00e7 \u00e7izginin \u00e7ekilmesiyle olu\u015fturulan kazaya\u011f\u0131 motifi, cesaret ve kuvvetin de sembol\u00fc. \u00d6zellikle mezarlar\u0131n ba\u015f taraf\u0131ndaki hece ta\u015f\u0131na kaz\u0131makta, ayr\u0131ca i\u015f g\u00f6mleklerine ve gen\u00e7 k\u0131zlar\u0131n gelinlik \u00fc\u00e7eteklerine i\u015flemekteler. O\u011fuzlarda da kazaya\u011f\u0131 eski bir T\u00fcrk inanc\u0131n\u0131n, simgesi. \u00d6l\u00fcmden sonra ruhun bir kaz \u00fcst\u00fcnde u\u00e7tu\u011fu iddia edilmekte.  Halk k\u00fclt\u00fcr\u00fcnde Kaz da\u011flar\u0131 adl\u0131 kitab\u0131m\u0131z\u0131n i\u00e7eri\u011finde bulunan \u201c\u00d6yk\u00fcleriyle Kazda\u011f\u0131 T\u00fcrk\u00fcleri\u201d  size t\u00fcrk\u00fclerin i\u00e7eri\u011finde bulunan \u201c\u00d6yk\u00fcleriyle Kazda\u011f\u0131 T\u00fcrk\u00fcleri\u201d size t\u00fcrk\u00fclerin kanad\u0131nda duygular ikliminde bir gezinti yapt\u0131racak\u2026 Edremit odakl\u0131 Kazda\u011f\u0131 t\u00fcrk\u00fcleri i\u00e7inde yak\u0131c\u0131s\u0131 bilinenler var. Ama as\u0131l nitelikleri anonim olu\u015flar\u0131. Zaman i\u00e7inde sahipleri unutulmu\u015f, derin ge\u00e7mi\u015fi, s\u00f6ylencelerde kalan \u00f6yk\u00fcleriyle gelenekte yerlerini alm\u0131\u015flar. Kulaktan kula\u011fa aktar\u0131larak ya\u015fam\u0131n\u0131 s\u00fcrd\u00fcrenler, s\u00fcrd\u00fcremeyenler olmu\u015f. <\/p>\n","protected":false},"excerpt":{"rendered":"<p>\u0130da da\u011flar\u0131na yerle\u015fen Tahtac\u0131lar, s\u00f6ylenceye g\u00f6re, y\u00fcksek bir zirvede kaz t\u00fcyleri ile kar\u015f\u0131la\u015fm\u0131\u015flar. Bu t\u00fcylerin Sar\u0131 K\u0131z\u2019\u0131n kazlar\u0131na ait oldu\u011funu \u00f6\u011frenmi\u015fler. Kazaya\u011f\u0131 motifi \u015eaman inanc\u0131nda kutsal<span class=\"excerpt-hellip\"> [\u2026]<\/span><\/p>\n","protected":false},"featured_media":0,"template":"","meta":{"_monsterinsights_skip_tracking":false,"_monsterinsights_sitenote_active":false,"_monsterinsights_sitenote_note":"","_monsterinsights_sitenote_category":0},"product_brand":[],"product_cat":[12370,12304],"product_tag":[],"class_list":{"0":"post-724088","1":"product","2":"type-product","3":"status-publish","5":"product_cat-arastirma-inceleme","6":"product_cat-tarih","7":"pa_cilt-ciltsiz","8":"pa_tur-kitap","9":"pa_yayinevi-kultur-ajans-yayinlari","10":"pa_yazar-ahmet-ozdemir","12":"first","13":"instock","14":"sale","15":"shipping-taxable","16":"purchasable","17":"product-type-simple"},"_links":{"self":[{"href":"https:\/\/roveyayinevi.com.tr\/index.php\/wp-json\/wp\/v2\/product\/724088","targetHints":{"allow":["GET"]}}],"collection":[{"href":"https:\/\/roveyayinevi.com.tr\/index.php\/wp-json\/wp\/v2\/product"}],"about":[{"href":"https:\/\/roveyayinevi.com.tr\/index.php\/wp-json\/wp\/v2\/types\/product"}],"wp:attachment":[{"href":"https:\/\/roveyayinevi.com.tr\/index.php\/wp-json\/wp\/v2\/media?parent=724088"}],"wp:term":[{"taxonomy":"product_brand","embeddable":true,"href":"https:\/\/roveyayinevi.com.tr\/index.php\/wp-json\/wp\/v2\/product_brand?post=724088"},{"taxonomy":"product_cat","embeddable":true,"href":"https:\/\/roveyayinevi.com.tr\/index.php\/wp-json\/wp\/v2\/product_cat?post=724088"},{"taxonomy":"product_tag","embeddable":true,"href":"https:\/\/roveyayinevi.com.tr\/index.php\/wp-json\/wp\/v2\/product_tag?post=724088"}],"curies":[{"name":"wp","href":"https:\/\/api.w.org\/{rel}","templated":true}]}}