{"id":724087,"date":"2025-08-27T19:29:19","date_gmt":"2025-08-27T16:29:19","guid":{"rendered":"https:\/\/roveyayinevi.com.tr\/index.php\/urun\/klasik-arkeoloji-sozlugu\/"},"modified":"2026-04-16T02:31:55","modified_gmt":"2026-04-15T23:31:55","slug":"klasik-arkeoloji-sozlugu","status":"publish","type":"product","link":"https:\/\/roveyayinevi.com.tr\/index.php\/urun\/klasik-arkeoloji-sozlugu\/","title":{"rendered":"Klasik Arkeoloji S\u00f6zl\u00fc\u011f\u00fc"},"content":{"rendered":"<p>G\u00fcn\u00fcm\u00fczdeki teknolojik aletler bir kenara b\u0131rak\u0131l\u0131rsa kalan nesneler, meslek gruplar\u0131, kavramlar, mimari anlay\u0131\u015flar ve y\u00f6netim bi\u00e7imleri Yunan-Roma uygarl\u0131klar\u0131nda insan hayat\u0131n\u0131n bir par\u00e7as\u0131 olarak vard\u0131. Bunlar\u0131n tamam\u0131n\u0131 eksiksiz olarak tarif etmek m\u00fcmk\u00fcn olmasa da kitapta s\u00f6z konusu maddelerin hemen hepsi ile ilgili tatmin edici cevaplar bulunabilecektir. Kitapta \u00f6zellikle mitolojiye dair herhangi bir ara\u015ft\u0131rma veya inceleme yap\u0131lmam\u0131\u015ft\u0131r ama Yunan-Roma festivalleri ve bayramlar\u0131 k\u0131sa maddeler halinde yer alm\u0131\u015ft\u0131r. Yunan-Roma kronolojileri, Atina arkhon listesi, kral listeleri, kronolojik yap\u0131 listesi, Yunan-Roma a\u011f\u0131rl\u0131k, hacim ve uzunluk \u00f6l\u00e7\u00fcleri, takvimler ve Roma kons\u00fcllerinin tam listesi kitab\u0131n sonundaki ekler k\u0131sm\u0131nda yer alm\u0131\u015ft\u0131r. S\u00f6zl\u00fc\u011f\u00fcn arkeoloji ile u\u011fra\u015fanlara ve ilgi duyanlara faydal\u0131 olmas\u0131n\u0131 umuyoruz. <\/p>\n","protected":false},"excerpt":{"rendered":"<p>G\u00fcn\u00fcm\u00fczdeki teknolojik aletler bir kenara b\u0131rak\u0131l\u0131rsa kalan nesneler, meslek gruplar\u0131, kavramlar, mimari anlay\u0131\u015flar ve y\u00f6netim bi\u00e7imleri Yunan-Roma uygarl\u0131klar\u0131nda insan hayat\u0131n\u0131n bir par\u00e7as\u0131 olarak vard\u0131. Bunlar\u0131n tamam\u0131n\u0131<span class=\"excerpt-hellip\"> [\u2026]<\/span><\/p>\n","protected":false},"featured_media":0,"template":"","meta":{"_monsterinsights_skip_tracking":false,"_monsterinsights_sitenote_active":false,"_monsterinsights_sitenote_note":"","_monsterinsights_sitenote_category":0},"product_brand":[],"product_cat":[12370,12304],"product_tag":[],"class_list":{"0":"post-724087","1":"product","2":"type-product","3":"status-publish","5":"product_cat-arastirma-inceleme","6":"product_cat-tarih","7":"pa_cilt-ciltsiz","8":"pa_tur-kitap","9":"pa_yayinevi-toz-yayinlari","10":"pa_yazar-murat-karatag","12":"first","13":"instock","14":"sale","15":"shipping-taxable","16":"purchasable","17":"product-type-simple"},"_links":{"self":[{"href":"https:\/\/roveyayinevi.com.tr\/index.php\/wp-json\/wp\/v2\/product\/724087","targetHints":{"allow":["GET"]}}],"collection":[{"href":"https:\/\/roveyayinevi.com.tr\/index.php\/wp-json\/wp\/v2\/product"}],"about":[{"href":"https:\/\/roveyayinevi.com.tr\/index.php\/wp-json\/wp\/v2\/types\/product"}],"wp:attachment":[{"href":"https:\/\/roveyayinevi.com.tr\/index.php\/wp-json\/wp\/v2\/media?parent=724087"}],"wp:term":[{"taxonomy":"product_brand","embeddable":true,"href":"https:\/\/roveyayinevi.com.tr\/index.php\/wp-json\/wp\/v2\/product_brand?post=724087"},{"taxonomy":"product_cat","embeddable":true,"href":"https:\/\/roveyayinevi.com.tr\/index.php\/wp-json\/wp\/v2\/product_cat?post=724087"},{"taxonomy":"product_tag","embeddable":true,"href":"https:\/\/roveyayinevi.com.tr\/index.php\/wp-json\/wp\/v2\/product_tag?post=724087"}],"curies":[{"name":"wp","href":"https:\/\/api.w.org\/{rel}","templated":true}]}}