{"id":724086,"date":"2025-08-27T19:29:19","date_gmt":"2025-08-27T16:29:19","guid":{"rendered":"https:\/\/roveyayinevi.com.tr\/index.php\/urun\/felsefe-ve-tarih\/"},"modified":"2026-04-16T02:31:55","modified_gmt":"2026-04-15T23:31:55","slug":"felsefe-ve-tarih","status":"publish","type":"product","link":"https:\/\/roveyayinevi.com.tr\/index.php\/urun\/felsefe-ve-tarih\/","title":{"rendered":"Felsefe Ve Tarih"},"content":{"rendered":"<p>Felsefe ve tarih, her ikisi de etimolojik k\u00f6kenleri Antik Yunan\u2019a kadar geri giden disiplinler olarak kar\u015f\u0131m\u0131za \u00e7\u0131karlar. Ne felsefesiz bir tarih ne de tarihsiz bir felsefe d\u00fc\u015f\u00fcnmek m\u00fcmk\u00fcn de\u011fildir. Her ne kadar bu iki disiplini icra eden ki\u015filerin belirlemeye \u00e7al\u0131\u015ft\u0131klar\u0131 s\u0131n\u0131rlar zaman i\u00e7inde s\u00fcrekli de\u011fi\u015fime tabi olmu\u015fsa da felsefe ve tarihin karma\u015f\u0131k ili\u015fkisi g\u00fcn\u00fcm\u00fcze kadar s\u00fcrm\u00fc\u015f, dahas\u0131, bu ili\u015fki hakk\u0131nda d\u00fc\u015f\u00fcnmek bile ayr\u0131 bir sorun alan\u0131na d\u00f6n\u00fc\u015fm\u00fc\u015ft\u00fcr. Tarih yaz\u0131m\u0131 ya da tarih\u00e7ilik denen u\u011fra\u015f\u0131n filozoflar\u0131n s\u0131kl\u0131kla d\u00fc\u015f\u00fcnce \u00fcrettikleri, kalem oynatt\u0131klar\u0131 bir alan olageldi\u011fi herkesin kabul etti\u011fi bir olgudur. Pek \u00e7ok filozof kendilerine mesele ettikleri sorunlar\u0131 tarihteki \u00f6rnekleriyle i\u015flemeyi, tarihsel s\u00fcre\u00e7leri i\u00e7inde incelemeyi sever. \u00d6te yandan tarihi, metodolojik bir yakla\u015f\u0131mla ele al\u0131p, sadece olaylar\u0131n bir anlat\u0131s\u0131 olmaktan \u00e7\u0131karan da yine filozoflar olmu\u015ftur. Tarihi anlat\u0131ya hem varsay\u0131msal bir retrospektifi hem de teleolojik niyetleri katm\u0131\u015f olanlar da yine onlard\u0131r. Ancak yine de felsefe ve tarih aras\u0131ndaki ili\u015fkiyi sadece tarih felsefesinin bir ilgi alan\u0131 olarak d\u00fc\u015f\u00fcnmek bu ili\u015fkiyi olduk\u00e7a k\u0131s\u0131tl\u0131 bir anlama hapsetmek olur. Bu kitapta toplanm\u0131\u015f olan yaz\u0131lar i\u015fte bu dar perspektifin d\u0131\u015f\u0131na ta\u015farak, felsefenin kendi tarihiyle ili\u015fkisinden felsefi bir yorum olarak tarihe, \u00fcnl\u00fc filozoflar\u0131n mektupla\u015fmalar\u0131ndan tarihin tarihine y\u00f6neltilen ele\u015ftirilere, historia kavram\u0131n\u0131n de\u011fi\u015fen anlam\u0131ndan tarihsel bilincin felsefe yapmaktaki yerine kadar pek \u00e7ok meseleyi ele alarak, felsefe ve tarih aras\u0131ndaki karma\u015f\u0131k ili\u015fkiyi \u00e7\u00f6z\u00fcmlemeye giri\u015fiyor.<\/p>\n","protected":false},"excerpt":{"rendered":"<p>Felsefe ve tarih, her ikisi de etimolojik k\u00f6kenleri Antik Yunan\u2019a kadar geri giden disiplinler olarak kar\u015f\u0131m\u0131za \u00e7\u0131karlar. Ne felsefesiz bir tarih ne de tarihsiz bir felsefe<span class=\"excerpt-hellip\"> [\u2026]<\/span><\/p>\n","protected":false},"featured_media":0,"template":"","meta":{"_monsterinsights_skip_tracking":false,"_monsterinsights_sitenote_active":false,"_monsterinsights_sitenote_note":"","_monsterinsights_sitenote_category":0},"product_brand":[],"product_cat":[12388,14717],"product_tag":[],"class_list":{"0":"post-724086","1":"product","2":"type-product","3":"status-publish","5":"product_cat-felsefe","6":"product_cat-felsefe-tarihi","7":"pa_cilt-ciltsiz","8":"pa_tur-kitap","9":"pa_yayinevi-pinhan-yayincilik","10":"pa_yazar-kolektif","12":"first","13":"instock","14":"sale","15":"shipping-taxable","16":"purchasable","17":"product-type-simple"},"_links":{"self":[{"href":"https:\/\/roveyayinevi.com.tr\/index.php\/wp-json\/wp\/v2\/product\/724086","targetHints":{"allow":["GET"]}}],"collection":[{"href":"https:\/\/roveyayinevi.com.tr\/index.php\/wp-json\/wp\/v2\/product"}],"about":[{"href":"https:\/\/roveyayinevi.com.tr\/index.php\/wp-json\/wp\/v2\/types\/product"}],"wp:attachment":[{"href":"https:\/\/roveyayinevi.com.tr\/index.php\/wp-json\/wp\/v2\/media?parent=724086"}],"wp:term":[{"taxonomy":"product_brand","embeddable":true,"href":"https:\/\/roveyayinevi.com.tr\/index.php\/wp-json\/wp\/v2\/product_brand?post=724086"},{"taxonomy":"product_cat","embeddable":true,"href":"https:\/\/roveyayinevi.com.tr\/index.php\/wp-json\/wp\/v2\/product_cat?post=724086"},{"taxonomy":"product_tag","embeddable":true,"href":"https:\/\/roveyayinevi.com.tr\/index.php\/wp-json\/wp\/v2\/product_tag?post=724086"}],"curies":[{"name":"wp","href":"https:\/\/api.w.org\/{rel}","templated":true}]}}