{"id":724085,"date":"2025-08-27T19:29:18","date_gmt":"2025-08-27T16:29:18","guid":{"rendered":"https:\/\/roveyayinevi.com.tr\/index.php\/urun\/kesik-bas-cinayeti\/"},"modified":"2026-04-16T02:31:55","modified_gmt":"2026-04-15T23:31:55","slug":"kesik-bas-cinayeti","status":"publish","type":"product","link":"https:\/\/roveyayinevi.com.tr\/index.php\/urun\/kesik-bas-cinayeti\/","title":{"rendered":"Kesik Ba\u015f Cinayeti"},"content":{"rendered":"<p>1917 y\u0131l\u0131nda, I. D\u00fcnya Sava\u015f\u0131 devam ederken \u0130stanbul\u2019un farkl\u0131 semtlerine da\u011f\u0131lm\u0131\u015f ceset par\u00e7alar\u0131yla ortaya \u00e7\u0131kan bir cinayet. Cinayetin kamuoyunda yaratt\u0131\u011f\u0131 endi\u015fe ve heyecan, emniyet birimlerinin sonu\u00e7 vermeyen \u00e7abalar\u0131 ve nihayetinde bu i\u015fe el koyan, k\u0131l\u0131ktan k\u0131l\u0131\u011fa girip ipu\u00e7lar\u0131n\u0131 toplayarak cinayeti \u00e7\u00f6zmeyi ba\u015faran \u201cNat Pinkerton\u201d lakapl\u0131 eski Polis M\u00fcd\u00fcr\u00fc Ziya Bey. 1926 y\u0131l\u0131nda Haftal\u0131k Mecmua\u2019da tefrika edilen Kesik Ba\u015f Cinayeti, Osmanl\u0131-T\u00fcrk polisiye gelene\u011fine eklenen yeni bir halka. \u00d6zg\u00fcn metinde yer alan ill\u00fcstrasyonlar\u0131n t\u0131pk\u0131bas\u0131mlar\u0131yla yay\u0131mlanan roman, d\u00f6nemin g\u00fcndelik ya\u015fam\u0131na dair \u00e7arp\u0131c\u0131 ayr\u0131nt\u0131lar sunuyor.<\/p>\n","protected":false},"excerpt":{"rendered":"<p>1917 y\u0131l\u0131nda, I. D\u00fcnya Sava\u015f\u0131 devam ederken \u0130stanbul\u2019un farkl\u0131 semtlerine da\u011f\u0131lm\u0131\u015f ceset par\u00e7alar\u0131yla ortaya \u00e7\u0131kan bir cinayet. Cinayetin kamuoyunda yaratt\u0131\u011f\u0131 endi\u015fe ve heyecan, emniyet birimlerinin sonu\u00e7<span class=\"excerpt-hellip\"> [\u2026]<\/span><\/p>\n","protected":false},"featured_media":0,"template":"","meta":{"_monsterinsights_skip_tracking":false,"_monsterinsights_sitenote_active":false,"_monsterinsights_sitenote_note":"","_monsterinsights_sitenote_category":0},"product_brand":[],"product_cat":[12370,12304],"product_tag":[],"class_list":{"0":"post-724085","1":"product","2":"type-product","3":"status-publish","5":"product_cat-arastirma-inceleme","6":"product_cat-tarih","7":"pa_cilt-ciltsiz","8":"pa_tur-kitap","9":"pa_yayinevi-koc-universitesi-yayinlari","10":"pa_yazar-ziya","12":"first","13":"instock","14":"sale","15":"shipping-taxable","16":"purchasable","17":"product-type-simple"},"_links":{"self":[{"href":"https:\/\/roveyayinevi.com.tr\/index.php\/wp-json\/wp\/v2\/product\/724085","targetHints":{"allow":["GET"]}}],"collection":[{"href":"https:\/\/roveyayinevi.com.tr\/index.php\/wp-json\/wp\/v2\/product"}],"about":[{"href":"https:\/\/roveyayinevi.com.tr\/index.php\/wp-json\/wp\/v2\/types\/product"}],"wp:attachment":[{"href":"https:\/\/roveyayinevi.com.tr\/index.php\/wp-json\/wp\/v2\/media?parent=724085"}],"wp:term":[{"taxonomy":"product_brand","embeddable":true,"href":"https:\/\/roveyayinevi.com.tr\/index.php\/wp-json\/wp\/v2\/product_brand?post=724085"},{"taxonomy":"product_cat","embeddable":true,"href":"https:\/\/roveyayinevi.com.tr\/index.php\/wp-json\/wp\/v2\/product_cat?post=724085"},{"taxonomy":"product_tag","embeddable":true,"href":"https:\/\/roveyayinevi.com.tr\/index.php\/wp-json\/wp\/v2\/product_tag?post=724085"}],"curies":[{"name":"wp","href":"https:\/\/api.w.org\/{rel}","templated":true}]}}