{"id":724080,"date":"2025-08-27T19:29:14","date_gmt":"2025-08-27T16:29:14","guid":{"rendered":"https:\/\/roveyayinevi.com.tr\/index.php\/urun\/turkler-ve-islamiyet\/"},"modified":"2026-04-16T02:31:55","modified_gmt":"2026-04-15T23:31:55","slug":"turkler-ve-islamiyet","status":"publish","type":"product","link":"https:\/\/roveyayinevi.com.tr\/index.php\/urun\/turkler-ve-islamiyet\/","title":{"rendered":"T\u00fcrkler Ve \u0130slamiyet"},"content":{"rendered":"<p>Bat\u0131 T\u00fcrkistan\u2019\u0131n g\u00fcneybat\u0131s\u0131, Mavera\u00fcnnehir, Horasan ve Afganistan\u2019\u0131n kuzeyi tarihin en erken devirlerinden itibaren T\u00fcrk k\u00f6kenli halklar\u0131n ak\u0131nlar\u0131na sahne olmu\u015ftur. B\u00f6lgede kurulan ilk b\u00fcy\u00fck T\u00fcrk devleti Akhunlard\u0131r (350-558). Sonras\u0131nda gelen G\u00f6kt\u00fcrklerin bat\u0131 kolunun VIII. yy.\u2019da zay\u0131flamas\u0131yla ba\u015f\u0131bo\u015f kalan boylar ayn\u0131 b\u00f6lgede yay\u0131lm\u0131\u015flard\u0131r. Bu arada \u0130slamiyet ve \u0130slam k\u00fclt\u00fcr\u00fc T\u00fcrkler aras\u0131nda kendisini g\u00f6stermeye ba\u015flam\u0131\u015ft\u0131r.  Sonras\u0131nda T\u00fcrkler bireyler ya da k\u00fc\u00e7\u00fck hanedanl\u0131klar halinde M\u00fcsl\u00fcman oldular. B\u00f6ylece T\u00fcrk ve \u0130slam tarihini hatta d\u00fcnya tarihini derinden etkileyecek olaylar\u0131n ilk ad\u0131m\u0131 at\u0131l\u0131yordu. Yani S\u00e2m\u00e2n\u00eeler Devleti do\u011fuyordu. K\u0131sacas\u0131 T\u00fcrklerin tarihi ge\u00e7i\u015f yollar\u0131ndan bir T\u00fcrk devleti y\u00fckseliyordu. Asl\u0131nda S\u00e2m\u00e2n\u00eelerden \u00f6nce Fergana, Buhara, Ta\u015fkent, Semerkand ba\u015fta olmak \u00fczere \u00e7ok say\u0131da yerel hanedan kuran T\u00fcrkler ad\u0131 ge\u00e7en devleti de kurarak y\u00fckselttiler. Neticede Akhunlardan itibaren ba\u015flayan b\u00f6lgenin T\u00fcrkle\u015fme s\u00fcreci tamamland\u0131. Daha sonra \u00d6n Asya\u2019ya akacak olan Sel\u00e7uklu ve T\u00fcrkmenlere bir alt yap\u0131 haz\u0131rlad\u0131. Elinizdeki bu kitap T\u00fcrklerle M\u00fcsl\u00fcmanlar\u0131n m\u00fccadelelerini, T\u00fcrklerin nas\u0131l, hangi \u015fartlarda M\u00fcsl\u00fcman olduklar\u0131n\u0131 ve ilk M\u00fcsl\u00fcman T\u00fcrk devleti olan S\u00e2m\u00e2n\u00eelerin k\u00f6kenini anlatmaktad\u0131r. Prof. Dr. Ahmet Ta\u015fa\u011f\u0131l <\/p>\n","protected":false},"excerpt":{"rendered":"<p>Bat\u0131 T\u00fcrkistan\u2019\u0131n g\u00fcneybat\u0131s\u0131, Mavera\u00fcnnehir, Horasan ve Afganistan\u2019\u0131n kuzeyi tarihin en erken devirlerinden itibaren T\u00fcrk k\u00f6kenli halklar\u0131n ak\u0131nlar\u0131na sahne olmu\u015ftur. B\u00f6lgede kurulan ilk b\u00fcy\u00fck T\u00fcrk devleti Akhunlard\u0131r<span class=\"excerpt-hellip\"> [\u2026]<\/span><\/p>\n","protected":false},"featured_media":0,"template":"","meta":{"_monsterinsights_skip_tracking":false,"_monsterinsights_sitenote_active":false,"_monsterinsights_sitenote_note":"","_monsterinsights_sitenote_category":0},"product_brand":[],"product_cat":[12304,13650],"product_tag":[],"class_list":{"0":"post-724080","1":"product","2":"type-product","3":"status-publish","5":"product_cat-tarih","6":"product_cat-turk-tarihi-arastirmalari","7":"pa_cilt-ciltsiz","8":"pa_tur-kitap","9":"pa_yayinevi-yeditepe-yayinevi","10":"pa_yazar-aydin-usta","12":"first","13":"instock","14":"sale","15":"shipping-taxable","16":"purchasable","17":"product-type-simple"},"_links":{"self":[{"href":"https:\/\/roveyayinevi.com.tr\/index.php\/wp-json\/wp\/v2\/product\/724080","targetHints":{"allow":["GET"]}}],"collection":[{"href":"https:\/\/roveyayinevi.com.tr\/index.php\/wp-json\/wp\/v2\/product"}],"about":[{"href":"https:\/\/roveyayinevi.com.tr\/index.php\/wp-json\/wp\/v2\/types\/product"}],"wp:attachment":[{"href":"https:\/\/roveyayinevi.com.tr\/index.php\/wp-json\/wp\/v2\/media?parent=724080"}],"wp:term":[{"taxonomy":"product_brand","embeddable":true,"href":"https:\/\/roveyayinevi.com.tr\/index.php\/wp-json\/wp\/v2\/product_brand?post=724080"},{"taxonomy":"product_cat","embeddable":true,"href":"https:\/\/roveyayinevi.com.tr\/index.php\/wp-json\/wp\/v2\/product_cat?post=724080"},{"taxonomy":"product_tag","embeddable":true,"href":"https:\/\/roveyayinevi.com.tr\/index.php\/wp-json\/wp\/v2\/product_tag?post=724080"}],"curies":[{"name":"wp","href":"https:\/\/api.w.org\/{rel}","templated":true}]}}