{"id":724079,"date":"2025-08-27T19:29:13","date_gmt":"2025-08-27T16:29:13","guid":{"rendered":"https:\/\/roveyayinevi.com.tr\/index.php\/urun\/bozkirin-ebabilleri\/"},"modified":"2026-04-16T02:31:55","modified_gmt":"2026-04-15T23:31:55","slug":"bozkirin-ebabilleri","status":"publish","type":"product","link":"https:\/\/roveyayinevi.com.tr\/index.php\/urun\/bozkirin-ebabilleri\/","title":{"rendered":"Bozk\u0131r\u0131n Ebabilleri"},"content":{"rendered":"<p>Ger\u00e7e\u011fin kurguyla bulu\u015ftu\u011fu heyecan dolu bir ser\u00fcven. Bu kitab\u0131n sayfalar\u0131nda cevaplar\u0131n\u0131 bulabilece\u011finiz baz\u0131 sorular\u2026 Emevilerin T\u00fcrkistan ve Kafkasya\u2019ya ula\u015fmalar\u0131yla M\u00fcsl\u00fcmanlar ile T\u00fcrkler aras\u0131nda neler ya\u015fand\u0131? Hazar y\u00f6neticileri neden Yahudili\u011fi se\u00e7ti? T\u00fcrkler iddia edildi\u011fi gibi k\u0131l\u0131\u00e7 zoruyla m\u0131 M\u00fcsl\u00fcman oldu? Arap olmayanlara \u201cMevali\u201d diyerek hor g\u00f6ren Emevilerin sonu nas\u0131l geldi? T\u00fcrklerin Ebu O\u011fuzhan, Araplar\u0131n ve Farslar\u0131n Ebu M\u00fcslim Horasani diye adland\u0131rd\u0131klar\u0131 ki\u015fi d\u00fcnya tarihinde nas\u0131l bir rol oynad\u0131? \u00c7inlilerin Bat\u0131 T\u00fcrkistan\u2019\u0131 i\u015fgal planlar\u0131 kimler taraf\u0131ndan engellendi? Tarihi belgelerden ve s\u00f6ylencelerden yola \u00e7\u0131karak kurgulanan bu romanda; Kerbela\u2019dan Abbasi devrimine, Ta\u015fkent\u2019in i\u015fgalinden Talas Sava\u015f\u0131\u2019na maceradan maceraya ko\u015farken zaman\u0131n nas\u0131l ge\u00e7ti\u011fini anlamayacaks\u0131n\u0131z.  <\/p>\n","protected":false},"excerpt":{"rendered":"<p>Ger\u00e7e\u011fin kurguyla bulu\u015ftu\u011fu heyecan dolu bir ser\u00fcven. Bu kitab\u0131n sayfalar\u0131nda cevaplar\u0131n\u0131 bulabilece\u011finiz baz\u0131 sorular\u2026 Emevilerin T\u00fcrkistan ve Kafkasya\u2019ya ula\u015fmalar\u0131yla M\u00fcsl\u00fcmanlar ile T\u00fcrkler aras\u0131nda neler ya\u015fand\u0131? Hazar<span class=\"excerpt-hellip\"> [\u2026]<\/span><\/p>\n","protected":false},"featured_media":0,"template":"","meta":{"_monsterinsights_skip_tracking":false,"_monsterinsights_sitenote_active":false,"_monsterinsights_sitenote_note":"","_monsterinsights_sitenote_category":0},"product_brand":[],"product_cat":[12291,12745],"product_tag":[],"class_list":{"0":"post-724079","1":"product","2":"type-product","3":"status-publish","5":"product_cat-edebiyat","6":"product_cat-tarihi-roman","7":"pa_cilt-ciltsiz","8":"pa_tur-kitap","9":"pa_yayinevi-yeditepe-yayinevi","10":"pa_yazar-lokman-aydogan","12":"first","13":"instock","14":"sale","15":"shipping-taxable","16":"purchasable","17":"product-type-simple"},"_links":{"self":[{"href":"https:\/\/roveyayinevi.com.tr\/index.php\/wp-json\/wp\/v2\/product\/724079","targetHints":{"allow":["GET"]}}],"collection":[{"href":"https:\/\/roveyayinevi.com.tr\/index.php\/wp-json\/wp\/v2\/product"}],"about":[{"href":"https:\/\/roveyayinevi.com.tr\/index.php\/wp-json\/wp\/v2\/types\/product"}],"wp:attachment":[{"href":"https:\/\/roveyayinevi.com.tr\/index.php\/wp-json\/wp\/v2\/media?parent=724079"}],"wp:term":[{"taxonomy":"product_brand","embeddable":true,"href":"https:\/\/roveyayinevi.com.tr\/index.php\/wp-json\/wp\/v2\/product_brand?post=724079"},{"taxonomy":"product_cat","embeddable":true,"href":"https:\/\/roveyayinevi.com.tr\/index.php\/wp-json\/wp\/v2\/product_cat?post=724079"},{"taxonomy":"product_tag","embeddable":true,"href":"https:\/\/roveyayinevi.com.tr\/index.php\/wp-json\/wp\/v2\/product_tag?post=724079"}],"curies":[{"name":"wp","href":"https:\/\/api.w.org\/{rel}","templated":true}]}}