{"id":724078,"date":"2025-08-27T19:29:12","date_gmt":"2025-08-27T16:29:12","guid":{"rendered":"https:\/\/roveyayinevi.com.tr\/index.php\/urun\/simurgun-kanadi\/"},"modified":"2026-04-16T02:31:55","modified_gmt":"2026-04-15T23:31:55","slug":"simurgun-kanadi","status":"publish","type":"product","link":"https:\/\/roveyayinevi.com.tr\/index.php\/urun\/simurgun-kanadi\/","title":{"rendered":"Simurg\u2019un Kanad\u0131"},"content":{"rendered":"<p>Eski \u00c7a\u011f anlat\u0131lar\u0131nda yer alan mitolojik kahramanlar\u0131n, varl\u0131klar\u0131n, motiflerin veya imgelerin T\u00fcrk\u00e7e anlat\u0131 gelene\u011finde s\u00fcregelen izleri bug\u00fcn h\u00e2l\u00e2 ke\u015ffedilmeyi bekleyen disiplinleraras\u0131 bir ara\u015ft\u0131rma konusudur. G\u00f6n\u00fcl Tekin, her biri u\u00e7suz bucaks\u0131z yeni ufuklar a\u00e7an kitaplar\u0131nda, makalelerinde, konferanslar\u0131nda ve s\u00f6yle\u015filerinde bu konuyu b\u00fcy\u00fck bir itina ile i\u015flemekte ve bug\u00fcn art\u0131k kendi d\u00fcnyam\u0131z\u0131n bir par\u00e7as\u0131 olmayan, anlamadan okudu\u011fumuz, ve hatta \u00e7o\u011funlukla anlamadan yorumlamaya \u00e7al\u0131\u015ft\u0131\u011f\u0131m\u0131z, eski devirlerin d\u00fc\u015f\u00fcnce ve hay\u00e2l d\u00fcnyas\u0131yla \u015fekillenmi\u015f eserleri bizlere anla\u015f\u0131l\u0131r k\u0131lmaktad\u0131r. S\u00eemurg\u2019un Kanad\u0131 ad\u0131n\u0131 ta\u015f\u0131yan elinizdeki ikinci kitap, G\u00f6n\u00fcl Tekin\u2019in Yak\u0131n Do\u011fu mitolojilerine g\u00f6ndermelerle \u00e7\u00f6z\u00fcmledi\u011fi T\u00fcrk\u00e7e eserlere dair yetkin tespit ve de\u011ferlendirmelerini t\u00fcm okurlar\u0131yla ve kendisinin konferans ve s\u00f6yle\u015filerini medya arac\u0131l\u0131\u011f\u0131yla takip eden sevenleriyle bulu\u015fturmak \u00fczere haz\u0131rlanm\u0131\u015ft\u0131r.<\/p>\n","protected":false},"excerpt":{"rendered":"<p>Eski \u00c7a\u011f anlat\u0131lar\u0131nda yer alan mitolojik kahramanlar\u0131n, varl\u0131klar\u0131n, motiflerin veya imgelerin T\u00fcrk\u00e7e anlat\u0131 gelene\u011finde s\u00fcregelen izleri bug\u00fcn h\u00e2l\u00e2 ke\u015ffedilmeyi bekleyen disiplinleraras\u0131 bir ara\u015ft\u0131rma konusudur. G\u00f6n\u00fcl Tekin,<span class=\"excerpt-hellip\"> [\u2026]<\/span><\/p>\n","protected":false},"featured_media":0,"template":"","meta":{"_monsterinsights_skip_tracking":false,"_monsterinsights_sitenote_active":false,"_monsterinsights_sitenote_note":"","_monsterinsights_sitenote_category":0},"product_brand":[],"product_cat":[13072,12291],"product_tag":[],"class_list":{"0":"post-724078","1":"product","2":"type-product","3":"status-publish","5":"product_cat-arastirma-inceleme-referans","6":"product_cat-edebiyat","7":"pa_cilt-ciltsiz","8":"pa_tur-kitap","9":"pa_yayinevi-yeditepe-yayinevi","10":"pa_yazar-gonul-alpay-tekin","12":"first","13":"instock","14":"sale","15":"shipping-taxable","16":"purchasable","17":"product-type-simple"},"_links":{"self":[{"href":"https:\/\/roveyayinevi.com.tr\/index.php\/wp-json\/wp\/v2\/product\/724078","targetHints":{"allow":["GET"]}}],"collection":[{"href":"https:\/\/roveyayinevi.com.tr\/index.php\/wp-json\/wp\/v2\/product"}],"about":[{"href":"https:\/\/roveyayinevi.com.tr\/index.php\/wp-json\/wp\/v2\/types\/product"}],"wp:attachment":[{"href":"https:\/\/roveyayinevi.com.tr\/index.php\/wp-json\/wp\/v2\/media?parent=724078"}],"wp:term":[{"taxonomy":"product_brand","embeddable":true,"href":"https:\/\/roveyayinevi.com.tr\/index.php\/wp-json\/wp\/v2\/product_brand?post=724078"},{"taxonomy":"product_cat","embeddable":true,"href":"https:\/\/roveyayinevi.com.tr\/index.php\/wp-json\/wp\/v2\/product_cat?post=724078"},{"taxonomy":"product_tag","embeddable":true,"href":"https:\/\/roveyayinevi.com.tr\/index.php\/wp-json\/wp\/v2\/product_tag?post=724078"}],"curies":[{"name":"wp","href":"https:\/\/api.w.org\/{rel}","templated":true}]}}