{"id":724075,"date":"2025-08-27T19:29:10","date_gmt":"2025-08-27T16:29:10","guid":{"rendered":"https:\/\/roveyayinevi.com.tr\/index.php\/urun\/karantina-2\/"},"modified":"2026-04-16T02:31:55","modified_gmt":"2026-04-15T23:31:55","slug":"karantina-2","status":"publish","type":"product","link":"https:\/\/roveyayinevi.com.tr\/index.php\/urun\/karantina-2\/","title":{"rendered":"Karantina"},"content":{"rendered":"<p>\u00e7ak\u0131l\u0131p kalm\u0131\u015f g\u00f6\u00e7 cocuklar\u0131n\u0131n geldim gittim ruhlar\u0131na g\u00f6zetleme deli\u011fini kap\u0131n\u0131n bantlayan hi\u00e7\u2019e&#8230;             annemin anne \u00f6zlemi s\u00fct\u00fcyle a\u011fbimin g\u00f6zlerine   g\u00f6zlerine g\u00f6zlerine g\u00f6zlerine&#8230; <\/p>\n","protected":false},"excerpt":{"rendered":"<p>\u00e7ak\u0131l\u0131p kalm\u0131\u015f g\u00f6\u00e7 cocuklar\u0131n\u0131n geldim gittim ruhlar\u0131na g\u00f6zetleme deli\u011fini kap\u0131n\u0131n bantlayan hi\u00e7\u2019e&#8230; annemin anne \u00f6zlemi s\u00fct\u00fcyle a\u011fbimin g\u00f6zlerine g\u00f6zlerine g\u00f6zlerine g\u00f6zlerine&#8230;<\/p>\n","protected":false},"featured_media":0,"template":"","meta":{"_monsterinsights_skip_tracking":false,"_monsterinsights_sitenote_active":false,"_monsterinsights_sitenote_note":"","_monsterinsights_sitenote_category":0},"product_brand":[],"product_cat":[12291,12509],"product_tag":[],"class_list":{"0":"post-724075","1":"product","2":"type-product","3":"status-publish","5":"product_cat-edebiyat","6":"product_cat-siir","7":"pa_cilt-ciltsiz","8":"pa_tur-kitap","9":"pa_yayinevi-medakitap-yayinlari","10":"pa_yazar-ozer-aykut","12":"first","13":"instock","14":"sale","15":"shipping-taxable","16":"purchasable","17":"product-type-simple"},"_links":{"self":[{"href":"https:\/\/roveyayinevi.com.tr\/index.php\/wp-json\/wp\/v2\/product\/724075","targetHints":{"allow":["GET"]}}],"collection":[{"href":"https:\/\/roveyayinevi.com.tr\/index.php\/wp-json\/wp\/v2\/product"}],"about":[{"href":"https:\/\/roveyayinevi.com.tr\/index.php\/wp-json\/wp\/v2\/types\/product"}],"wp:attachment":[{"href":"https:\/\/roveyayinevi.com.tr\/index.php\/wp-json\/wp\/v2\/media?parent=724075"}],"wp:term":[{"taxonomy":"product_brand","embeddable":true,"href":"https:\/\/roveyayinevi.com.tr\/index.php\/wp-json\/wp\/v2\/product_brand?post=724075"},{"taxonomy":"product_cat","embeddable":true,"href":"https:\/\/roveyayinevi.com.tr\/index.php\/wp-json\/wp\/v2\/product_cat?post=724075"},{"taxonomy":"product_tag","embeddable":true,"href":"https:\/\/roveyayinevi.com.tr\/index.php\/wp-json\/wp\/v2\/product_tag?post=724075"}],"curies":[{"name":"wp","href":"https:\/\/api.w.org\/{rel}","templated":true}]}}