{"id":724074,"date":"2025-08-27T19:29:09","date_gmt":"2025-08-27T16:29:09","guid":{"rendered":"https:\/\/roveyayinevi.com.tr\/index.php\/urun\/tutsakya\/"},"modified":"2025-12-30T10:30:26","modified_gmt":"2025-12-30T07:30:26","slug":"tutsakya","status":"publish","type":"product","link":"https:\/\/roveyayinevi.com.tr\/index.php\/urun\/tutsakya\/","title":{"rendered":"Tutsakya"},"content":{"rendered":"<p>\u015eiirin tahribat\u0131 da \u015fefkati de kudretli olur. Geni\u015f kitleleri uzun yaz\u0131larla aya\u011fa kald\u0131ramazs\u0131n\u0131z. \u0130nsanlar, yaz\u0131k ki uzun metinleri okurken \u00e7abuk s\u0131k\u0131l\u0131yor. Bir k\u0131v\u0131lc\u0131m, bir hareket, bir heyecan i\u00e7in \u015fiirin toplum \u00fcst\u00fcnde \u2018mar\u015f motoru\u2019 g\u00f6revi var. Bu nedenledir ki, uysal olmayan \u015fiir iktidarlarca sak\u0131ncal\u0131 bulunmu\u015f, \u015fairler de hapishanelerde &#8216;misafir&#8217; edilmi\u015flerdir. Karanl\u0131k, \u015fiirden hep korkmu\u015ftur.   \u015eiir, bir \u00e7oban\u0131n \u0131sl\u0131\u011f\u0131na, bir annenin t\u00fcrk\u00fcs\u00fcne, bir gen\u00e7 k\u0131z\u0131n defterine, bir yazar\u0131n kitab\u0131na, bir mermer an\u0131t\u0131n \u00fczerine, da\u011fa, ta\u015fa, topra\u011fa, k\u0131saca her yere kolayca riayet edebilir. Bu kudretli tesir \u00f6yle cand\u0131r ki bir devrime, bir silkini\u015fe, bir uyan\u0131\u015fa yol veren en samimi dirili\u015flere de yak\u0131t olabilir.   \u015eiir \u00e2\u015f\u0131k ruhun do\u011fas\u0131ndan s\u0131z\u0131p gelir. Bir a\u011fac\u0131n \u00f6z\u00fc, r\u00fczg\u00e2r\u0131n sesi gibi do\u011fal bir sonu\u00e7tur bu. \u015eiir, yeri geldi\u011finde \u00e7i\u00e7ek a\u00e7mam\u0131za, yeri geldi\u011finde ise \u00fczerimizi \u00f6rten kal\u0131n bir palto gibi i\u00e7imizin \u0131s\u0131nmas\u0131na vesile olur. Bu sebeple ben, \u015fiirimi halk i\u00e7in ve halk\u0131n i\u00e7inden yaz\u0131yorum. Dilerim, \u015fiirim de halk\u0131m ve vatan\u0131m gibi uzun \u00f6m\u00fcrl\u00fc olur. <\/p>\n","protected":false},"excerpt":{"rendered":"<p>\u015eiirin tahribat\u0131 da \u015fefkati de kudretli olur. Geni\u015f kitleleri uzun yaz\u0131larla aya\u011fa kald\u0131ramazs\u0131n\u0131z. \u0130nsanlar, yaz\u0131k ki uzun metinleri okurken \u00e7abuk s\u0131k\u0131l\u0131yor. Bir k\u0131v\u0131lc\u0131m, bir hareket, bir<span class=\"excerpt-hellip\"> [\u2026]<\/span><\/p>\n","protected":false},"featured_media":0,"template":"","meta":{"_monsterinsights_skip_tracking":false,"_monsterinsights_sitenote_active":false,"_monsterinsights_sitenote_note":"","_monsterinsights_sitenote_category":0},"product_brand":[],"product_cat":[12291,12509],"product_tag":[],"class_list":{"0":"post-724074","1":"product","2":"type-product","3":"status-publish","5":"product_cat-edebiyat","6":"product_cat-siir","7":"pa_cilt-ciltsiz","8":"pa_tur-kitap","9":"pa_yayinevi-medakitap-yayinlari","10":"pa_yazar-kerem-sahinboy","12":"first","13":"instock","14":"sale","15":"shipping-taxable","16":"purchasable","17":"product-type-simple"},"_links":{"self":[{"href":"https:\/\/roveyayinevi.com.tr\/index.php\/wp-json\/wp\/v2\/product\/724074","targetHints":{"allow":["GET"]}}],"collection":[{"href":"https:\/\/roveyayinevi.com.tr\/index.php\/wp-json\/wp\/v2\/product"}],"about":[{"href":"https:\/\/roveyayinevi.com.tr\/index.php\/wp-json\/wp\/v2\/types\/product"}],"wp:attachment":[{"href":"https:\/\/roveyayinevi.com.tr\/index.php\/wp-json\/wp\/v2\/media?parent=724074"}],"wp:term":[{"taxonomy":"product_brand","embeddable":true,"href":"https:\/\/roveyayinevi.com.tr\/index.php\/wp-json\/wp\/v2\/product_brand?post=724074"},{"taxonomy":"product_cat","embeddable":true,"href":"https:\/\/roveyayinevi.com.tr\/index.php\/wp-json\/wp\/v2\/product_cat?post=724074"},{"taxonomy":"product_tag","embeddable":true,"href":"https:\/\/roveyayinevi.com.tr\/index.php\/wp-json\/wp\/v2\/product_tag?post=724074"}],"curies":[{"name":"wp","href":"https:\/\/api.w.org\/{rel}","templated":true}]}}