{"id":724073,"date":"2025-08-27T19:29:08","date_gmt":"2025-08-27T16:29:08","guid":{"rendered":"https:\/\/roveyayinevi.com.tr\/index.php\/urun\/yeryuzu-esigi\/"},"modified":"2026-04-16T02:31:55","modified_gmt":"2026-04-15T23:31:55","slug":"yeryuzu-esigi","status":"publish","type":"product","link":"https:\/\/roveyayinevi.com.tr\/index.php\/urun\/yeryuzu-esigi\/","title":{"rendered":"Yery\u00fcz\u00fc E\u015fi\u011fi"},"content":{"rendered":"<p>vadide, ta\u015flardan ba\u015fka bir \u015fey yok kalbimizdeki r\u00fczgardan ba\u015fka, g\u00fcm\u00fc\u015f patikalara kurumu\u015f erguvan tarlalar\u0131na d\u00fc\u015fen solgun \u0131\u015f\u0131klardan ba\u015fka   g\u00f6\u011f\u00fcn \u015femsiyesi korkun\u00e7 bir z\u0131rhla kapl\u0131 suyunu yitirmi\u015f h\u00fccreler d\u00fc\u015f\u00fcyor bilgi s\u00f6zl\u00fc\u011f\u00fcnden pasl\u0131 bir makina gibi \u00f6t\u00fcyor hayat eski g\u00fcne kay\u0131tl\u0131 bu evde \u00f6l\u00fcler \u015fehrini kurarken mermerciler biliyorum kar\u015f\u0131l\u0131\u011f\u0131 yok enfeksiyonlu bir yaradan ibaretiz ve yetmeyecek kurutmaya d\u00fcnyan\u0131n tuzu <\/p>\n","protected":false},"excerpt":{"rendered":"<p>vadide, ta\u015flardan ba\u015fka bir \u015fey yok kalbimizdeki r\u00fczgardan ba\u015fka, g\u00fcm\u00fc\u015f patikalara kurumu\u015f erguvan tarlalar\u0131na d\u00fc\u015fen solgun \u0131\u015f\u0131klardan ba\u015fka g\u00f6\u011f\u00fcn \u015femsiyesi korkun\u00e7 bir z\u0131rhla kapl\u0131 suyunu yitirmi\u015f<span class=\"excerpt-hellip\"> [\u2026]<\/span><\/p>\n","protected":false},"featured_media":0,"template":"","meta":{"_monsterinsights_skip_tracking":false,"_monsterinsights_sitenote_active":false,"_monsterinsights_sitenote_note":"","_monsterinsights_sitenote_category":0},"product_brand":[],"product_cat":[12291,12509],"product_tag":[],"class_list":{"0":"post-724073","1":"product","2":"type-product","3":"status-publish","5":"product_cat-edebiyat","6":"product_cat-siir","7":"pa_cilt-ciltsiz","8":"pa_tur-kitap","9":"pa_yayinevi-medakitap-yayinlari","10":"pa_yazar-aydanur-sarac","12":"first","13":"instock","14":"sale","15":"shipping-taxable","16":"purchasable","17":"product-type-simple"},"_links":{"self":[{"href":"https:\/\/roveyayinevi.com.tr\/index.php\/wp-json\/wp\/v2\/product\/724073","targetHints":{"allow":["GET"]}}],"collection":[{"href":"https:\/\/roveyayinevi.com.tr\/index.php\/wp-json\/wp\/v2\/product"}],"about":[{"href":"https:\/\/roveyayinevi.com.tr\/index.php\/wp-json\/wp\/v2\/types\/product"}],"wp:attachment":[{"href":"https:\/\/roveyayinevi.com.tr\/index.php\/wp-json\/wp\/v2\/media?parent=724073"}],"wp:term":[{"taxonomy":"product_brand","embeddable":true,"href":"https:\/\/roveyayinevi.com.tr\/index.php\/wp-json\/wp\/v2\/product_brand?post=724073"},{"taxonomy":"product_cat","embeddable":true,"href":"https:\/\/roveyayinevi.com.tr\/index.php\/wp-json\/wp\/v2\/product_cat?post=724073"},{"taxonomy":"product_tag","embeddable":true,"href":"https:\/\/roveyayinevi.com.tr\/index.php\/wp-json\/wp\/v2\/product_tag?post=724073"}],"curies":[{"name":"wp","href":"https:\/\/api.w.org\/{rel}","templated":true}]}}